{"id":44221,"date":"2021-08-03T22:52:29","date_gmt":"2021-08-03T20:52:29","guid":{"rendered":"https:\/\/www.quotenbulle.de\/?page_id=44221"},"modified":"2021-08-03T23:01:50","modified_gmt":"2021-08-03T21:01:50","slug":"silver-level","status":"publish","type":"page","link":"https:\/\/www.quotenbulle.de\/en\/membership\/silver-level\/","title":{"rendered":"Silver Level"},"content":{"rendered":"<div id=\"pl-44221\"  class=\"panel-layout\" ><div id=\"pg-44221-0\"  class=\"panel-grid panel-has-style\" ><div class=\"panel-row-style panel-row-style-for-44221-0\" ><div id=\"pgc-44221-0-0\"  class=\"panel-grid-cell\" ><div id=\"panel-44221-0-0-0\" class=\"widget_text so-panel widget widget_custom_html panel-first-child panel-last-child\" data-index=\"0\" ><div class=\"textwidget custom-html-widget\"><div class=\"single_plan\"><div id=\"rpt_pricr\" class=\"rpt_plans rpt_3_plans rpt_style_basic\"><div class=\"\"><div class=\"rpt_plan   rpt_plan_0  \"><div style=\"text-align:left;\" class=\"rpt_title rpt_title_0\">Silver Level<\/div><div class=\"rpt_head rpt_head_0\"><div class=\"rpt_recurrence rpt_recurrence_0\">per month<\/div><div class=\"rpt_price rpt_price_0\"><sup class=\"rpt_currency\"><\/sup>24 \u20ac<\/div><div style=\"color:#16a086;\" class=\"rpt_subprice rpt_subprice_0\">monthly payment: 24 \u20ac<\/div><div style=\"color:#16a086;\" class=\"rpt_subtitle rpt_subtitle_0\">Full flexibility<\/div><div class=\"rpt_description rpt_description_0\">With the silver level you get full access to the Quotenbulle. The membership can be canceled monthly, so you retain full flexibility. <\/div><\/div><div class=\"rpt_features rpt_features_0\"><div style=\"color:black;\" class=\"rpt_feature rpt_feature_0-0\">Unlimited access\r<\/div><div style=\"color:black;\" class=\"rpt_feature rpt_feature_0-1\">Terminable monthly\r<\/div><div style=\"color:black;\" class=\"rpt_feature rpt_feature_0-2\">more than 50 bonus runs\r<\/div><div style=\"color:black;\" class=\"rpt_feature rpt_feature_0-3\">Full partner provision\r<\/div><div style=\"color:black;\" class=\"rpt_feature rpt_feature_0-4\">No savings<\/div><\/div><a target=\"_self\" href=\"\/en\/membership\/silver-level\/\" style=\"background:#16a086\" class=\"rpt_foot rpt_foot_0\" rel=\"noopener\">Buy now<\/a><\/div><div class=\"rpt_plan   rpt_plan_1  \"><div style=\"text-align:left;\" class=\"rpt_title rpt_title_1\">Gold Level<\/div><div class=\"rpt_head rpt_head_1\"><div class=\"rpt_recurrence rpt_recurrence_1\">per month<\/div><div class=\"rpt_price rpt_price_1\"><sup class=\"rpt_currency\"><\/sup>22 \u20ac<\/div><div style=\"color:#f39c11;\" class=\"rpt_subprice rpt_subprice_1\">quarterly payment: 66 \u20ac<\/div><div style=\"color:#f39c11;\" class=\"rpt_subtitle rpt_subtitle_1\">Money saver welcome<\/div><div class=\"rpt_description rpt_description_1\">With Gold status you not only get full access to the Quotenbulle, but you also save over 8%. A good choice for everyone!<\/div><\/div><div class=\"rpt_features rpt_features_1\"><div style=\"color:black;\" class=\"rpt_feature rpt_feature_1-0\">Unlimited access\r<\/div><div style=\"color:black;\" class=\"rpt_feature rpt_feature_1-1\">Terminable quarterly\r<\/div><div style=\"color:black;\" class=\"rpt_feature rpt_feature_1-2\">More than 50 bonus runs\r<\/div><div style=\"color:black;\" class=\"rpt_feature rpt_feature_1-3\">Full partner provision\r<\/div><div style=\"color:black;\" class=\"rpt_feature rpt_feature_1-4\">More than 8% savings<\/div><\/div><a target=\"_self\" href=\"\/en\/membership\/gold-level\/\" style=\"background:#f39c11\" class=\"rpt_foot rpt_foot_1\" rel=\"noopener\">Buy now<\/a><\/div><div class=\"rpt_plan   rpt_plan_2  \"><div style=\"text-align:left;\" class=\"rpt_title rpt_title_2\">Diamond Level<\/div><div class=\"rpt_head rpt_head_2\"><div class=\"rpt_recurrence rpt_recurrence_2\">per month<\/div><div class=\"rpt_price rpt_price_2\"><sup class=\"rpt_currency\"><\/sup>20 \u20ac<\/div><div style=\"color:#8b3d92;\" class=\"rpt_subprice rpt_subprice_2\">annual payment: 240 \u20ac<\/div><div style=\"color:#8b3d92;\" class=\"rpt_subtitle rpt_subtitle_2\">Loyalty is rewarded<\/div><div class=\"rpt_description rpt_description_2\">More is not possible! The most loyal members of the Quotenbulle also save the most! Pay once, a whole year carefree.<\/div><\/div><div class=\"rpt_features rpt_features_2\"><div style=\"color:black;\" class=\"rpt_feature rpt_feature_2-0\">Unlimited access\r<\/div><div style=\"color:black;\" class=\"rpt_feature rpt_feature_2-1\">Terminable yearly\r<\/div><div style=\"color:black;\" class=\"rpt_feature rpt_feature_2-2\">more than 50 bonus runs\r<\/div><div style=\"color:black;\" class=\"rpt_feature rpt_feature_2-3\">Full partner provision\r<\/div><div style=\"color:black;\" class=\"rpt_feature rpt_feature_2-4\">More than 16% savings<\/div><\/div><a target=\"_self\" href=\"\/en\/membership\/diamond-level\/\" style=\"background:#8b3d92\" class=\"rpt_foot rpt_foot_2\" rel=\"noopener\">Buy now<\/a><\/div><\/div><\/div><div style=\"clear:both;\"><\/div>\t<\/div><\/div><\/div><\/div><div id=\"pgc-44221-0-1\"  class=\"panel-grid-cell\" ><form name=\"loginform\" id=\"loginform\" action=\"https:\/\/www.quotenbulle.de\/wp-login.php\" method=\"post\"><p class=\"login-username\">\n\t\t\t\t<label for=\"user_login\">Username or Email Address<\/label>\n\t\t\t\t<input type=\"text\" name=\"log\" id=\"user_login\" autocomplete=\"username\" class=\"input\" value=\"\" size=\"20\" \/>\n\t\t\t<\/p><p class=\"login-password\">\n\t\t\t\t<label for=\"user_pass\">Password<\/label>\n\t\t\t\t<input type=\"password\" name=\"pwd\" id=\"user_pass\" autocomplete=\"current-password\" spellcheck=\"false\" class=\"input\" value=\"\" size=\"20\" \/>\n\t\t\t<\/p><p class=\"login-remember\"><label><input name=\"rememberme\" type=\"checkbox\" id=\"rememberme\" value=\"forever\" \/> Remember Me<\/label><\/p><p class=\"login-submit\">\n\t\t\t\t<input type=\"submit\" name=\"wp-submit\" id=\"wp-submit\" class=\"button button-primary\" value=\"Log In\" \/>\n\t\t\t\t<input type=\"hidden\" name=\"redirect_to\" value=\"\/en\/membership\/silver-level\/\" \/>\n\t\t\t<\/p><\/form><p style=\"color:#333; clear:both; margin-bottom: 0.5em\">You don't have a free account yet? <a style=\"color:#333\" href=\"\/en\/register\/\"><b>Register now<\/b><\/a><\/p>\n<p style=\"color:#333; clear:both\">Forgotten password? <a style=\"color:#333\" href=\"\/wp-login.php?action=lostpassword\"><b>Reset password<\/b><\/a><\/p>\n<div id=\"panel-44221-0-1-0\" class=\"widget_text so-panel widget widget_custom_html panel-first-child panel-last-child\" data-index=\"1\" ><div class=\"widget_text panel-widget-style panel-widget-style-for-44221-0-1-0\" ><div class=\"textwidget custom-html-widget\"><style>\n\tinput:focus {\n\t\toutline: none !important;\n\t}\n\t.single_plan .rpt_plan_1, .single_plan .rpt_plan_2 {\n\t\tdisplay:none;\n\t}\n\t.rpt_plan_0, .rpt_plan_1, .rpt_plan_2 {\n    width: 100% !important;\n    float: none !important;\n\t}\n\n\t.rpt_plan_0 a {\n\t\tfont-size: 0 !important;\n\t}\n\n\t.rpt_plan_0 a:after {\n\t\tcontent: 'Selected';\n\t\tfont-size: 20px;\n\t}\n\t#paypal_container input {\n\t\t max-width:100%;\n\t}\n\t.data_table_1 {\n\t\ttable-layout:fixed;\n\t}\n\t.data_table_1 .paragraph_shine {\n\t\toverflow: hidden;\n    white-space: nowrap;\n    text-overflow: ellipsis;\n\t}\n\n\n\t@media(max-width: 1000px) {\n\t\t.data_table_cell {\n\t\t\tdisplay: inline-block !important;\n\t\t\twidth: 100% !important;\n\t\t\tmargin: auto !important;\n\t\t}\n\t\t.data_table_row {\n\t\t\tdisplay: inline-block !important;\n\t\t\twidth: 100% !important;\n\t\t\tmargin: auto !important;\n\t\t}\n\t\t.data_table_1 {\n\t\t\tdisplay: inline-block !important;\n\t\t\twidth: 100% !important;\n\t\t\tmargin: auto !important;\n\t\t}\n\t}\n\n\t@media only screen and (max-width: 780px){\n\t.rpt_style_basic .rpt_plan .rpt_foot {\n    font-size: 0px !important;\n\t}\n\t.rpt_plans .rpt_plan {\n\t\twidth: 350px !important;\n\t\tmargin-left: calc(50% - 175px) !important;\n    margin-right: calc(50% - 175px) !important;\n\t}\n}\n<\/style>\n\n\n\n\n<\/div><\/div><\/div><\/div><\/div><\/div><\/div>","protected":false},"excerpt":{"rendered":"Silver Levelper month24 \u20acmonthly payment: 24 \u20acFull flexibilityWith the silver level you get full access to the Quotenbulle. The membership can be canceled monthly, so you retain full flexibility. Unlimited access Terminable monthly more than 50 bonus runs Full partner provision No savingsBuy nowGold Levelper month22 \u20acquarterly payment: 66 \u20acMoney saver welcomeWith Gold status you not only get full access to the Quotenbulle, but you also save over 8%. A good choice for everyone!Unlimited access Terminable quarterly More than 50&hellip;","protected":false},"author":42,"featured_media":0,"parent":42909,"menu_order":0,"comment_status":"closed","ping_status":"closed","template":"","meta":{"footnotes":""},"yoast_head":"<!-- This site is optimized with the Yoast SEO plugin v22.5 - https:\/\/yoast.com\/wordpress\/plugins\/seo\/ -->\n<title>Silber Level - Quotenbulle<\/title>\n<meta name=\"description\" content=\"Mit dem Silber Level triffst du als Anf\u00e4nger die richtige Wahl. Du hast sofort vollen Zugang auf s\u00e4mtliche Inhalte und Tools, bist aber maximal flexibel und kannst monatlich k\u00fcndigen.\" \/>\n<meta name=\"robots\" content=\"index, follow, max-snippet:-1, max-image-preview:large, max-video-preview:-1\" \/>\n<link rel=\"canonical\" href=\"https:\/\/www.quotenbulle.de\/en\/membership\/silver-level\/\" \/>\n<meta property=\"og:locale\" content=\"en_US\" \/>\n<meta property=\"og:type\" content=\"article\" \/>\n<meta property=\"og:title\" content=\"Silber Level - Quotenbulle\" \/>\n<meta property=\"og:description\" content=\"Mit dem Silber Level triffst du als Anf\u00e4nger die richtige Wahl. Du hast sofort vollen Zugang auf s\u00e4mtliche Inhalte und Tools, bist aber maximal flexibel und kannst monatlich k\u00fcndigen.\" \/>\n<meta property=\"og:url\" content=\"https:\/\/www.quotenbulle.de\/en\/membership\/silver-level\/\" \/>\n<meta property=\"og:site_name\" content=\"Quotenbulle\" \/>\n<meta property=\"article:publisher\" content=\"https:\/\/www.facebook.com\/quotenbulle\/\" \/>\n<meta property=\"article:modified_time\" content=\"2021-08-03T21:01:50+00:00\" \/>\n<meta property=\"og:image\" content=\"https:\/\/www.quotenbulle.de\/wp-content\/uploads\/logo_banner_450.png\" \/>\n\t<meta property=\"og:image:width\" content=\"1\" \/>\n\t<meta property=\"og:image:height\" content=\"1\" \/>\n\t<meta property=\"og:image:type\" content=\"image\/png\" \/>\n<script type=\"application\/ld+json\" class=\"yoast-schema-graph\">{\"@context\":\"https:\/\/schema.org\",\"@graph\":[{\"@type\":\"WebPage\",\"@id\":\"https:\/\/www.quotenbulle.de\/en\/membership\/silver-level\/\",\"url\":\"https:\/\/www.quotenbulle.de\/en\/membership\/silver-level\/\",\"name\":\"Silber Level - Quotenbulle\",\"isPartOf\":{\"@id\":\"https:\/\/www.quotenbulle.de\/en\/#website\"},\"datePublished\":\"2021-08-03T20:52:29+00:00\",\"dateModified\":\"2021-08-03T21:01:50+00:00\",\"description\":\"Mit dem Silber Level triffst du als Anf\u00e4nger die richtige Wahl. Du hast sofort vollen Zugang auf s\u00e4mtliche Inhalte und Tools, bist aber maximal flexibel und kannst monatlich k\u00fcndigen.\",\"breadcrumb\":{\"@id\":\"https:\/\/www.quotenbulle.de\/en\/membership\/silver-level\/#breadcrumb\"},\"inLanguage\":\"en-US\",\"potentialAction\":[{\"@type\":\"ReadAction\",\"target\":[\"https:\/\/www.quotenbulle.de\/en\/membership\/silver-level\/\"]}]},{\"@type\":\"BreadcrumbList\",\"@id\":\"https:\/\/www.quotenbulle.de\/en\/membership\/silver-level\/#breadcrumb\",\"itemListElement\":[{\"@type\":\"ListItem\",\"position\":1,\"name\":\"Startseite\",\"item\":\"https:\/\/www.quotenbulle.de\/en\/\"},{\"@type\":\"ListItem\",\"position\":2,\"name\":\"Membership\",\"item\":\"https:\/\/www.quotenbulle.de\/en\/membership\/\"},{\"@type\":\"ListItem\",\"position\":3,\"name\":\"Silver Level\"}]},{\"@type\":\"WebSite\",\"@id\":\"https:\/\/www.quotenbulle.de\/en\/#website\",\"url\":\"https:\/\/www.quotenbulle.de\/en\/\",\"name\":\"Quotenbulle\",\"description\":\"Dein Weg zum sicheren Wettgewinn\",\"publisher\":{\"@id\":\"https:\/\/www.quotenbulle.de\/en\/#organization\"},\"potentialAction\":[{\"@type\":\"SearchAction\",\"target\":{\"@type\":\"EntryPoint\",\"urlTemplate\":\"https:\/\/www.quotenbulle.de\/en\/?s={search_term_string}\"},\"query-input\":\"required name=search_term_string\"}],\"inLanguage\":\"en-US\"},{\"@type\":\"Organization\",\"@id\":\"https:\/\/www.quotenbulle.de\/en\/#organization\",\"name\":\"Quotenbulle UG\",\"url\":\"https:\/\/www.quotenbulle.de\/en\/\",\"logo\":{\"@type\":\"ImageObject\",\"inLanguage\":\"en-US\",\"@id\":\"https:\/\/www.quotenbulle.de\/en\/#\/schema\/logo\/image\/\",\"url\":\"https:\/\/www.quotenbulle.de\/wp-content\/uploads\/logo_banner_450.png\",\"contentUrl\":\"https:\/\/www.quotenbulle.de\/wp-content\/uploads\/logo_banner_450.png\",\"width\":1,\"height\":1,\"caption\":\"Quotenbulle UG\"},\"image\":{\"@id\":\"https:\/\/www.quotenbulle.de\/en\/#\/schema\/logo\/image\/\"},\"sameAs\":[\"https:\/\/www.facebook.com\/quotenbulle\/\",\"https:\/\/www.instagram.com\/quotenbulle\/\",\"https:\/\/www.youtube.com\/channel\/UC9ZXt_Tcm7SdNbtkRGBWJ0A\"]}]}<\/script>\n<!-- \/ Yoast SEO plugin. -->","yoast_head_json":{"title":"Silber Level - Quotenbulle","description":"Mit dem Silber Level triffst du als Anf\u00e4nger die richtige Wahl. Du hast sofort vollen Zugang auf s\u00e4mtliche Inhalte und Tools, bist aber maximal flexibel und kannst monatlich k\u00fcndigen.","robots":{"index":"index","follow":"follow","max-snippet":"max-snippet:-1","max-image-preview":"max-image-preview:large","max-video-preview":"max-video-preview:-1"},"canonical":"https:\/\/www.quotenbulle.de\/en\/membership\/silver-level\/","og_locale":"en_US","og_type":"article","og_title":"Silber Level - Quotenbulle","og_description":"Mit dem Silber Level triffst du als Anf\u00e4nger die richtige Wahl. Du hast sofort vollen Zugang auf s\u00e4mtliche Inhalte und Tools, bist aber maximal flexibel und kannst monatlich k\u00fcndigen.","og_url":"https:\/\/www.quotenbulle.de\/en\/membership\/silver-level\/","og_site_name":"Quotenbulle","article_publisher":"https:\/\/www.facebook.com\/quotenbulle\/","article_modified_time":"2021-08-03T21:01:50+00:00","og_image":[{"url":"https:\/\/www.quotenbulle.de\/wp-content\/uploads\/logo_banner_450.png","width":1,"height":1,"type":"image\/png"}],"schema":{"@context":"https:\/\/schema.org","@graph":[{"@type":"WebPage","@id":"https:\/\/www.quotenbulle.de\/en\/membership\/silver-level\/","url":"https:\/\/www.quotenbulle.de\/en\/membership\/silver-level\/","name":"Silber Level - Quotenbulle","isPartOf":{"@id":"https:\/\/www.quotenbulle.de\/en\/#website"},"datePublished":"2021-08-03T20:52:29+00:00","dateModified":"2021-08-03T21:01:50+00:00","description":"Mit dem Silber Level triffst du als Anf\u00e4nger die richtige Wahl. Du hast sofort vollen Zugang auf s\u00e4mtliche Inhalte und Tools, bist aber maximal flexibel und kannst monatlich k\u00fcndigen.","breadcrumb":{"@id":"https:\/\/www.quotenbulle.de\/en\/membership\/silver-level\/#breadcrumb"},"inLanguage":"en-US","potentialAction":[{"@type":"ReadAction","target":["https:\/\/www.quotenbulle.de\/en\/membership\/silver-level\/"]}]},{"@type":"BreadcrumbList","@id":"https:\/\/www.quotenbulle.de\/en\/membership\/silver-level\/#breadcrumb","itemListElement":[{"@type":"ListItem","position":1,"name":"Startseite","item":"https:\/\/www.quotenbulle.de\/en\/"},{"@type":"ListItem","position":2,"name":"Membership","item":"https:\/\/www.quotenbulle.de\/en\/membership\/"},{"@type":"ListItem","position":3,"name":"Silver Level"}]},{"@type":"WebSite","@id":"https:\/\/www.quotenbulle.de\/en\/#website","url":"https:\/\/www.quotenbulle.de\/en\/","name":"Quotenbulle","description":"Dein Weg zum sicheren Wettgewinn","publisher":{"@id":"https:\/\/www.quotenbulle.de\/en\/#organization"},"potentialAction":[{"@type":"SearchAction","target":{"@type":"EntryPoint","urlTemplate":"https:\/\/www.quotenbulle.de\/en\/?s={search_term_string}"},"query-input":"required name=search_term_string"}],"inLanguage":"en-US"},{"@type":"Organization","@id":"https:\/\/www.quotenbulle.de\/en\/#organization","name":"Quotenbulle UG","url":"https:\/\/www.quotenbulle.de\/en\/","logo":{"@type":"ImageObject","inLanguage":"en-US","@id":"https:\/\/www.quotenbulle.de\/en\/#\/schema\/logo\/image\/","url":"https:\/\/www.quotenbulle.de\/wp-content\/uploads\/logo_banner_450.png","contentUrl":"https:\/\/www.quotenbulle.de\/wp-content\/uploads\/logo_banner_450.png","width":1,"height":1,"caption":"Quotenbulle UG"},"image":{"@id":"https:\/\/www.quotenbulle.de\/en\/#\/schema\/logo\/image\/"},"sameAs":["https:\/\/www.facebook.com\/quotenbulle\/","https:\/\/www.instagram.com\/quotenbulle\/","https:\/\/www.youtube.com\/channel\/UC9ZXt_Tcm7SdNbtkRGBWJ0A"]}]}},"_links":{"self":[{"href":"https:\/\/www.quotenbulle.de\/en\/wp-json\/wp\/v2\/pages\/44221"}],"collection":[{"href":"https:\/\/www.quotenbulle.de\/en\/wp-json\/wp\/v2\/pages"}],"about":[{"href":"https:\/\/www.quotenbulle.de\/en\/wp-json\/wp\/v2\/types\/page"}],"author":[{"embeddable":true,"href":"https:\/\/www.quotenbulle.de\/en\/wp-json\/wp\/v2\/users\/42"}],"replies":[{"embeddable":true,"href":"https:\/\/www.quotenbulle.de\/en\/wp-json\/wp\/v2\/comments?post=44221"}],"version-history":[{"count":0,"href":"https:\/\/www.quotenbulle.de\/en\/wp-json\/wp\/v2\/pages\/44221\/revisions"}],"up":[{"embeddable":true,"href":"https:\/\/www.quotenbulle.de\/en\/wp-json\/wp\/v2\/pages\/42909"}],"wp:attachment":[{"href":"https:\/\/www.quotenbulle.de\/en\/wp-json\/wp\/v2\/media?parent=44221"}],"curies":[{"name":"wp","href":"https:\/\/api.w.org\/{rel}","templated":true}]}}