{"id":44705,"date":"2021-08-11T15:30:57","date_gmt":"2021-08-11T13:30:57","guid":{"rendered":"https:\/\/www.quotenbulle.de\/?page_id=44705"},"modified":"2021-08-11T15:49:00","modified_gmt":"2021-08-11T13:49:00","slug":"agb","status":"publish","type":"page","link":"https:\/\/www.quotenbulle.de\/en\/agb\/","title":{"rendered":"T&#038;C"},"content":{"rendered":"<div id=\"pl-44705\"  class=\"panel-layout\" ><div id=\"pg-44705-0\"  class=\"panel-grid panel-no-style\" ><div id=\"pgc-44705-0-0\"  class=\"panel-grid-cell\" ><div id=\"panel-44705-0-0-0\" class=\"widget_text so-panel widget widget_custom_html panel-first-child panel-last-child\" data-index=\"0\" ><div class=\"textwidget custom-html-widget\"><h3>Quotenbulle und diese Erkl\u00e4rung<\/h3> \n<p style=\"margin-bottom: 1.5em; text-align:justify\">Quotenbulle UG (haftungsbeschr\u00e4nkt) ist der Besitzer und Betreiber dieser Webseite www.quotenbulle.de. Mit dieser Vereinbarung werden die Bedingungen zwischen der Quotenbulle UG (haftungsbeschr\u00e4nkt) (\"wir\") und Dir als Besucher und Nutzer dieser Webseite geregelt. Mit dem Besuchen dieser Webseite oder der Registrierung also Bronze, Silber, Gold oder Diamant Mitglied (kostenlos oder kostenpflichtig) erkl\u00e4rst Du dich mit den folgenden Bedingungen einverstanden. Wir behalten uns das Recht vor, die Bedingungen zu \u00e4ndern, unter denen die Website angeboten wird.<\/p> \n<h3>Verweise auf externe Webseiten<\/h3> \n<p style=\"margin-bottom: 1.5em; text-align:justify\">Diese Seite kann Verweise auf externe Webseiten enthalten. Die Inhalte dieser externen Webseiten liegen nicht in unserem Kontrollbereich und wir sind nicht f\u00fcr deren Inhalte verantwortlich, einschlie\u00dflich, aber nicht beschr\u00e4nkt, auf irgendwelche Verweise, die eine externen Webseite enth\u00e4lt.<\/p>\n<h3>Keine gesetzeswidrige oder verbotene Verwendung<\/h3> \n<p style=\"margin-bottom: 0.5em; text-align:justify\">Die Nutzung und Verwendung dieser Webseite und deren Inhalte darf nicht gesetzeswidrig sein oder gegen diese AGBs versto\u00dfen. Du darfst diese Webseite in keiner Art und Weise nutzen, die diese Webseite besch\u00e4digt, deaktiviert, \u00fcberlagert oder in irgendeiner anderen Form beeintr\u00e4chtigen k\u00f6nnte. Du darfst dir keine Daten, Materialien oder Information beschaffen oder versuchen zu beschaffen, die nicht bewusst zur Verf\u00fcgung gestellt wurden oder \u00fcber die Quotenbulle Webseite verf\u00fcgbar sind. <\/p>\n<p style=\"margin-bottom: 0.5em; text-align:justify\">Es ist nicht gestattet, Anmeldedaten an Dritte weiter zu geben. Jeder Zugang zum Quotenbulle darf ausschlie\u00dflich vom K\u00e4ufer selbst genutzt werden. Konten, die gegen diese Bedingungen versto\u00dfen und von mehreren Benutzern genutzt werden, werden umgehend ohne Erstattung von m\u00f6glichen gezahlten Beitr\u00e4gen dauerhaft geschlossen.<\/p>\n<p style=\"margin-bottom: 0.5em; text-align:justify\">Du musst mindestens 18 Jahre alt sein, um auf dieser Webseite ein Konto anlegen oder die Inhalte nutzen zu d\u00fcrfen.<\/p>\n<p style=\"margin-bottom: 1.5em; text-align:justify\">Es ist nicht erlaubt Inhalte der Quotenbulle Webseite zu monetarisieren mit dem Ziel kommerzielle Gewinne zu erzielen.<\/p>\n<h3>Haftung<\/h3>\n<p style=\"margin-bottom: 0.5em; text-align:justify\">Die Benutzung der Quotenbulle Dienstleistungen und jeglicher dazugeh\u00f6riger Software erfolgt auf eigenes Risiko. Es wird keine Gew\u00e4hrleistung f\u00fcr die Inhalte der Quotenbulle Webseite \u00fcbernommen, weder ausdr\u00fccklich noch stillschweigend. Quotenbulle lehnt jede Gew\u00e4hrleistung ab, einschlie\u00dflich aller implizierten Garantien der Marktg\u00e4ngigkeit, Eignung f\u00fcr einen bestimmten Zweck oder Titel. Quotenbulle garantiert nicht, dass die Funktionalit\u00e4t und die Inhalte dieser Webseite ununterbrochen oder fehlerfrei zur Verf\u00fcgung stehen. Auch wird nicht garantiert, dass M\u00e4ngel oder Fehler behoben werden. Quotenbulle \u00fcbernimmt keine Gew\u00e4hr f\u00fcr die Verwendung oder das Ergebnis des Inhalts in Bezug auf Genauigkeit, Zuverl\u00e4ssigkeit oder anderweitig. Der Inhalt kann technische Ungenauigkeiten oder typografische Fehler enthalten und Quotenbulle kann jederzeit \u00c4nderungen oder Verbesserungen vornehmen. Du \u00fcbernimmst s\u00e4mtliche entstehenden Kosten (unter anderem Wartungsarbeiten, Reparaturen oder Korrekturen) f\u00fcr den Fall, dass aus deiner Nutzung dieser Webseite Verluste oder Sch\u00e4den entstehen. Quotenbulle haftet f\u00fcr keinen Schaden, den du durch Nutzung dieser Webseite verursacht hast. Quotenbulle \u00fcbernimmt keine Gew\u00e4hr daf\u00fcr, dass deine Nutzung der Inhalte dieser Webseite nicht gegen die Rechte anderer verst\u00f6\u00dft. Quotenbulle \u00fcbernimmt keine Haftung oder Verantwortung f\u00fcr Fehler oder Auslassungen in solchen Inhalten. Alle Inhalte auf der Quotenbulle Website dienen nur zu Informationszwecken und d\u00fcrfen nicht als Ratschl\u00e4ge angesehen werden.<\/p>\n<p style=\"margin-bottom: 0.5em; text-align:justify\">Du h\u00e4ltst den Quotenbulle auf Verlangen schad- und klaglos und stellst uns von der Haftung f\u00fcr alle Verluste, Forderungen, Anspr\u00fcchen, Sch\u00e4den, Kosten, Aufwendungen (einschlie\u00dflich, aber nicht beschr\u00e4nkt auf, Folgesch\u00e4den und entgangenen Gewinn, angemessene gesetzliche Kosten und Aufwendungen und Mehrwertsteuer) und Verbindlichkeiten, die direkt oder indirekt durch den Schaden infolge einer Verletzung, Nichterf\u00fcllung oder Nichtbeachtung deiner Pflichten oder Garantien im Rahmen dieses Vertrages erlitten oder entstanden sind.<\/p>\n<p style=\"margin-bottom: 0.5em; text-align:justify\">Wir haften dir gegen\u00fcber nicht f\u00fcr unerlaubter Handlung oder anderweitig (einschlie\u00dflich Haftung f\u00fcr Fahrl\u00e4ssigkeit) f\u00fcr Verlust, ob direkt oder indirekt von Gesch\u00e4ften, Einnahmen oder Gewinnen, erwarteten Einsparungen oder verschwendete Ausgaben, Korruption oder Zerst\u00f6rung von Daten oder f\u00fcr indirekte oder Folgesch\u00e4den.<\/p>\n<p style=\"margin-bottom: 0.5em; text-align:justify\">Wir haften nicht f\u00fcr irgendwelche Verluste oder Sch\u00e4den, die du durch h\u00f6here Gewalt erlitten hast (zum Bespiel Stromausfall, Handel oder Arbeitskampf, Handeln, Versagen oder Unterlassung einer Regierung oder Beh\u00f6rde, Behinderung oder Misserfolg von Telekommunikationsdiensten oder Netzwerken oder irgendeine andere Handlung, Unterlassung, Verz\u00f6gerung oder Misserfolg, die durch einen Dritten oder anderweitig au\u00dferhalb unserer Kontrolle verursacht wird.<\/p>\n<p style=\"margin-bottom: 1.5em; text-align:justify\">Weder das Unternehmen noch die Unternehmenspartner noch irgendwelche ihrer Lieferanten, Werbetreibenden oder Sponsoren haften oder werden in Zukunft haften f\u00fcr tats\u00e4chliche, indirekte, zuf\u00e4llige, besondere, Folge-, Straf- oder sonstige Sch\u00e4den, sei es im Rahmen eines Vertrages, einer Fahrl\u00e4ssigkeit, einer strengen Haftung oder anderer Theorie, die sich in irgendeiner Weise auf irgendwelche Firmenstandorte und -materialien oder irgendwelche der darin enthaltenen Inhalte oder irgendwelche Produkte oder Dienstleistungen bezieht, die von der Gesellschaft verwendet oder gekauft werden, einschlie\u00dflich, aber nicht beschr\u00e4nkt auf, verlorenen Umsatz oder Einnahmen, Verlust von Kapital, Schmerzen und Leiden, emotionale Not oder \u00e4hnliche Sch\u00e4den, auch wenn das Unternehmen auf die M\u00f6glichkeit solcher Sch\u00e4den hingewiesen wurde. Die Haftung des Unternehmens f\u00fcr alle Sch\u00e4den, Verluste und Klagegr\u00fcnde, sei es im Vertrag, durch unerlaubter Handlung (einschlie\u00dflich, ohne Einschr\u00e4nkung, Fahrl\u00e4ssigkeit) oder anderweitig, darf den von dir an uns gezahlten Betrag nicht \u00fcbersteigen.<\/p>\n<h3>Urheberrecht<\/h3>\n<p style=\"margin-bottom: 0.5em; text-align:justify\">Du erkl\u00e4rst dich damit einverstanden, dass Material auf dieser Website nicht zu kopieren, umzuschreiben oder zu paraphrasieren, f\u00fcr kommerzielle oder nicht kommerzielle Nutzung, ohne vorherige schriftliche Zustimmung von Quotenbulle. Dazu geh\u00f6ren schriftliche Inhalte, Videos, Design-Layout, Strategien, Listen von Angeboten und alle anderen Materialien auf der Quotenbulle Webseite. Wenn du diese Vereinbarung verletzt, k\u00f6nnen wir deine Mitgliedschaft jederzeit k\u00fcndigen und es wird keine R\u00fcckerstattung oder Entsch\u00e4digung gew\u00e4hrt. Wir werden auch eine einstweilige Verf\u00fcgung anstreben und den vollen Umfang des Gesetzes verfolgen.<\/p>\n<p style=\"margin-bottom: 0.5em; text-align:justify\">Du stimmst zu, dass du in keiner Weise mit irgendeiner anderen Organisation, Firma oder Webseite verbunden oder f\u00fcr diese t\u00e4tig bist, die Dienstleistungen im Zusammenhang mit abgestimmten Wetten anbietet und dass du keine der Informationen im freien oder kostenpflichtigen Mitgliederbereich mit anderen Personen teilst, die mit einer solchen Organisation zusammenarbeiten. Du wirst nicht versuchen, eine Wettbewerber-Website f\u00fcr die gesamte Dauer deiner Mitgliedschaft bei uns und f\u00fcr einen Zeitraum von zw\u00f6lf aufeinander folgenden Monaten danach zu starten.<\/p>\n<p style=\"margin-bottom: 1.5em; text-align:justify\">Du best\u00e4tigst hiermit, dass du in keiner Weise mit irgendeinem Buchmacher, einem Casino, einer Wettb\u00f6rse, einem Spielbetreiber oder einer Organisation, die Eins\u00e4tze jeglicher Art akzeptiert, verbunden oder f\u00fcr diese t\u00e4tig bist, ohne vorherige schriftliche Zustimmung von Quotenbulle. Du versicherst, dass du keine der Informationen im freien oder kostenpflichtigen Mitgliedsbereich mit irgendwelchen anderen Personen teilen wirst, die an einer solchen Organisation beteiligt sein k\u00f6nnten oder auf irgendeine Art und Weise die Informationen f\u00fcr uns oder unsere Mitglieder nachteilig nutzen.<\/p>\n<h3>Verdienstm\u00f6glichkeiten<\/h3>\n<p style=\"margin-bottom: 1.5em; text-align:justify\">Wir bem\u00fchen uns nach Kr\u00e4ften die Verdienstm\u00f6glichkeiten mit abgestimmten Wetten realistisch darzustellen. Einkommens- und Ertragsaussagen, die von Quotenbulle gemacht werden, sind Sch\u00e4tzungen dessen, was du verdienen kannst basierend auf eigenen Versuchsreihen. Es gibt keine Garantie, dass du diese Einkommensniveaus erreichen wirst und du akzeptierst, dass Einkommen und Einkommenserkl\u00e4rungen sich individuell unterscheiden. Die auf dieser Webseite integrierten Beispiele sind nicht als Garantie, Versprechen, repr\u00e4sentative Darstellung und \/ oder Zusicherung zu verstehen. Wir behaupten nicht, dass du mit abgestimmten Wetten reich werden kannst. Wir geben keine Garantien, wie lange abgestimmte Wetten noch m\u00f6glich sein werden oder wie lange du in der Lage sein wirst davon zu profitieren.<\/p>\n<h3>Zahlungen<\/h3>\n<p style=\"margin-bottom: 0.5em; text-align:justify\">Wenn du bei uns eine kostenpflichtige Mitgliedschaft abschlie\u00dft, wird ein automatisches Abonnement \u00fcber deine von dir angegebene Kreditkarte eingerichtet. Die Zahlungsabwicklung erfolgt \u00fcber Stripe. Die Geb\u00fchren werden ja nach Mitgliedschaft monatlich, quartalsweise oder j\u00e4hrlich belastet. Du kannst die Zahlungen jederzeit selbstst\u00e4ndig stoppen, indem du den Punkt \"Mitgliedschaft k\u00fcndigen\" auf deiner Profilseite w\u00e4hlst. Solltest du dabei Probleme haben, steht der Quotenbulle Support zur Verf\u00fcgung.<\/p>\n<p style=\"margin-bottom: 1.5em; text-align:justify\">Innerhalb der ersten 14 Tage deiner Mitgliedschaft (ausschlaggebend ist der Zeitpunkt der Registrierung bei uns) gew\u00e4hren wir eine Erstattung des gezahlten Mitgliedsbeitrags unter der Voraussetzung, dass du unsere Dienstleistungen noch nicht in Anspruch genommen hast. Solltest du unsere Dienstleistungen bereits in Anspruch genommen und Gewinne generiert haben oder schon l\u00e4nger als 14 Tage Mitglied bei Quotenbulle sein, so sind R\u00fcckerstattungen ausgeschlossen. Sollte es zu einer R\u00fcckerstattung kommen, wird dein Konto umgehend abgestuft und du verlierst den Zugang zum gesch\u00fctzten Mitgliederbereich. Desweiteren behalten wir uns vor dein Konto vollst\u00e4ndig zu l\u00f6schen und dich dauerhaft vom Betrieb dieser Webseite auszuschlie\u00dfen.<\/p>\n<\/div><\/div><\/div><\/div><\/div>","protected":false},"excerpt":{"rendered":"Quotenbulle und diese Erkl\u00e4rung Quotenbulle UG (haftungsbeschr\u00e4nkt) ist der Besitzer und Betreiber dieser Webseite www.quotenbulle.de. Mit dieser Vereinbarung werden die Bedingungen zwischen der Quotenbulle UG (haftungsbeschr\u00e4nkt) (&#8220;wir&#8221;) und Dir als Besucher und Nutzer dieser Webseite geregelt. Mit dem Besuchen dieser Webseite oder der Registrierung also Bronze, Silber, Gold oder Diamant Mitglied (kostenlos oder kostenpflichtig) erkl\u00e4rst Du dich mit den folgenden Bedingungen einverstanden. Wir behalten uns das Recht vor, die Bedingungen zu \u00e4ndern, unter denen die Website angeboten wird. Verweise auf&hellip;","protected":false},"author":42,"featured_media":0,"parent":0,"menu_order":0,"comment_status":"closed","ping_status":"closed","template":"","meta":{"footnotes":""},"yoast_head":"<!-- This site is optimized with the Yoast SEO plugin v22.5 - https:\/\/yoast.com\/wordpress\/plugins\/seo\/ -->\n<title>Quotenbulle - Allgemeine Gesch\u00e4ftsbedingungen (AGB)<\/title>\n<meta name=\"description\" content=\"Hier findest Du die AGB des Quotenbulle.\" \/>\n<meta name=\"robots\" content=\"index, follow, max-snippet:-1, max-image-preview:large, max-video-preview:-1\" \/>\n<link rel=\"canonical\" href=\"https:\/\/www.quotenbulle.de\/en\/agb\/\" \/>\n<meta property=\"og:locale\" content=\"en_US\" \/>\n<meta property=\"og:type\" content=\"article\" \/>\n<meta property=\"og:title\" content=\"Quotenbulle - Allgemeine Gesch\u00e4ftsbedingungen (AGB)\" \/>\n<meta property=\"og:description\" content=\"Hier findest Du die AGB des Quotenbulle.\" \/>\n<meta property=\"og:url\" content=\"https:\/\/www.quotenbulle.de\/en\/agb\/\" \/>\n<meta property=\"og:site_name\" content=\"Quotenbulle\" \/>\n<meta property=\"article:publisher\" content=\"https:\/\/www.facebook.com\/quotenbulle\/\" \/>\n<meta property=\"article:modified_time\" content=\"2021-08-11T13:49:00+00:00\" \/>\n<meta property=\"og:image\" content=\"https:\/\/www.quotenbulle.de\/wp-content\/uploads\/logo_banner_450.png\" \/>\n\t<meta property=\"og:image:width\" content=\"1\" \/>\n\t<meta property=\"og:image:height\" content=\"1\" \/>\n\t<meta property=\"og:image:type\" content=\"image\/png\" \/>\n<script type=\"application\/ld+json\" class=\"yoast-schema-graph\">{\"@context\":\"https:\/\/schema.org\",\"@graph\":[{\"@type\":\"WebPage\",\"@id\":\"https:\/\/www.quotenbulle.de\/en\/agb\/\",\"url\":\"https:\/\/www.quotenbulle.de\/en\/agb\/\",\"name\":\"Quotenbulle - Allgemeine Gesch\u00e4ftsbedingungen (AGB)\",\"isPartOf\":{\"@id\":\"https:\/\/www.quotenbulle.de\/en\/#website\"},\"datePublished\":\"2021-08-11T13:30:57+00:00\",\"dateModified\":\"2021-08-11T13:49:00+00:00\",\"description\":\"Hier findest Du die AGB des Quotenbulle.\",\"breadcrumb\":{\"@id\":\"https:\/\/www.quotenbulle.de\/en\/agb\/#breadcrumb\"},\"inLanguage\":\"en-US\",\"potentialAction\":[{\"@type\":\"ReadAction\",\"target\":[\"https:\/\/www.quotenbulle.de\/en\/agb\/\"]}]},{\"@type\":\"BreadcrumbList\",\"@id\":\"https:\/\/www.quotenbulle.de\/en\/agb\/#breadcrumb\",\"itemListElement\":[{\"@type\":\"ListItem\",\"position\":1,\"name\":\"Startseite\",\"item\":\"https:\/\/www.quotenbulle.de\/en\/\"},{\"@type\":\"ListItem\",\"position\":2,\"name\":\"T&#038;C\"}]},{\"@type\":\"WebSite\",\"@id\":\"https:\/\/www.quotenbulle.de\/en\/#website\",\"url\":\"https:\/\/www.quotenbulle.de\/en\/\",\"name\":\"Quotenbulle\",\"description\":\"Dein Weg zum sicheren Wettgewinn\",\"publisher\":{\"@id\":\"https:\/\/www.quotenbulle.de\/en\/#organization\"},\"potentialAction\":[{\"@type\":\"SearchAction\",\"target\":{\"@type\":\"EntryPoint\",\"urlTemplate\":\"https:\/\/www.quotenbulle.de\/en\/?s={search_term_string}\"},\"query-input\":\"required name=search_term_string\"}],\"inLanguage\":\"en-US\"},{\"@type\":\"Organization\",\"@id\":\"https:\/\/www.quotenbulle.de\/en\/#organization\",\"name\":\"Quotenbulle UG\",\"url\":\"https:\/\/www.quotenbulle.de\/en\/\",\"logo\":{\"@type\":\"ImageObject\",\"inLanguage\":\"en-US\",\"@id\":\"https:\/\/www.quotenbulle.de\/en\/#\/schema\/logo\/image\/\",\"url\":\"https:\/\/www.quotenbulle.de\/wp-content\/uploads\/logo_banner_450.png\",\"contentUrl\":\"https:\/\/www.quotenbulle.de\/wp-content\/uploads\/logo_banner_450.png\",\"width\":1,\"height\":1,\"caption\":\"Quotenbulle UG\"},\"image\":{\"@id\":\"https:\/\/www.quotenbulle.de\/en\/#\/schema\/logo\/image\/\"},\"sameAs\":[\"https:\/\/www.facebook.com\/quotenbulle\/\",\"https:\/\/www.instagram.com\/quotenbulle\/\",\"https:\/\/www.youtube.com\/channel\/UC9ZXt_Tcm7SdNbtkRGBWJ0A\"]}]}<\/script>\n<!-- \/ Yoast SEO plugin. -->","yoast_head_json":{"title":"Quotenbulle - Allgemeine Gesch\u00e4ftsbedingungen (AGB)","description":"Hier findest Du die AGB des Quotenbulle.","robots":{"index":"index","follow":"follow","max-snippet":"max-snippet:-1","max-image-preview":"max-image-preview:large","max-video-preview":"max-video-preview:-1"},"canonical":"https:\/\/www.quotenbulle.de\/en\/agb\/","og_locale":"en_US","og_type":"article","og_title":"Quotenbulle - Allgemeine Gesch\u00e4ftsbedingungen (AGB)","og_description":"Hier findest Du die AGB des Quotenbulle.","og_url":"https:\/\/www.quotenbulle.de\/en\/agb\/","og_site_name":"Quotenbulle","article_publisher":"https:\/\/www.facebook.com\/quotenbulle\/","article_modified_time":"2021-08-11T13:49:00+00:00","og_image":[{"url":"https:\/\/www.quotenbulle.de\/wp-content\/uploads\/logo_banner_450.png","width":1,"height":1,"type":"image\/png"}],"schema":{"@context":"https:\/\/schema.org","@graph":[{"@type":"WebPage","@id":"https:\/\/www.quotenbulle.de\/en\/agb\/","url":"https:\/\/www.quotenbulle.de\/en\/agb\/","name":"Quotenbulle - Allgemeine Gesch\u00e4ftsbedingungen (AGB)","isPartOf":{"@id":"https:\/\/www.quotenbulle.de\/en\/#website"},"datePublished":"2021-08-11T13:30:57+00:00","dateModified":"2021-08-11T13:49:00+00:00","description":"Hier findest Du die AGB des Quotenbulle.","breadcrumb":{"@id":"https:\/\/www.quotenbulle.de\/en\/agb\/#breadcrumb"},"inLanguage":"en-US","potentialAction":[{"@type":"ReadAction","target":["https:\/\/www.quotenbulle.de\/en\/agb\/"]}]},{"@type":"BreadcrumbList","@id":"https:\/\/www.quotenbulle.de\/en\/agb\/#breadcrumb","itemListElement":[{"@type":"ListItem","position":1,"name":"Startseite","item":"https:\/\/www.quotenbulle.de\/en\/"},{"@type":"ListItem","position":2,"name":"T&#038;C"}]},{"@type":"WebSite","@id":"https:\/\/www.quotenbulle.de\/en\/#website","url":"https:\/\/www.quotenbulle.de\/en\/","name":"Quotenbulle","description":"Dein Weg zum sicheren Wettgewinn","publisher":{"@id":"https:\/\/www.quotenbulle.de\/en\/#organization"},"potentialAction":[{"@type":"SearchAction","target":{"@type":"EntryPoint","urlTemplate":"https:\/\/www.quotenbulle.de\/en\/?s={search_term_string}"},"query-input":"required name=search_term_string"}],"inLanguage":"en-US"},{"@type":"Organization","@id":"https:\/\/www.quotenbulle.de\/en\/#organization","name":"Quotenbulle UG","url":"https:\/\/www.quotenbulle.de\/en\/","logo":{"@type":"ImageObject","inLanguage":"en-US","@id":"https:\/\/www.quotenbulle.de\/en\/#\/schema\/logo\/image\/","url":"https:\/\/www.quotenbulle.de\/wp-content\/uploads\/logo_banner_450.png","contentUrl":"https:\/\/www.quotenbulle.de\/wp-content\/uploads\/logo_banner_450.png","width":1,"height":1,"caption":"Quotenbulle UG"},"image":{"@id":"https:\/\/www.quotenbulle.de\/en\/#\/schema\/logo\/image\/"},"sameAs":["https:\/\/www.facebook.com\/quotenbulle\/","https:\/\/www.instagram.com\/quotenbulle\/","https:\/\/www.youtube.com\/channel\/UC9ZXt_Tcm7SdNbtkRGBWJ0A"]}]}},"_links":{"self":[{"href":"https:\/\/www.quotenbulle.de\/en\/wp-json\/wp\/v2\/pages\/44705"}],"collection":[{"href":"https:\/\/www.quotenbulle.de\/en\/wp-json\/wp\/v2\/pages"}],"about":[{"href":"https:\/\/www.quotenbulle.de\/en\/wp-json\/wp\/v2\/types\/page"}],"author":[{"embeddable":true,"href":"https:\/\/www.quotenbulle.de\/en\/wp-json\/wp\/v2\/users\/42"}],"replies":[{"embeddable":true,"href":"https:\/\/www.quotenbulle.de\/en\/wp-json\/wp\/v2\/comments?post=44705"}],"version-history":[{"count":0,"href":"https:\/\/www.quotenbulle.de\/en\/wp-json\/wp\/v2\/pages\/44705\/revisions"}],"wp:attachment":[{"href":"https:\/\/www.quotenbulle.de\/en\/wp-json\/wp\/v2\/media?parent=44705"}],"curies":[{"name":"wp","href":"https:\/\/api.w.org\/{rel}","templated":true}]}}