{"id":44717,"date":"2021-08-11T15:35:27","date_gmt":"2021-08-11T13:35:27","guid":{"rendered":"https:\/\/www.quotenbulle.de\/?page_id=44717"},"modified":"2021-08-11T15:52:08","modified_gmt":"2021-08-11T13:52:08","slug":"impressum","status":"publish","type":"page","link":"https:\/\/www.quotenbulle.de\/en\/impressum\/","title":{"rendered":"Imprint"},"content":{"rendered":"<div id=\"pl-44717\"  class=\"panel-layout\" ><div id=\"pg-44717-0\"  class=\"panel-grid panel-no-style\" ><div id=\"pgc-44717-0-0\"  class=\"panel-grid-cell panel-grid-cell-mobile-last\" ><div id=\"panel-44717-0-0-0\" class=\"so-panel widget widget_sow-editor panel-first-child panel-last-child\" data-index=\"0\" ><div\n\t\t\t\n\t\t\tclass=\"so-widget-sow-editor so-widget-sow-editor-base\"\n\t\t\t\n\t\t>\n<div class=\"siteorigin-widget-tinymce textwidget\">\n\t<h1 style=\"color: #333;\">Impressum<\/h1>\n<\/div>\n<\/div><\/div><\/div><div id=\"pgc-44717-0-1\"  class=\"panel-grid-cell panel-grid-cell-empty\" ><\/div><\/div><div id=\"pg-44717-1\"  class=\"panel-grid panel-no-style\" ><div id=\"pgc-44717-1-0\"  class=\"panel-grid-cell\" ><div id=\"panel-44717-1-0-0\" class=\"widget_text so-panel widget widget_custom_html panel-first-child panel-last-child\" data-index=\"1\" ><div class=\"textwidget custom-html-widget\"><h3>Angaben gem\u00e4\u00df \u00a7 5 TMG:<\/h3>\n<p style=\"margin-bottom: 0.8em;\">\nQuotenbulle UG (haftungsbeschr\u00e4nkt)<br\/>\nLena-Christ-Stra\u00dfe 2<br>\n82031 Gr\u00fcnwald\n<\/p>\n\n<br\/><h3>Vertreten durch:<\/h3>\n<p style=\"margin-bottom: 0.8em;\">\nMichael Gutekunst (Gesch\u00e4ftsf\u00fchrer)<br>\nTorsten Hoss (Gesch\u00e4ftsf\u00fchrer)\n<\/p>\n\n<br\/><h3>Kontakt:<\/h3>\n<p style=\"margin-bottom: 0.8em;\">\n\tE-Mail: <a target=\"_blank\" href=\"mailto:info@quotenbulle.de\" style=\"color:#333\" rel=\"noopener\">info@quotenbulle.de<\/a><br>\n\tTelefon: <a target=\"_blank\" href=\"https:\/\/wa.me\/+4915236850374\" style=\"color:#333\" rel=\"noopener\">+49 152 36850374<\/a>\n<\/p><\/div><\/div><\/div><div id=\"pgc-44717-1-1\"  class=\"panel-grid-cell\" ><div id=\"panel-44717-1-1-0\" class=\"widget_text so-panel widget widget_custom_html panel-first-child panel-last-child\" data-index=\"2\" ><div class=\"textwidget custom-html-widget\"><h3>Registereintrag:<\/h3>\n<p style=\"margin-bottom: 0.8em;\">\nEintragung im Handelsregister<br\/>\nRegistergericht: Amtsgericht M\u00fcnchen<br\/>\nRegisternummer: HRB 264113\n<\/p>\n<p style=\"margin-bottom: 0.8em;\">\nUmsatzsteuer-Identifikationsnummer gem\u00e4\u00df \u00a727 Umsatzsteuergesetz:<br\/>\nDE319311554\n<\/p>\n<p style=\"margin-bottom: 0.8em;\">\nDie Europ\u00e4ische Kommission stellt eine Plattform zur Online-Streitbeilegung (OS) bereit: <a href=\"https:\/\/ec.europa.eu\/consumers\/odr\" target=\"_blank\" rel=\"noopener\">https:\/\/ec.europa.eu\/consumers\/odr<\/a> <br\/>\nUnsere E-Mail-Adresse finden Sie hier im Impressum. Wir sind nicht bereit oder verpflichtet, an Streitbeilegungsverfahren vor einer Verbraucherschlichtungsstelle teilzunehmen.<\/p><\/div><\/div><\/div><\/div><div id=\"pg-44717-2\"  class=\"panel-grid panel-no-style\" ><div id=\"pgc-44717-2-0\"  class=\"panel-grid-cell\" ><div id=\"panel-44717-2-0-0\" class=\"widget_text so-panel widget widget_custom_html panel-first-child panel-last-child\" data-index=\"3\" ><div class=\"textwidget custom-html-widget\"><h3>Haftung f\u00fcr Inhalte<\/h3>\n\n<p style=\"margin-bottom: 0.8em;\">Als Diensteanbieter sind wir gem\u00e4\u00df \u00a7 7 Abs.1 TMG f\u00fcr eigene Inhalte auf diesen Seiten nach den allgemeinen Gesetzen verantwortlich. Nach \u00a7\u00a7 8 bis 10 TMG sind wir als Diensteanbieter jedoch nicht verpflichtet, \u00fcbermittelte oder gespeicherte fremde Informationen zu \u00fcberwachen oder nach Umst\u00e4nden zu forschen, die auf eine rechtswidrige T\u00e4tigkeit hinweisen.<\/p>\n\n<p style=\"margin-bottom: 0.8em;\">Verpflichtungen zur Entfernung oder Sperrung der Nutzung von Informationen nach den allgemeinen Gesetzen bleiben hiervon unber\u00fchrt. Eine diesbez\u00fcgliche Haftung ist jedoch erst ab dem Zeitpunkt der Kenntnis einer konkreten Rechtsverletzung m\u00f6glich. Bei Bekanntwerden von entsprechenden Rechtsverletzungen werden wir diese Inhalte umgehend entfernen.<\/p><\/div><\/div><\/div><div id=\"pgc-44717-2-1\"  class=\"panel-grid-cell\" ><div id=\"panel-44717-2-1-0\" class=\"widget_text so-panel widget widget_custom_html panel-first-child panel-last-child\" data-index=\"4\" ><div class=\"textwidget custom-html-widget\"><h3>Haftung f\u00fcr Links<\/h3>\n\n<p style=\"margin-bottom: 0.8em;\">Unser Angebot enth\u00e4lt Links zu externen Webseiten Dritter, auf deren Inhalte wir keinen Einfluss haben. Deshalb k\u00f6nnen wir f\u00fcr diese fremden Inhalte auch keine Gew\u00e4hr \u00fcbernehmen. F\u00fcr die Inhalte der verlinkten Seiten ist stets der jeweilige Anbieter oder Betreiber der Seiten verantwortlich. Die verlinkten Seiten wurden zum Zeitpunkt der Verlinkung auf m\u00f6gliche Rechtsverst\u00f6\u00dfe \u00fcberpr\u00fcft. Rechtswidrige Inhalte waren zum Zeitpunkt der Verlinkung nicht erkennbar.<\/p>\n\n<p style=\"margin-bottom: 0.8em;\">Eine permanente inhaltliche Kontrolle der verlinkten Seiten ist jedoch ohne konkrete Anhaltspunkte einer Rechtsverletzung nicht zumutbar. Bei Bekanntwerden von Rechtsverletzungen werden wir derartige Links umgehend entfernen.<\/p><\/div><\/div><\/div><\/div><div id=\"pg-44717-3\"  class=\"panel-grid panel-no-style\" ><div id=\"pgc-44717-3-0\"  class=\"panel-grid-cell panel-grid-cell-mobile-last\" ><div id=\"panel-44717-3-0-0\" class=\"widget_text so-panel widget widget_custom_html panel-first-child panel-last-child\" data-index=\"5\" ><div class=\"textwidget custom-html-widget\"><h3>Urheberrecht<\/h3>\n\n<p style=\"margin-bottom: 0.8em;\">Die durch die Seitenbetreiber erstellten Inhalte und Werke auf diesen Seiten unterliegen dem deutschen Urheberrecht. Die Vervielf\u00e4ltigung, Bearbeitung, Verbreitung und jede Art der Verwertung au\u00dferhalb der Grenzen des Urheberrechtes bed\u00fcrfen der schriftlichen Zustimmung des jeweiligen Autors bzw. Erstellers. Downloads und Kopien dieser Seite sind nur f\u00fcr den privaten, nicht kommerziellen Gebrauch gestattet.<\/p>\n\n<p style=\"margin-bottom: 0.8em;\">Soweit die Inhalte auf dieser Seite nicht vom Betreiber erstellt wurden, werden die Urheberrechte Dritter beachtet. Insbesondere werden Inhalte Dritter als solche gekennzeichnet. Sollten Sie trotzdem auf eine Urheberrechtsverletzung aufmerksam werden, bitten wir um einen entsprechenden Hinweis. Bei Bekanntwerden von Rechtsverletzungen werden wir derartige Inhalte umgehend entfernen.<\/p>\n\n<p style=\"margin-bottom: 0.8em;\">Quelle: <a href=\"https:\/\/www.e-recht24.de\"  style=\"color:#333\"><b>eRecht24<\/b><\/a><\/p><\/div><\/div><\/div><div id=\"pgc-44717-3-1\"  class=\"panel-grid-cell panel-grid-cell-empty\" ><\/div><\/div><\/div>","protected":false},"excerpt":{"rendered":"Impressum","protected":false},"author":42,"featured_media":0,"parent":0,"menu_order":0,"comment_status":"closed","ping_status":"closed","template":"","meta":{"footnotes":""},"yoast_head":"<!-- This site is optimized with the Yoast SEO plugin v22.5 - https:\/\/yoast.com\/wordpress\/plugins\/seo\/ -->\n<title>Impressum - Quotenbulle<\/title>\n<meta name=\"description\" content=\"Das Impressum des Quotenbullen.\" \/>\n<meta name=\"robots\" content=\"noindex, nofollow\" \/>\n<meta property=\"og:locale\" content=\"en_US\" \/>\n<meta property=\"og:type\" content=\"article\" \/>\n<meta property=\"og:title\" content=\"Impressum - Quotenbulle\" \/>\n<meta property=\"og:description\" content=\"Das Impressum des Quotenbullen.\" \/>\n<meta property=\"og:url\" content=\"https:\/\/www.quotenbulle.de\/en\/impressum\/\" \/>\n<meta property=\"og:site_name\" content=\"Quotenbulle\" \/>\n<meta property=\"article:publisher\" content=\"https:\/\/www.facebook.com\/quotenbulle\/\" \/>\n<meta property=\"article:modified_time\" content=\"2021-08-11T13:52:08+00:00\" \/>\n<meta property=\"og:image\" content=\"https:\/\/www.quotenbulle.de\/wp-content\/uploads\/logo_banner_450.png\" \/>\n\t<meta property=\"og:image:width\" content=\"1\" \/>\n\t<meta property=\"og:image:height\" content=\"1\" \/>\n\t<meta property=\"og:image:type\" content=\"image\/png\" \/>\n<script type=\"application\/ld+json\" class=\"yoast-schema-graph\">{\"@context\":\"https:\/\/schema.org\",\"@graph\":[{\"@type\":\"WebPage\",\"@id\":\"https:\/\/www.quotenbulle.de\/en\/impressum\/\",\"url\":\"https:\/\/www.quotenbulle.de\/en\/impressum\/\",\"name\":\"Impressum - Quotenbulle\",\"isPartOf\":{\"@id\":\"https:\/\/www.quotenbulle.de\/en\/#website\"},\"datePublished\":\"2021-08-11T13:35:27+00:00\",\"dateModified\":\"2021-08-11T13:52:08+00:00\",\"description\":\"Das Impressum des Quotenbullen.\",\"breadcrumb\":{\"@id\":\"https:\/\/www.quotenbulle.de\/en\/impressum\/#breadcrumb\"},\"inLanguage\":\"en-US\",\"potentialAction\":[{\"@type\":\"ReadAction\",\"target\":[\"https:\/\/www.quotenbulle.de\/en\/impressum\/\"]}]},{\"@type\":\"BreadcrumbList\",\"@id\":\"https:\/\/www.quotenbulle.de\/en\/impressum\/#breadcrumb\",\"itemListElement\":[{\"@type\":\"ListItem\",\"position\":1,\"name\":\"Startseite\",\"item\":\"https:\/\/www.quotenbulle.de\/en\/\"},{\"@type\":\"ListItem\",\"position\":2,\"name\":\"Imprint\"}]},{\"@type\":\"WebSite\",\"@id\":\"https:\/\/www.quotenbulle.de\/en\/#website\",\"url\":\"https:\/\/www.quotenbulle.de\/en\/\",\"name\":\"Quotenbulle\",\"description\":\"Dein Weg zum sicheren Wettgewinn\",\"publisher\":{\"@id\":\"https:\/\/www.quotenbulle.de\/en\/#organization\"},\"potentialAction\":[{\"@type\":\"SearchAction\",\"target\":{\"@type\":\"EntryPoint\",\"urlTemplate\":\"https:\/\/www.quotenbulle.de\/en\/?s={search_term_string}\"},\"query-input\":\"required name=search_term_string\"}],\"inLanguage\":\"en-US\"},{\"@type\":\"Organization\",\"@id\":\"https:\/\/www.quotenbulle.de\/en\/#organization\",\"name\":\"Quotenbulle UG\",\"url\":\"https:\/\/www.quotenbulle.de\/en\/\",\"logo\":{\"@type\":\"ImageObject\",\"inLanguage\":\"en-US\",\"@id\":\"https:\/\/www.quotenbulle.de\/en\/#\/schema\/logo\/image\/\",\"url\":\"https:\/\/www.quotenbulle.de\/wp-content\/uploads\/logo_banner_450.png\",\"contentUrl\":\"https:\/\/www.quotenbulle.de\/wp-content\/uploads\/logo_banner_450.png\",\"width\":1,\"height\":1,\"caption\":\"Quotenbulle UG\"},\"image\":{\"@id\":\"https:\/\/www.quotenbulle.de\/en\/#\/schema\/logo\/image\/\"},\"sameAs\":[\"https:\/\/www.facebook.com\/quotenbulle\/\",\"https:\/\/www.instagram.com\/quotenbulle\/\",\"https:\/\/www.youtube.com\/channel\/UC9ZXt_Tcm7SdNbtkRGBWJ0A\"]}]}<\/script>\n<!-- \/ Yoast SEO plugin. -->","yoast_head_json":{"title":"Impressum - Quotenbulle","description":"Das Impressum des Quotenbullen.","robots":{"index":"noindex","follow":"nofollow"},"og_locale":"en_US","og_type":"article","og_title":"Impressum - Quotenbulle","og_description":"Das Impressum des Quotenbullen.","og_url":"https:\/\/www.quotenbulle.de\/en\/impressum\/","og_site_name":"Quotenbulle","article_publisher":"https:\/\/www.facebook.com\/quotenbulle\/","article_modified_time":"2021-08-11T13:52:08+00:00","og_image":[{"url":"https:\/\/www.quotenbulle.de\/wp-content\/uploads\/logo_banner_450.png","width":1,"height":1,"type":"image\/png"}],"schema":{"@context":"https:\/\/schema.org","@graph":[{"@type":"WebPage","@id":"https:\/\/www.quotenbulle.de\/en\/impressum\/","url":"https:\/\/www.quotenbulle.de\/en\/impressum\/","name":"Impressum - Quotenbulle","isPartOf":{"@id":"https:\/\/www.quotenbulle.de\/en\/#website"},"datePublished":"2021-08-11T13:35:27+00:00","dateModified":"2021-08-11T13:52:08+00:00","description":"Das Impressum des Quotenbullen.","breadcrumb":{"@id":"https:\/\/www.quotenbulle.de\/en\/impressum\/#breadcrumb"},"inLanguage":"en-US","potentialAction":[{"@type":"ReadAction","target":["https:\/\/www.quotenbulle.de\/en\/impressum\/"]}]},{"@type":"BreadcrumbList","@id":"https:\/\/www.quotenbulle.de\/en\/impressum\/#breadcrumb","itemListElement":[{"@type":"ListItem","position":1,"name":"Startseite","item":"https:\/\/www.quotenbulle.de\/en\/"},{"@type":"ListItem","position":2,"name":"Imprint"}]},{"@type":"WebSite","@id":"https:\/\/www.quotenbulle.de\/en\/#website","url":"https:\/\/www.quotenbulle.de\/en\/","name":"Quotenbulle","description":"Dein Weg zum sicheren Wettgewinn","publisher":{"@id":"https:\/\/www.quotenbulle.de\/en\/#organization"},"potentialAction":[{"@type":"SearchAction","target":{"@type":"EntryPoint","urlTemplate":"https:\/\/www.quotenbulle.de\/en\/?s={search_term_string}"},"query-input":"required name=search_term_string"}],"inLanguage":"en-US"},{"@type":"Organization","@id":"https:\/\/www.quotenbulle.de\/en\/#organization","name":"Quotenbulle UG","url":"https:\/\/www.quotenbulle.de\/en\/","logo":{"@type":"ImageObject","inLanguage":"en-US","@id":"https:\/\/www.quotenbulle.de\/en\/#\/schema\/logo\/image\/","url":"https:\/\/www.quotenbulle.de\/wp-content\/uploads\/logo_banner_450.png","contentUrl":"https:\/\/www.quotenbulle.de\/wp-content\/uploads\/logo_banner_450.png","width":1,"height":1,"caption":"Quotenbulle UG"},"image":{"@id":"https:\/\/www.quotenbulle.de\/en\/#\/schema\/logo\/image\/"},"sameAs":["https:\/\/www.facebook.com\/quotenbulle\/","https:\/\/www.instagram.com\/quotenbulle\/","https:\/\/www.youtube.com\/channel\/UC9ZXt_Tcm7SdNbtkRGBWJ0A"]}]}},"_links":{"self":[{"href":"https:\/\/www.quotenbulle.de\/en\/wp-json\/wp\/v2\/pages\/44717"}],"collection":[{"href":"https:\/\/www.quotenbulle.de\/en\/wp-json\/wp\/v2\/pages"}],"about":[{"href":"https:\/\/www.quotenbulle.de\/en\/wp-json\/wp\/v2\/types\/page"}],"author":[{"embeddable":true,"href":"https:\/\/www.quotenbulle.de\/en\/wp-json\/wp\/v2\/users\/42"}],"replies":[{"embeddable":true,"href":"https:\/\/www.quotenbulle.de\/en\/wp-json\/wp\/v2\/comments?post=44717"}],"version-history":[{"count":0,"href":"https:\/\/www.quotenbulle.de\/en\/wp-json\/wp\/v2\/pages\/44717\/revisions"}],"wp:attachment":[{"href":"https:\/\/www.quotenbulle.de\/en\/wp-json\/wp\/v2\/media?parent=44717"}],"curies":[{"name":"wp","href":"https:\/\/api.w.org\/{rel}","templated":true}]}}