{"id":44726,"date":"2021-08-11T15:42:58","date_gmt":"2021-08-11T13:42:58","guid":{"rendered":"https:\/\/www.quotenbulle.de\/?page_id=44726"},"modified":"2021-08-11T15:43:46","modified_gmt":"2021-08-11T13:43:46","slug":"about-us","status":"publish","type":"page","link":"https:\/\/www.quotenbulle.de\/en\/about-us\/","title":{"rendered":"About us"},"content":{"rendered":"<div id=\"pl-44726\"  class=\"panel-layout\" ><div id=\"pg-44726-0\"  class=\"panel-grid panel-no-style\" ><div id=\"pgc-44726-0-0\"  class=\"panel-grid-cell panel-grid-cell-mobile-last\" ><div id=\"panel-44726-0-0-0\" class=\"widget_text so-panel widget widget_custom_html panel-first-child panel-last-child\" data-index=\"0\" ><div class=\"textwidget custom-html-widget\"><h3>Das Quotenbulle-Team<\/h3>\n<p style=\"margin-bottom: 0.0em; text-align: justify\">\nHello, Hey, Hola, Salve - Das Quotenbulle-Team sagt hallo und stellt sich vor! Was im September 2016 als Idee aus einem verlorenenen Wettschein entstanden ist, ist das, was wir heute voller Stolz Quotenbulle nennen d\u00fcrfen. Anf\u00e4nglich mit einem Zweierteam gestartet, z\u00e4hlt das Team Quotenbulle mittlerweile acht ambitionierte Mitarbeiter. Jeder von uns arbeitet als Spezialist auf seinem Gebiet mit Spa\u00df und Herzblut daran, unseren Mitgliedern durch abgestimmte Wetten sichere Gewinne zu erm\u00f6glichen.\n<\/p><\/div><\/div><\/div><div id=\"pgc-44726-0-1\"  class=\"panel-grid-cell panel-grid-cell-empty\" ><\/div><\/div><div id=\"pg-44726-1\"  class=\"panel-grid panel-no-style\" ><div id=\"pgc-44726-1-0\"  class=\"panel-grid-cell\" ><div id=\"panel-44726-1-0-0\" class=\"so-panel widget widget_media_image panel-first-child\" data-index=\"1\" ><img loading=\"lazy\" decoding=\"async\" width=\"1166\" height=\"1733\" src=\"https:\/\/www.quotenbulle.de\/wp-content\/uploads\/qb\/about us\/torsten.jpg\" class=\"image wp-image-24886  attachment-full size-full\" alt=\"\" style=\"max-width: 100%; height: auto;\" srcset=\"https:\/\/www.quotenbulle.de\/wp-content\/uploads\/qb\/about%20us\/torsten.jpg 1166w, https:\/\/www.quotenbulle.de\/wp-content\/uploads\/qb\/about%20us\/torsten-202x300.jpg 202w, https:\/\/www.quotenbulle.de\/wp-content\/uploads\/qb\/about%20us\/torsten-768x1141.jpg 768w\" sizes=\"(max-width: 1166px) 100vw, 1166px\" \/><\/div><div id=\"panel-44726-1-0-1\" class=\"widget_text so-panel widget widget_custom_html panel-last-child\" data-index=\"2\" ><div class=\"textwidget custom-html-widget\"><h3>Torsten<\/h3>\n<p style=\"margin-bottom: 0.5em; text-align: justify;\">\nGr\u00fcnder und Gesch\u00e4ftsf\u00fchrer. Aus einer ambitionierten Idee heraus startete er 2016 zusammen mit Michael das \"Abenteuer\" Quotenbulle. <\/p><\/div><\/div><\/div><div id=\"pgc-44726-1-1\"  class=\"panel-grid-cell\" ><div id=\"panel-44726-1-1-0\" class=\"so-panel widget widget_media_image panel-first-child\" data-index=\"3\" ><img loading=\"lazy\" decoding=\"async\" width=\"1162\" height=\"1732\" src=\"https:\/\/www.quotenbulle.de\/wp-content\/uploads\/qb\/about us\/Michael.JPG\" class=\"image wp-image-20482  attachment-full size-full\" alt=\"\" style=\"max-width: 100%; height: auto;\" \/><\/div><div id=\"panel-44726-1-1-1\" class=\"widget_text so-panel widget widget_custom_html panel-last-child\" data-index=\"4\" ><div class=\"textwidget custom-html-widget\"><h3>Michael<\/h3>\n<p style=\"margin-bottom: 0.5em; text-align: justify;\">\nGr\u00fcnder und Gesch\u00e4ftsf\u00fchrer. Hat Quotenbulle zusammen mit Torsten bereits 2016 ins Leben gerufen.<\/p><\/div><\/div><\/div><div id=\"pgc-44726-1-2\"  class=\"panel-grid-cell\" ><div id=\"panel-44726-1-2-0\" class=\"so-panel widget widget_media_image panel-first-child\" data-index=\"5\" ><img loading=\"lazy\" decoding=\"async\" width=\"1172\" height=\"1733\" src=\"https:\/\/www.quotenbulle.de\/wp-content\/uploads\/qb\/about us\/Simon.JPG\" class=\"image wp-image-20483  attachment-full size-full\" alt=\"\" style=\"max-width: 100%; height: auto;\" \/><\/div><div id=\"panel-44726-1-2-1\" class=\"widget_text so-panel widget widget_custom_html panel-last-child\" data-index=\"6\" ><div class=\"textwidget custom-html-widget\"><h3>Simon<\/h3>\n<p style=\"margin-bottom: 0.5em; text-align: justify;\">\nDer Mann der Zahlen im Quotenbulle-Team. Alles was mit den lieben Finanzen zu tun hat, wandert fr\u00fcher oder sp\u00e4ter durch seine H\u00e4nde.<\/p><\/div><\/div><\/div><\/div><div id=\"pg-44726-2\"  class=\"panel-grid panel-no-style\" ><div id=\"pgc-44726-2-0\"  class=\"panel-grid-cell\" ><div id=\"panel-44726-2-0-0\" class=\"so-panel widget widget_media_image panel-first-child\" data-index=\"7\" ><img loading=\"lazy\" decoding=\"async\" width=\"1172\" height=\"1733\" src=\"https:\/\/www.quotenbulle.de\/wp-content\/uploads\/qb\/about us\/Daniel.JPG\" class=\"image wp-image-20497  attachment-full size-full\" alt=\"\" style=\"max-width: 100%; height: auto;\" \/><\/div><div id=\"panel-44726-2-0-1\" class=\"widget_text so-panel widget widget_custom_html panel-last-child\" data-index=\"8\" ><div class=\"textwidget custom-html-widget\"><h3>Daniel<\/h3>\n<p style=\"margin-bottom: 0.5em; text-align: justify;\">\nUnser IT-Nerd. Daniel alias \"Schnubbi\" k\u00fcmmert sich darum, dass die Seite rund l\u00e4uft. Spricht flie\u00dfend JavaScript, HTML, PHP und ein bisschen franz\u00f6sisch.<\/p><\/div><\/div><\/div><div id=\"pgc-44726-2-1\"  class=\"panel-grid-cell\" ><div id=\"panel-44726-2-1-0\" class=\"so-panel widget widget_media_image panel-first-child\" data-index=\"9\" ><img loading=\"lazy\" decoding=\"async\" width=\"1172\" height=\"1733\" src=\"https:\/\/www.quotenbulle.de\/wp-content\/uploads\/qb\/about us\/kathi.JPG\" class=\"image wp-image-20484  attachment-full size-full\" alt=\"\" style=\"max-width: 100%; height: auto;\" \/><\/div><div id=\"panel-44726-2-1-1\" class=\"widget_text so-panel widget widget_custom_html panel-last-child\" data-index=\"10\" ><div class=\"textwidget custom-html-widget\"><h3>Kathi<\/h3>\n<p style=\"margin-bottom: 0.5em; text-align: justify;\">\nSkripting und Support. Kathi sorgt f\u00fcr verst\u00e4ndliche Texte und Detailbeschreibungen. Dar\u00fcber hinaus beantwortet Sie leidenschaftlich gerne Supportanfragen.<\/p><\/div><\/div><\/div><div id=\"pgc-44726-2-2\"  class=\"panel-grid-cell\" ><div id=\"panel-44726-2-2-0\" class=\"so-panel widget widget_media_image panel-first-child\" data-index=\"11\" ><img loading=\"lazy\" decoding=\"async\" width=\"1166\" height=\"1733\" src=\"https:\/\/www.quotenbulle.de\/wp-content\/uploads\/qb\/about us\/Marie.JPG\" class=\"image wp-image-20498  attachment-full size-full\" alt=\"\" style=\"max-width: 100%; height: auto;\" \/><\/div><div id=\"panel-44726-2-2-1\" class=\"widget_text so-panel widget widget_custom_html panel-last-child\" data-index=\"12\" ><div class=\"textwidget custom-html-widget\"><h3>Marie<\/h3>\n<p style=\"margin-bottom: 0.5em; text-align: justify;\">\nHat Marketing und Social Media fest im Griff. #allesrundumdiesocialmediakanaele #instagram #facebook #hashtag<\/p><\/div><\/div><\/div><\/div><div id=\"pg-44726-3\"  class=\"panel-grid panel-no-style\" ><div id=\"pgc-44726-3-0\"  class=\"panel-grid-cell\" ><div id=\"panel-44726-3-0-0\" class=\"so-panel widget widget_media_image panel-first-child\" data-index=\"13\" ><img loading=\"lazy\" decoding=\"async\" width=\"1166\" height=\"1733\" src=\"https:\/\/www.quotenbulle.de\/wp-content\/uploads\/qb\/about us\/jan_markus.JPG\" class=\"image wp-image-24893  attachment-full size-full\" alt=\"\" style=\"max-width: 100%; height: auto;\" srcset=\"https:\/\/www.quotenbulle.de\/wp-content\/uploads\/qb\/about%20us\/jan_markus.JPG 1166w, https:\/\/www.quotenbulle.de\/wp-content\/uploads\/qb\/about%20us\/jan_markus-202x300.jpg 202w, https:\/\/www.quotenbulle.de\/wp-content\/uploads\/qb\/about%20us\/jan_markus-768x1141.jpg 768w\" sizes=\"(max-width: 1166px) 100vw, 1166px\" \/><\/div><div id=\"panel-44726-3-0-1\" class=\"widget_text so-panel widget widget_custom_html panel-last-child\" data-index=\"14\" ><div class=\"textwidget custom-html-widget\">\t<h3>Jan-Markus<\/h3>\n<p style=\"margin-bottom: 0.5em; text-align: justify;\">\nNicht Jan, nicht Markus, JAN-MARKUS. So ein bisschen das \"M\u00e4dchen f\u00fcr alles\". <\/p><\/div><\/div><\/div><div id=\"pgc-44726-3-1\"  class=\"panel-grid-cell panel-grid-cell-mobile-last\" ><div id=\"panel-44726-3-1-0\" class=\"so-panel widget widget_media_image panel-first-child\" data-index=\"15\" ><img loading=\"lazy\" decoding=\"async\" width=\"1172\" height=\"1733\" src=\"https:\/\/www.quotenbulle.de\/wp-content\/uploads\/qb\/about us\/Leo.JPG\" class=\"image wp-image-20485  attachment-full size-full\" alt=\"\" style=\"max-width: 100%; height: auto;\" \/><\/div><div id=\"panel-44726-3-1-1\" class=\"widget_text so-panel widget widget_custom_html panel-last-child\" data-index=\"16\" ><div class=\"textwidget custom-html-widget\">\t<h3>Leo<\/h3>\n<p style=\"margin-bottom: 0.5em; text-align: justify;\">\nMitarbeiter des Monats. Kann \"Sitz\", \"Platz\" und arbeitet derzeit an \"der Rolle\".<\/p><\/div><\/div><\/div><div id=\"pgc-44726-3-2\"  class=\"panel-grid-cell panel-grid-cell-empty\" ><\/div><\/div><\/div>","protected":false},"excerpt":{"rendered":"Das Quotenbulle-Team Hello, Hey, Hola, Salve &#8211; Das Quotenbulle-Team sagt hallo und stellt sich vor! Was im September 2016 als Idee aus einem verlorenenen Wettschein entstanden ist, ist das, was wir heute voller Stolz Quotenbulle nennen d\u00fcrfen. Anf\u00e4nglich mit einem Zweierteam gestartet, z\u00e4hlt das Team Quotenbulle mittlerweile acht ambitionierte Mitarbeiter. Jeder von uns arbeitet als Spezialist auf seinem Gebiet mit Spa\u00df und Herzblut daran, unseren Mitgliedern durch abgestimmte Wetten sichere Gewinne zu erm\u00f6glichen. Torsten Gr\u00fcnder und Gesch\u00e4ftsf\u00fchrer. Aus einer ambitionierten&hellip;","protected":false},"author":42,"featured_media":0,"parent":0,"menu_order":0,"comment_status":"closed","ping_status":"closed","template":"","meta":{"footnotes":""},"yoast_head":"<!-- This site is optimized with the Yoast SEO plugin v22.5 - https:\/\/yoast.com\/wordpress\/plugins\/seo\/ -->\n<title>Quotenbulle - \u00dcber uns<\/title>\n<meta name=\"robots\" content=\"index, follow, max-snippet:-1, max-image-preview:large, max-video-preview:-1\" \/>\n<link rel=\"canonical\" href=\"https:\/\/www.quotenbulle.de\/en\/about-us\/\" \/>\n<meta property=\"og:locale\" content=\"en_US\" \/>\n<meta property=\"og:type\" content=\"article\" \/>\n<meta property=\"og:title\" content=\"Quotenbulle - \u00dcber uns\" \/>\n<meta property=\"og:description\" content=\"Das Quotenbulle-Team Hello, Hey, Hola, Salve - Das Quotenbulle-Team sagt hallo und stellt sich vor! Was im September 2016 als Idee aus einem verlorenenen Wettschein entstanden ist, ist das, was wir heute voller Stolz Quotenbulle nennen d\u00fcrfen. Anf\u00e4nglich mit einem Zweierteam gestartet, z\u00e4hlt das Team Quotenbulle mittlerweile acht ambitionierte Mitarbeiter. Jeder von uns arbeitet als Spezialist auf seinem Gebiet mit Spa\u00df und Herzblut daran, unseren Mitgliedern durch abgestimmte Wetten sichere Gewinne zu erm\u00f6glichen. Torsten Gr\u00fcnder und Gesch\u00e4ftsf\u00fchrer. Aus einer ambitionierten&hellip;\" \/>\n<meta property=\"og:url\" content=\"https:\/\/www.quotenbulle.de\/en\/about-us\/\" \/>\n<meta property=\"og:site_name\" content=\"Quotenbulle\" \/>\n<meta property=\"article:publisher\" content=\"https:\/\/www.facebook.com\/quotenbulle\/\" \/>\n<meta property=\"article:modified_time\" content=\"2021-08-11T13:43:46+00:00\" \/>\n<meta property=\"og:image\" content=\"https:\/\/www.quotenbulle.de\/wp-content\/uploads\/logo_banner_450.png\" \/>\n\t<meta property=\"og:image:width\" content=\"1\" \/>\n\t<meta property=\"og:image:height\" content=\"1\" \/>\n\t<meta property=\"og:image:type\" content=\"image\/png\" \/>\n<meta name=\"twitter:label1\" content=\"Est. reading time\" \/>\n\t<meta name=\"twitter:data1\" content=\"1 minute\" \/>\n<script type=\"application\/ld+json\" class=\"yoast-schema-graph\">{\"@context\":\"https:\/\/schema.org\",\"@graph\":[{\"@type\":\"WebPage\",\"@id\":\"https:\/\/www.quotenbulle.de\/en\/about-us\/\",\"url\":\"https:\/\/www.quotenbulle.de\/en\/about-us\/\",\"name\":\"Quotenbulle - \u00dcber uns\",\"isPartOf\":{\"@id\":\"https:\/\/www.quotenbulle.de\/en\/#website\"},\"datePublished\":\"2021-08-11T13:42:58+00:00\",\"dateModified\":\"2021-08-11T13:43:46+00:00\",\"breadcrumb\":{\"@id\":\"https:\/\/www.quotenbulle.de\/en\/about-us\/#breadcrumb\"},\"inLanguage\":\"en-US\",\"potentialAction\":[{\"@type\":\"ReadAction\",\"target\":[\"https:\/\/www.quotenbulle.de\/en\/about-us\/\"]}]},{\"@type\":\"BreadcrumbList\",\"@id\":\"https:\/\/www.quotenbulle.de\/en\/about-us\/#breadcrumb\",\"itemListElement\":[{\"@type\":\"ListItem\",\"position\":1,\"name\":\"Startseite\",\"item\":\"https:\/\/www.quotenbulle.de\/en\/\"},{\"@type\":\"ListItem\",\"position\":2,\"name\":\"About us\"}]},{\"@type\":\"WebSite\",\"@id\":\"https:\/\/www.quotenbulle.de\/en\/#website\",\"url\":\"https:\/\/www.quotenbulle.de\/en\/\",\"name\":\"Quotenbulle\",\"description\":\"Dein Weg zum sicheren Wettgewinn\",\"publisher\":{\"@id\":\"https:\/\/www.quotenbulle.de\/en\/#organization\"},\"potentialAction\":[{\"@type\":\"SearchAction\",\"target\":{\"@type\":\"EntryPoint\",\"urlTemplate\":\"https:\/\/www.quotenbulle.de\/en\/?s={search_term_string}\"},\"query-input\":\"required name=search_term_string\"}],\"inLanguage\":\"en-US\"},{\"@type\":\"Organization\",\"@id\":\"https:\/\/www.quotenbulle.de\/en\/#organization\",\"name\":\"Quotenbulle UG\",\"url\":\"https:\/\/www.quotenbulle.de\/en\/\",\"logo\":{\"@type\":\"ImageObject\",\"inLanguage\":\"en-US\",\"@id\":\"https:\/\/www.quotenbulle.de\/en\/#\/schema\/logo\/image\/\",\"url\":\"https:\/\/www.quotenbulle.de\/wp-content\/uploads\/logo_banner_450.png\",\"contentUrl\":\"https:\/\/www.quotenbulle.de\/wp-content\/uploads\/logo_banner_450.png\",\"width\":1,\"height\":1,\"caption\":\"Quotenbulle UG\"},\"image\":{\"@id\":\"https:\/\/www.quotenbulle.de\/en\/#\/schema\/logo\/image\/\"},\"sameAs\":[\"https:\/\/www.facebook.com\/quotenbulle\/\",\"https:\/\/www.instagram.com\/quotenbulle\/\",\"https:\/\/www.youtube.com\/channel\/UC9ZXt_Tcm7SdNbtkRGBWJ0A\"]}]}<\/script>\n<!-- \/ Yoast SEO plugin. -->","yoast_head_json":{"title":"Quotenbulle - \u00dcber uns","robots":{"index":"index","follow":"follow","max-snippet":"max-snippet:-1","max-image-preview":"max-image-preview:large","max-video-preview":"max-video-preview:-1"},"canonical":"https:\/\/www.quotenbulle.de\/en\/about-us\/","og_locale":"en_US","og_type":"article","og_title":"Quotenbulle - \u00dcber uns","og_description":"Das Quotenbulle-Team Hello, Hey, Hola, Salve - Das Quotenbulle-Team sagt hallo und stellt sich vor! Was im September 2016 als Idee aus einem verlorenenen Wettschein entstanden ist, ist das, was wir heute voller Stolz Quotenbulle nennen d\u00fcrfen. Anf\u00e4nglich mit einem Zweierteam gestartet, z\u00e4hlt das Team Quotenbulle mittlerweile acht ambitionierte Mitarbeiter. Jeder von uns arbeitet als Spezialist auf seinem Gebiet mit Spa\u00df und Herzblut daran, unseren Mitgliedern durch abgestimmte Wetten sichere Gewinne zu erm\u00f6glichen. Torsten Gr\u00fcnder und Gesch\u00e4ftsf\u00fchrer. Aus einer ambitionierten&hellip;","og_url":"https:\/\/www.quotenbulle.de\/en\/about-us\/","og_site_name":"Quotenbulle","article_publisher":"https:\/\/www.facebook.com\/quotenbulle\/","article_modified_time":"2021-08-11T13:43:46+00:00","og_image":[{"url":"https:\/\/www.quotenbulle.de\/wp-content\/uploads\/logo_banner_450.png","width":1,"height":1,"type":"image\/png"}],"twitter_misc":{"Est. reading time":"1 minute"},"schema":{"@context":"https:\/\/schema.org","@graph":[{"@type":"WebPage","@id":"https:\/\/www.quotenbulle.de\/en\/about-us\/","url":"https:\/\/www.quotenbulle.de\/en\/about-us\/","name":"Quotenbulle - \u00dcber uns","isPartOf":{"@id":"https:\/\/www.quotenbulle.de\/en\/#website"},"datePublished":"2021-08-11T13:42:58+00:00","dateModified":"2021-08-11T13:43:46+00:00","breadcrumb":{"@id":"https:\/\/www.quotenbulle.de\/en\/about-us\/#breadcrumb"},"inLanguage":"en-US","potentialAction":[{"@type":"ReadAction","target":["https:\/\/www.quotenbulle.de\/en\/about-us\/"]}]},{"@type":"BreadcrumbList","@id":"https:\/\/www.quotenbulle.de\/en\/about-us\/#breadcrumb","itemListElement":[{"@type":"ListItem","position":1,"name":"Startseite","item":"https:\/\/www.quotenbulle.de\/en\/"},{"@type":"ListItem","position":2,"name":"About us"}]},{"@type":"WebSite","@id":"https:\/\/www.quotenbulle.de\/en\/#website","url":"https:\/\/www.quotenbulle.de\/en\/","name":"Quotenbulle","description":"Dein Weg zum sicheren Wettgewinn","publisher":{"@id":"https:\/\/www.quotenbulle.de\/en\/#organization"},"potentialAction":[{"@type":"SearchAction","target":{"@type":"EntryPoint","urlTemplate":"https:\/\/www.quotenbulle.de\/en\/?s={search_term_string}"},"query-input":"required name=search_term_string"}],"inLanguage":"en-US"},{"@type":"Organization","@id":"https:\/\/www.quotenbulle.de\/en\/#organization","name":"Quotenbulle UG","url":"https:\/\/www.quotenbulle.de\/en\/","logo":{"@type":"ImageObject","inLanguage":"en-US","@id":"https:\/\/www.quotenbulle.de\/en\/#\/schema\/logo\/image\/","url":"https:\/\/www.quotenbulle.de\/wp-content\/uploads\/logo_banner_450.png","contentUrl":"https:\/\/www.quotenbulle.de\/wp-content\/uploads\/logo_banner_450.png","width":1,"height":1,"caption":"Quotenbulle UG"},"image":{"@id":"https:\/\/www.quotenbulle.de\/en\/#\/schema\/logo\/image\/"},"sameAs":["https:\/\/www.facebook.com\/quotenbulle\/","https:\/\/www.instagram.com\/quotenbulle\/","https:\/\/www.youtube.com\/channel\/UC9ZXt_Tcm7SdNbtkRGBWJ0A"]}]}},"_links":{"self":[{"href":"https:\/\/www.quotenbulle.de\/en\/wp-json\/wp\/v2\/pages\/44726"}],"collection":[{"href":"https:\/\/www.quotenbulle.de\/en\/wp-json\/wp\/v2\/pages"}],"about":[{"href":"https:\/\/www.quotenbulle.de\/en\/wp-json\/wp\/v2\/types\/page"}],"author":[{"embeddable":true,"href":"https:\/\/www.quotenbulle.de\/en\/wp-json\/wp\/v2\/users\/42"}],"replies":[{"embeddable":true,"href":"https:\/\/www.quotenbulle.de\/en\/wp-json\/wp\/v2\/comments?post=44726"}],"version-history":[{"count":0,"href":"https:\/\/www.quotenbulle.de\/en\/wp-json\/wp\/v2\/pages\/44726\/revisions"}],"wp:attachment":[{"href":"https:\/\/www.quotenbulle.de\/en\/wp-json\/wp\/v2\/media?parent=44726"}],"curies":[{"name":"wp","href":"https:\/\/api.w.org\/{rel}","templated":true}]}}