{"id":43629,"date":"2021-05-14T13:42:16","date_gmt":"2021-05-14T11:42:16","guid":{"rendered":"https:\/\/www.quotenbulle.de\/help\/contact\/"},"modified":"2022-05-15T21:23:48","modified_gmt":"2022-05-15T19:23:48","slug":"contact","status":"publish","type":"page","link":"https:\/\/www.quotenbulle.de\/hr\/hilfe\/contact\/","title":{"rendered":"Kontakt"},"content":{"rendered":"<div id=\"pl-43629\"  class=\"panel-layout\" ><div id=\"pg-43629-0\"  class=\"panel-grid panel-has-style\" ><div id=\"warning_row\" class=\"panel-row-style panel-row-style-for-43629-0\" ><div id=\"pgc-43629-0-0\"  class=\"panel-grid-cell\" ><div id=\"panel-43629-0-0-0\" class=\"widget_text so-panel widget widget_custom_html panel-first-child panel-last-child\" data-index=\"0\" ><div class=\"textwidget custom-html-widget\"><script>jQuery(\"#warning_row\").parent().css(\"display\", \"none\");<\/script><\/div><\/div><\/div><\/div><\/div><div id=\"pg-43629-1\"  class=\"panel-grid panel-no-style\" ><div id=\"pgc-43629-1-0\"  class=\"panel-grid-cell\" ><div id=\"panel-43629-1-0-0\" class=\"widget_text so-panel widget widget_custom_html panel-first-child panel-last-child\" data-index=\"1\" ><div class=\"textwidget custom-html-widget\"><h3>Trebate li pomo\u0107?<\/h3>\n<p style=\"text-align: justify; margin-bottom: 0.0em\">\nPosve\u0107eni tim za korisni\u010dke usluge dostupan vam je za sva pitanja i probleme u vezi s dvostrukim okladama. Stoga sami odlu\u010dite kako biste nas htjeli kontaktirati. Bilo putem WhatsAppa, telefonom ili e-po\u0161tom, mo\u017eete nas kontaktirati gotovo bilo kada.\n<\/p>\n<\/div><\/div><\/div><\/div><div id=\"pg-43629-2\"  class=\"panel-grid panel-no-style\" ><div id=\"pgc-43629-2-0\"  class=\"panel-grid-cell\" ><div id=\"panel-43629-2-0-0\" class=\"widget_text so-panel widget widget_custom_html panel-first-child panel-last-child\" data-index=\"2\" ><div class=\"textwidget custom-html-widget\"><a style=\"display: block; color: #333; text-decoration: none !important\" target=\"_blank\" href=\"https:\/\/wa.me\/4915129455984\" rel=\"noopener\">\n<div class=\"paragraph_glow\">\n\t<h3 style=\"text-align:center\">WhatsApp<br>+49 151 29455984<\/h3>\n\t<div style=\"width: 100%; text-align: center; margin-top:2.0em\">\n<div style=\"max-width:300px; max-height:300px; display: inline-block; position:relative; margin: 0px 20px\">\n<img loading=\"lazy\" decoding=\"async\" src=\"https:\/\/www.quotenbulle.de\/wp-content\/uploads\/qb\/sonstiges\/whatsapp.jpg\" width=\"300\" height=\"300\">\n<\/div>\n<\/div>\n<\/div>\n<\/a><\/div><\/div><\/div><div id=\"pgc-43629-2-1\"  class=\"panel-grid-cell\" ><div id=\"panel-43629-2-1-0\" class=\"widget_text so-panel widget widget_custom_html panel-first-child panel-last-child\" data-index=\"3\" ><div class=\"textwidget custom-html-widget\"><a style=\"display: block; color: #333; text-decoration: none !important\" target=\"_blank\" href=\"tel:+4915129455984\" rel=\"noopener\">\n<div class=\"paragraph_glow\">\n<h3 style=\"text-align:center\">Phone<br>+49 151 29455984<\/h3>\n\t<div style=\"width: 100%; text-align: center; margin-top:2.0em\">\n<div style=\"max-width:300px; max-height:300px; display: inline-block; position:relative; margin: 0px 20px\">\n<img loading=\"lazy\" decoding=\"async\" src=\"https:\/\/www.quotenbulle.de\/wp-content\/uploads\/qb\/sonstiges\/telefon.jpg\" width=\"300\" height=\"300\">\n<\/div>\n<\/div>\n<\/div>\n<\/a><\/div><\/div><\/div><div id=\"pgc-43629-2-2\"  class=\"panel-grid-cell\" ><div id=\"panel-43629-2-2-0\" class=\"widget_text so-panel widget widget_custom_html panel-first-child panel-last-child\" data-index=\"4\" ><div class=\"textwidget custom-html-widget\"><a style=\"display: block; color: #333; text-decoration: none !important\" href=\"\/hr\/help\/contact_form\/?your-name=+&amp;orbit_login=\">\n<div class=\"paragraph_glow\">\n\t<h3 style=\"text-align:center\">E-Mail<br>support-hr@quotenbulle.de<\/h3>\n\t<div style=\"width: 100%; text-align: center; margin-top:2.0em\">\n<div style=\"max-width:300px; max-height:300px; display: inline-block; position:relative; margin: 0px 20px\">\n<img loading=\"lazy\" decoding=\"async\" src=\"https:\/\/www.quotenbulle.de\/wp-content\/uploads\/qb\/sonstiges\/email.jpg\" width=\"300\" height=\"300\">\n<\/div>\n<\/div>\n<\/div>\n<\/a><\/div><\/div><\/div><\/div><\/div>","protected":false},"excerpt":{"rendered":"Trebate li pomo\u0107? Posve\u0107eni tim za korisni\u010dke usluge dostupan vam je za sva pitanja i probleme u vezi s dvostrukim okladama. Stoga sami odlu\u010dite kako biste nas htjeli kontaktirati. Bilo putem WhatsAppa, telefonom ili e-po\u0161tom, mo\u017eete nas kontaktirati gotovo bilo kada. WhatsApp+49 151 29455984 Phone+49 151 29455984 E-Mailsupport-hr@quotenbulle.de","protected":false},"author":42,"featured_media":0,"parent":43626,"menu_order":0,"comment_status":"closed","ping_status":"closed","template":"","meta":{"footnotes":""},"yoast_head":"<!-- This site is optimized with the Yoast SEO plugin v22.5 - https:\/\/yoast.com\/wordpress\/plugins\/seo\/ -->\n<title>Kontakt - Quotenbulle<\/title>\n<meta name=\"description\" content=\"Imate li kakvih pitanja? Onda samo pitajte. Dostupni smo vam gotovo non -stop. Bilo putem WhatsAppa ili e -po\u0161te - na\u0161 kompetentni tim za podr\u0161ku odvojit \u0107e vrijeme da odgovori na va\u0161a pitanja \u0161to bolje mogu\u0107e.\" \/>\n<meta name=\"robots\" content=\"index, nofollow, max-snippet:-1, max-image-preview:large, max-video-preview:-1\" \/>\n<link rel=\"canonical\" href=\"https:\/\/www.quotenbulle.de\/hr\/hilfe\/contact\/\" \/>\n<meta property=\"og:locale\" content=\"hr_HR\" \/>\n<meta property=\"og:type\" content=\"article\" \/>\n<meta property=\"og:title\" content=\"Kontakt - Quotenbulle\" \/>\n<meta property=\"og:description\" content=\"Imate li kakvih pitanja? Onda samo pitajte. Dostupni smo vam gotovo non -stop. Bilo putem WhatsAppa ili e -po\u0161te - na\u0161 kompetentni tim za podr\u0161ku odvojit \u0107e vrijeme da odgovori na va\u0161a pitanja \u0161to bolje mogu\u0107e.\" \/>\n<meta property=\"og:url\" content=\"https:\/\/www.quotenbulle.de\/hr\/hilfe\/contact\/\" \/>\n<meta property=\"og:site_name\" content=\"Quotenbulle\" \/>\n<meta property=\"article:publisher\" content=\"https:\/\/www.facebook.com\/quotenbulle\/\" \/>\n<meta property=\"article:modified_time\" content=\"2022-05-15T19:23:48+00:00\" \/>\n<meta property=\"og:image\" content=\"https:\/\/www.quotenbulle.de\/wp-content\/uploads\/logo_banner_450.png\" \/>\n\t<meta property=\"og:image:width\" content=\"1\" \/>\n\t<meta property=\"og:image:height\" content=\"1\" \/>\n\t<meta property=\"og:image:type\" content=\"image\/png\" \/>\n<script type=\"application\/ld+json\" class=\"yoast-schema-graph\">{\"@context\":\"https:\/\/schema.org\",\"@graph\":[{\"@type\":\"WebPage\",\"@id\":\"https:\/\/www.quotenbulle.de\/hr\/hilfe\/contact\/\",\"url\":\"https:\/\/www.quotenbulle.de\/hr\/hilfe\/contact\/\",\"name\":\"Kontakt - Quotenbulle\",\"isPartOf\":{\"@id\":\"https:\/\/www.quotenbulle.de\/hr\/#website\"},\"datePublished\":\"2021-05-14T11:42:16+00:00\",\"dateModified\":\"2022-05-15T19:23:48+00:00\",\"description\":\"Imate li kakvih pitanja? Onda samo pitajte. Dostupni smo vam gotovo non -stop. Bilo putem WhatsAppa ili e -po\u0161te - na\u0161 kompetentni tim za podr\u0161ku odvojit \u0107e vrijeme da odgovori na va\u0161a pitanja \u0161to bolje mogu\u0107e.\",\"breadcrumb\":{\"@id\":\"https:\/\/www.quotenbulle.de\/hr\/hilfe\/contact\/#breadcrumb\"},\"inLanguage\":\"hr\",\"potentialAction\":[{\"@type\":\"ReadAction\",\"target\":[\"https:\/\/www.quotenbulle.de\/hr\/hilfe\/contact\/\"]}]},{\"@type\":\"BreadcrumbList\",\"@id\":\"https:\/\/www.quotenbulle.de\/hr\/hilfe\/contact\/#breadcrumb\",\"itemListElement\":[{\"@type\":\"ListItem\",\"position\":1,\"name\":\"Startseite\",\"item\":\"https:\/\/www.quotenbulle.de\/hr\/\"},{\"@type\":\"ListItem\",\"position\":2,\"name\":\"Pomoc\",\"item\":\"https:\/\/www.quotenbulle.de\/hr\/hilfe\/\"},{\"@type\":\"ListItem\",\"position\":3,\"name\":\"Kontakt\"}]},{\"@type\":\"WebSite\",\"@id\":\"https:\/\/www.quotenbulle.de\/hr\/#website\",\"url\":\"https:\/\/www.quotenbulle.de\/hr\/\",\"name\":\"Quotenbulle\",\"description\":\"Dein Weg zum sicheren Wettgewinn\",\"publisher\":{\"@id\":\"https:\/\/www.quotenbulle.de\/hr\/#organization\"},\"potentialAction\":[{\"@type\":\"SearchAction\",\"target\":{\"@type\":\"EntryPoint\",\"urlTemplate\":\"https:\/\/www.quotenbulle.de\/hr\/?s={search_term_string}\"},\"query-input\":\"required name=search_term_string\"}],\"inLanguage\":\"hr\"},{\"@type\":\"Organization\",\"@id\":\"https:\/\/www.quotenbulle.de\/hr\/#organization\",\"name\":\"Quotenbulle UG\",\"url\":\"https:\/\/www.quotenbulle.de\/hr\/\",\"logo\":{\"@type\":\"ImageObject\",\"inLanguage\":\"hr\",\"@id\":\"https:\/\/www.quotenbulle.de\/hr\/#\/schema\/logo\/image\/\",\"url\":\"https:\/\/www.quotenbulle.de\/wp-content\/uploads\/logo_banner_450.png\",\"contentUrl\":\"https:\/\/www.quotenbulle.de\/wp-content\/uploads\/logo_banner_450.png\",\"width\":1,\"height\":1,\"caption\":\"Quotenbulle UG\"},\"image\":{\"@id\":\"https:\/\/www.quotenbulle.de\/hr\/#\/schema\/logo\/image\/\"},\"sameAs\":[\"https:\/\/www.facebook.com\/quotenbulle\/\",\"https:\/\/www.instagram.com\/quotenbulle\/\",\"https:\/\/www.youtube.com\/channel\/UC9ZXt_Tcm7SdNbtkRGBWJ0A\"]}]}<\/script>\n<!-- \/ Yoast SEO plugin. -->","yoast_head_json":{"title":"Kontakt - Quotenbulle","description":"Imate li kakvih pitanja? Onda samo pitajte. Dostupni smo vam gotovo non -stop. Bilo putem WhatsAppa ili e -po\u0161te - na\u0161 kompetentni tim za podr\u0161ku odvojit \u0107e vrijeme da odgovori na va\u0161a pitanja \u0161to bolje mogu\u0107e.","robots":{"index":"index","follow":"nofollow","max-snippet":"max-snippet:-1","max-image-preview":"max-image-preview:large","max-video-preview":"max-video-preview:-1"},"canonical":"https:\/\/www.quotenbulle.de\/hr\/hilfe\/contact\/","og_locale":"hr_HR","og_type":"article","og_title":"Kontakt - Quotenbulle","og_description":"Imate li kakvih pitanja? Onda samo pitajte. Dostupni smo vam gotovo non -stop. Bilo putem WhatsAppa ili e -po\u0161te - na\u0161 kompetentni tim za podr\u0161ku odvojit \u0107e vrijeme da odgovori na va\u0161a pitanja \u0161to bolje mogu\u0107e.","og_url":"https:\/\/www.quotenbulle.de\/hr\/hilfe\/contact\/","og_site_name":"Quotenbulle","article_publisher":"https:\/\/www.facebook.com\/quotenbulle\/","article_modified_time":"2022-05-15T19:23:48+00:00","og_image":[{"url":"https:\/\/www.quotenbulle.de\/wp-content\/uploads\/logo_banner_450.png","width":1,"height":1,"type":"image\/png"}],"schema":{"@context":"https:\/\/schema.org","@graph":[{"@type":"WebPage","@id":"https:\/\/www.quotenbulle.de\/hr\/hilfe\/contact\/","url":"https:\/\/www.quotenbulle.de\/hr\/hilfe\/contact\/","name":"Kontakt - Quotenbulle","isPartOf":{"@id":"https:\/\/www.quotenbulle.de\/hr\/#website"},"datePublished":"2021-05-14T11:42:16+00:00","dateModified":"2022-05-15T19:23:48+00:00","description":"Imate li kakvih pitanja? Onda samo pitajte. Dostupni smo vam gotovo non -stop. Bilo putem WhatsAppa ili e -po\u0161te - na\u0161 kompetentni tim za podr\u0161ku odvojit \u0107e vrijeme da odgovori na va\u0161a pitanja \u0161to bolje mogu\u0107e.","breadcrumb":{"@id":"https:\/\/www.quotenbulle.de\/hr\/hilfe\/contact\/#breadcrumb"},"inLanguage":"hr","potentialAction":[{"@type":"ReadAction","target":["https:\/\/www.quotenbulle.de\/hr\/hilfe\/contact\/"]}]},{"@type":"BreadcrumbList","@id":"https:\/\/www.quotenbulle.de\/hr\/hilfe\/contact\/#breadcrumb","itemListElement":[{"@type":"ListItem","position":1,"name":"Startseite","item":"https:\/\/www.quotenbulle.de\/hr\/"},{"@type":"ListItem","position":2,"name":"Pomoc","item":"https:\/\/www.quotenbulle.de\/hr\/hilfe\/"},{"@type":"ListItem","position":3,"name":"Kontakt"}]},{"@type":"WebSite","@id":"https:\/\/www.quotenbulle.de\/hr\/#website","url":"https:\/\/www.quotenbulle.de\/hr\/","name":"Quotenbulle","description":"Dein Weg zum sicheren Wettgewinn","publisher":{"@id":"https:\/\/www.quotenbulle.de\/hr\/#organization"},"potentialAction":[{"@type":"SearchAction","target":{"@type":"EntryPoint","urlTemplate":"https:\/\/www.quotenbulle.de\/hr\/?s={search_term_string}"},"query-input":"required name=search_term_string"}],"inLanguage":"hr"},{"@type":"Organization","@id":"https:\/\/www.quotenbulle.de\/hr\/#organization","name":"Quotenbulle UG","url":"https:\/\/www.quotenbulle.de\/hr\/","logo":{"@type":"ImageObject","inLanguage":"hr","@id":"https:\/\/www.quotenbulle.de\/hr\/#\/schema\/logo\/image\/","url":"https:\/\/www.quotenbulle.de\/wp-content\/uploads\/logo_banner_450.png","contentUrl":"https:\/\/www.quotenbulle.de\/wp-content\/uploads\/logo_banner_450.png","width":1,"height":1,"caption":"Quotenbulle UG"},"image":{"@id":"https:\/\/www.quotenbulle.de\/hr\/#\/schema\/logo\/image\/"},"sameAs":["https:\/\/www.facebook.com\/quotenbulle\/","https:\/\/www.instagram.com\/quotenbulle\/","https:\/\/www.youtube.com\/channel\/UC9ZXt_Tcm7SdNbtkRGBWJ0A"]}]}},"_links":{"self":[{"href":"https:\/\/www.quotenbulle.de\/hr\/wp-json\/wp\/v2\/pages\/43629"}],"collection":[{"href":"https:\/\/www.quotenbulle.de\/hr\/wp-json\/wp\/v2\/pages"}],"about":[{"href":"https:\/\/www.quotenbulle.de\/hr\/wp-json\/wp\/v2\/types\/page"}],"author":[{"embeddable":true,"href":"https:\/\/www.quotenbulle.de\/hr\/wp-json\/wp\/v2\/users\/42"}],"replies":[{"embeddable":true,"href":"https:\/\/www.quotenbulle.de\/hr\/wp-json\/wp\/v2\/comments?post=43629"}],"version-history":[{"count":0,"href":"https:\/\/www.quotenbulle.de\/hr\/wp-json\/wp\/v2\/pages\/43629\/revisions"}],"up":[{"embeddable":true,"href":"https:\/\/www.quotenbulle.de\/hr\/wp-json\/wp\/v2\/pages\/43626"}],"wp:attachment":[{"href":"https:\/\/www.quotenbulle.de\/hr\/wp-json\/wp\/v2\/media?parent=43629"}],"curies":[{"name":"wp","href":"https:\/\/api.w.org\/{rel}","templated":true}]}}