{"id":43632,"date":"2021-05-13T14:32:18","date_gmt":"2021-05-13T12:32:18","guid":{"rendered":"https:\/\/www.quotenbulle.de\/membership\/"},"modified":"2022-03-13T23:30:20","modified_gmt":"2022-03-13T22:30:20","slug":"membership","status":"publish","type":"page","link":"https:\/\/www.quotenbulle.de\/hr\/membership\/","title":{"rendered":"\u010clanstvo"},"content":{"rendered":"<div id=\"pl-43632\"  class=\"panel-layout\" ><div id=\"pg-43632-0\"  class=\"panel-grid panel-no-style\" ><div id=\"pgc-43632-0-0\"  class=\"panel-grid-cell\" ><div id=\"panel-43632-0-0-0\" class=\"so-panel widget widget_sow-editor panel-first-child panel-last-child\" data-index=\"0\" ><div\n\t\t\t\n\t\t\tclass=\"so-widget-sow-editor so-widget-sow-editor-base\"\n\t\t\t\n\t\t>\n<div class=\"siteorigin-widget-tinymce textwidget\">\n\t\t<style>\n\t\t@media only screen and (max-width: 1280px) {\n\t\t.rpt_4_plans .rpt_plan_0, .rpt_4_plans .rpt_plan_2 {\n    \twidth: 350px;\n\t\t\t\/* Firefox *\/\n\t\t\tmargin-left: -moz-calc(50% - 360px) !important;\n\t\t\t\/* WebKit *\/\n\t\t\tmargin-left: -webkit-calc(50% - 360px) !important;\n\t\t\t\/* Opera *\/\n\t\t\tmargin-left: -o-calc(50% - 360px) !important;\n\t\t\t\/* Standard *\/\n\t\t\tmargin-left: calc(50% - 360px) !important;\n\t\t\tmargin-right: 10px !important;\n\t\t}\n\t\t.rpt_4_plans .rpt_plan_1, .rpt_4_plans .rpt_plan_3 {\n    \twidth: 350px;\n\t\t\t\/* Firefox *\/\n\t\t\tmargin-right: -moz-calc(50% - 360px) !important;\n\t\t\t\/* WebKit *\/\n\t\t\tmargin-right: -webkit-calc(50% - 360px) !important;\n\t\t\t\/* Opera *\/\n\t\t\tmargin-right: -o-calc(50% - 360px) !important;\n\t\t\t\/* Standard *\/\n\t\t\tmargin-left: 10px !important;\n\t\t\tmargin-right: calc(50% - 360px) !important;\n\t\t}\n\t}\n\t@media only screen and (max-width: 800px) {\n\t\t.rpt_4_plans .rpt_plan {\n    \twidth: 350px;\n\t\t\t\/* Firefox *\/\n\t\t\tmargin-left: -moz-calc(50% - 175px) !important;\n\t\t\tmargin-right: -moz-calc(50% - 175px) !important;\n\t\t\t\/* WebKit *\/\n\t\t\tmargin-left: -webkit-calc(50% - 175px) !important;\n\t\t\tmargin-right: -webkit-calc(50% - 175px) !important;\n\t\t\t\/* Opera *\/\n\t\t\tmargin-left: -o-calc(50% - 175px) !important;\n\t\t\tmargin-right: -o-calc(50% - 175px) !important;\n\t\t\t\/* Standard *\/\n\t\t\tmargin-left: calc(50% - 175px) !important;\n\t\t\tmargin-right: calc(50% - 175px) !important;\n\t\t}\n\t}\n\t@media only screen and (max-width: 1000px) {\n\t\t.rpt_3_plans .rpt_plan {\n    \twidth: 350px;\n\t\t\t\/* Firefox *\/\n\t\t\tmargin-left: -moz-calc(50% - 175px) !important;\n\t\t\tmargin-right: -moz-calc(50% - 175px) !important;\n\t\t\t\/* WebKit *\/\n\t\t\tmargin-left: -webkit-calc(50% - 175px) !important;\n\t\t\tmargin-right: -webkit-calc(50% - 175px) !important;\n\t\t\t\/* Opera *\/\n\t\t\tmargin-left: -o-calc(50% - 175px) !important;\n\t\t\tmargin-right: -o-calc(50% - 175px) !important;\n\t\t\t\/* Standard *\/\n\t\t\tmargin-left: calc(50% - 175px) !important;\n\t\t\tmargin-right: calc(50% - 175px) !important;\n\t\t}\n\t}\n<\/style>\n\n\n\n\n<div id=\"rpt_pricr\" class=\"rpt_plans rpt_4_plans rpt_style_basic\"><div class=\"\"><div class=\"rpt_plan   rpt_plan_0  \"><div style=\"text-align:left;\" class=\"rpt_title rpt_title_0\">Bron\u010dana razina<\/div><div class=\"rpt_head rpt_head_0\"><div class=\"rpt_recurrence rpt_recurrence_0\">Besplatno<\/div><div class=\"rpt_price rpt_price_0\"><sup class=\"rpt_currency\"><\/sup>0 \u20ac<\/div><div style=\"color:#2972b0;\" class=\"rpt_subprice rpt_subprice_0\">Bez pla\u0107anja<\/div><div style=\"color:#2972b0;\" class=\"rpt_subtitle rpt_subtitle_0\">Sve je besplatno<\/div><div class=\"rpt_description rpt_description_0\">Uz besplatno \u010dlanstvo dobivate pristup ponudama i mo\u017eete odmah zapo\u010deti probnu rundu te ostvariti svoju prvu sigurnu zaradu.<\/div><\/div><div class=\"rpt_features rpt_features_0\"><div style=\"color:black;\" class=\"rpt_feature rpt_feature_0-0\">Ograni\u010den pristup\r<\/div><div style=\"color:black;\" class=\"rpt_feature rpt_feature_0-1\">Mo\u017ee se otkazati bilo kad\r<\/div><div style=\"color:black;\" class=\"rpt_feature rpt_feature_0-2\">Dva bonus kruga\r<\/div><div style=\"color:black;\" class=\"rpt_feature rpt_feature_0-3\">Omogu\u0107uje proviziju od partnera\r<\/div><div style=\"color:black;\" class=\"rpt_feature rpt_feature_0-4\">200 eura neto dobitak<\/div><\/div><a target=\"_self\" href=\"\/hr\/register\" style=\"background:#2972b0\" class=\"rpt_foot rpt_foot_0\">Izaberi<\/a><\/div><div class=\"rpt_plan   rpt_plan_1  \"><div style=\"text-align:left;\" class=\"rpt_title rpt_title_1\">Srebrna razina<\/div><div class=\"rpt_head rpt_head_1\"><div class=\"rpt_recurrence rpt_recurrence_1\">Mjese\u010dno<\/div><div class=\"rpt_price rpt_price_1\"><sup class=\"rpt_currency\"><\/sup>24 \u20ac<\/div><div style=\"color:#16a086;\" class=\"rpt_subprice rpt_subprice_1\">Mjese\u010dna uplata: 24 \u20ac<\/div><div style=\"color:#16a086;\" class=\"rpt_subtitle rpt_subtitle_1\">Potpuna fleksibilnost<\/div><div class=\"rpt_description rpt_description_1\">S razinom srebra dobivate puni pristup ponudama. \u010clanstvo se mo\u017ee otkazati na mjese\u010dnoj bazi..<\/div><\/div><div class=\"rpt_features rpt_features_1\"><div style=\"color:black;\" class=\"rpt_feature rpt_feature_1-0\">Neograni\u010den pristup\r<\/div><div style=\"color:black;\" class=\"rpt_feature rpt_feature_1-1\">Mo\u017ee se otkazati mjese\u010dno\r<\/div><div style=\"color:black;\" class=\"rpt_feature rpt_feature_1-2\">Vi\u0161e od 50 bonus rundi\r<\/div><div style=\"color:black;\" class=\"rpt_feature rpt_feature_1-3\">Omogu\u0107uje proviziju od partnera\r<\/div><div style=\"color:black;\" class=\"rpt_feature rpt_feature_1-4\">Nema u\u0161tede<\/div><\/div><a target=\"_self\" href=\"\/hr\/membership\/silver-level\/\" style=\"background:#16a086\" class=\"rpt_foot rpt_foot_1\">Izaberi<\/a><\/div><div class=\"rpt_plan   rpt_plan_2  \"><div style=\"text-align:left;\" class=\"rpt_title rpt_title_2\">Zlatna razina<\/div><div class=\"rpt_head rpt_head_2\"><div class=\"rpt_recurrence rpt_recurrence_2\">Mjese\u010dno<\/div><div class=\"rpt_price rpt_price_2\"><sup class=\"rpt_currency\"><\/sup>22 \u20ac<\/div><div style=\"color:#f39c11;\" class=\"rpt_subprice rpt_subprice_2\">Tromjese\u010dno pla\u0107anje: 66 \u20ac<\/div><div style=\"color:#f39c11;\" class=\"rpt_subtitle rpt_subtitle_2\">Ljudi koje vole \u0161tedjeti<\/div><div class=\"rpt_description rpt_description_2\">Sa zlatnim statusom ne samo da dobivate puni pristup ponudama, ve\u0107 i \u0161tedite vi\u0161e od 8%. Dobar izbor za svakoga!<\/div><\/div><div class=\"rpt_features rpt_features_2\"><div style=\"color:black;\" class=\"rpt_feature rpt_feature_2-0\">Neograni\u010den pristup\r<\/div><div style=\"color:black;\" class=\"rpt_feature rpt_feature_2-1\">Mo\u017ee se otkazati tromjese\u010dno\r<\/div><div style=\"color:black;\" class=\"rpt_feature rpt_feature_2-2\">Vi\u0161e od 50 bonus rundi\r<\/div><div style=\"color:black;\" class=\"rpt_feature rpt_feature_2-3\">Omogu\u0107uje proviziju od partnera\r<\/div><div style=\"color:black;\" class=\"rpt_feature rpt_feature_2-4\">U\u0161teda preko 8%<\/div><\/div><a target=\"_self\" href=\"\/hr\/membership\/gold-level\/\" style=\"background:#f39c11\" class=\"rpt_foot rpt_foot_2\">Izaberi<\/a><\/div><div class=\"rpt_plan   rpt_plan_3  \"><div style=\"text-align:left;\" class=\"rpt_title rpt_title_3\">Dijamantna razina<\/div><div class=\"rpt_head rpt_head_3\"><div class=\"rpt_recurrence rpt_recurrence_3\">Mjese\u010dno<\/div><div class=\"rpt_price rpt_price_3\"><sup class=\"rpt_currency\"><\/sup>20 \u20ac<\/div><div style=\"color:#8b3d92;\" class=\"rpt_subprice rpt_subprice_3\">Godi\u0161nja uplata: 240 \u20ac<\/div><div style=\"color:#8b3d92;\" class=\"rpt_subtitle rpt_subtitle_3\">Vjernost se nagra\u0111uje<\/div><div class=\"rpt_description rpt_description_3\">Najvjerniji \u010dlanovi ujedno i najvi\u0161e \u0161tede! Platite jednom, bezbri\u017eni ste cijelu godinu.<\/div><\/div><div class=\"rpt_features rpt_features_3\"><div style=\"color:black;\" class=\"rpt_feature rpt_feature_3-0\">Neograni\u010den pristup\r<\/div><div style=\"color:black;\" class=\"rpt_feature rpt_feature_3-1\">Mo\u017ee se otkazati godi\u0161nje\r<\/div><div style=\"color:black;\" class=\"rpt_feature rpt_feature_3-2\">Vi\u0161e od 50 bonus rundi\r<\/div><div style=\"color:black;\" class=\"rpt_feature rpt_feature_3-3\">Omogu\u0107uje proviziju od partnera \r<\/div><div style=\"color:black;\" class=\"rpt_feature rpt_feature_3-4\">U\u0161teda preko 16%<\/div><\/div><a target=\"_self\" href=\"\/hr\/membership\/diamond-level\/\" style=\"background:#8b3d92\" class=\"rpt_foot rpt_foot_3\">Izaberi<\/a><\/div><\/div><\/div><div style=\"clear:both;\"><\/div>\n<\/div>\n<\/div><\/div><\/div><\/div><\/div>","protected":false},"excerpt":{"rendered":"","protected":false},"author":42,"featured_media":0,"parent":0,"menu_order":0,"comment_status":"closed","ping_status":"closed","template":"","meta":{"footnotes":""},"yoast_head":"<!-- This site is optimized with the Yoast SEO plugin v22.5 - https:\/\/yoast.com\/wordpress\/plugins\/seo\/ -->\n<title>\u010clanstvo - Quotenbulle<\/title>\n<meta name=\"description\" content=\"Quotenbulle nudi 4 razli\u010dita \u010dlanstva. Sami odlu\u010dite koji model \u017eelite.\" \/>\n<meta name=\"robots\" content=\"index, follow, max-snippet:-1, max-image-preview:large, max-video-preview:-1\" \/>\n<link rel=\"canonical\" href=\"https:\/\/www.quotenbulle.de\/hr\/membership\/\" \/>\n<meta property=\"og:locale\" content=\"hr_HR\" \/>\n<meta property=\"og:type\" content=\"article\" \/>\n<meta property=\"og:title\" content=\"\u010clanstvo - Quotenbulle\" \/>\n<meta property=\"og:description\" content=\"Quotenbulle nudi 4 razli\u010dita \u010dlanstva. Sami odlu\u010dite koji model \u017eelite.\" \/>\n<meta property=\"og:url\" content=\"https:\/\/www.quotenbulle.de\/hr\/membership\/\" \/>\n<meta property=\"og:site_name\" content=\"Quotenbulle\" \/>\n<meta property=\"article:publisher\" content=\"https:\/\/www.facebook.com\/quotenbulle\/\" \/>\n<meta property=\"article:modified_time\" content=\"2022-03-13T22:30:20+00:00\" \/>\n<meta property=\"og:image\" content=\"https:\/\/www.quotenbulle.de\/wp-content\/uploads\/logo_banner_450.png\" \/>\n\t<meta property=\"og:image:width\" content=\"1\" \/>\n\t<meta property=\"og:image:height\" content=\"1\" \/>\n\t<meta property=\"og:image:type\" content=\"image\/png\" \/>\n<script type=\"application\/ld+json\" class=\"yoast-schema-graph\">{\"@context\":\"https:\/\/schema.org\",\"@graph\":[{\"@type\":\"WebPage\",\"@id\":\"https:\/\/www.quotenbulle.de\/hr\/membership\/\",\"url\":\"https:\/\/www.quotenbulle.de\/hr\/membership\/\",\"name\":\"\u010clanstvo - Quotenbulle\",\"isPartOf\":{\"@id\":\"https:\/\/www.quotenbulle.de\/hr\/#website\"},\"datePublished\":\"2021-05-13T12:32:18+00:00\",\"dateModified\":\"2022-03-13T22:30:20+00:00\",\"description\":\"Quotenbulle nudi 4 razli\u010dita \u010dlanstva. Sami odlu\u010dite koji model \u017eelite.\",\"breadcrumb\":{\"@id\":\"https:\/\/www.quotenbulle.de\/hr\/membership\/#breadcrumb\"},\"inLanguage\":\"hr\",\"potentialAction\":[{\"@type\":\"ReadAction\",\"target\":[\"https:\/\/www.quotenbulle.de\/hr\/membership\/\"]}]},{\"@type\":\"BreadcrumbList\",\"@id\":\"https:\/\/www.quotenbulle.de\/hr\/membership\/#breadcrumb\",\"itemListElement\":[{\"@type\":\"ListItem\",\"position\":1,\"name\":\"Startseite\",\"item\":\"https:\/\/www.quotenbulle.de\/hr\/\"},{\"@type\":\"ListItem\",\"position\":2,\"name\":\"\u010clanstvo\"}]},{\"@type\":\"WebSite\",\"@id\":\"https:\/\/www.quotenbulle.de\/hr\/#website\",\"url\":\"https:\/\/www.quotenbulle.de\/hr\/\",\"name\":\"Quotenbulle\",\"description\":\"Dein Weg zum sicheren Wettgewinn\",\"publisher\":{\"@id\":\"https:\/\/www.quotenbulle.de\/hr\/#organization\"},\"potentialAction\":[{\"@type\":\"SearchAction\",\"target\":{\"@type\":\"EntryPoint\",\"urlTemplate\":\"https:\/\/www.quotenbulle.de\/hr\/?s={search_term_string}\"},\"query-input\":\"required name=search_term_string\"}],\"inLanguage\":\"hr\"},{\"@type\":\"Organization\",\"@id\":\"https:\/\/www.quotenbulle.de\/hr\/#organization\",\"name\":\"Quotenbulle UG\",\"url\":\"https:\/\/www.quotenbulle.de\/hr\/\",\"logo\":{\"@type\":\"ImageObject\",\"inLanguage\":\"hr\",\"@id\":\"https:\/\/www.quotenbulle.de\/hr\/#\/schema\/logo\/image\/\",\"url\":\"https:\/\/www.quotenbulle.de\/wp-content\/uploads\/logo_banner_450.png\",\"contentUrl\":\"https:\/\/www.quotenbulle.de\/wp-content\/uploads\/logo_banner_450.png\",\"width\":1,\"height\":1,\"caption\":\"Quotenbulle UG\"},\"image\":{\"@id\":\"https:\/\/www.quotenbulle.de\/hr\/#\/schema\/logo\/image\/\"},\"sameAs\":[\"https:\/\/www.facebook.com\/quotenbulle\/\",\"https:\/\/www.instagram.com\/quotenbulle\/\",\"https:\/\/www.youtube.com\/channel\/UC9ZXt_Tcm7SdNbtkRGBWJ0A\"]}]}<\/script>\n<!-- \/ Yoast SEO plugin. -->","yoast_head_json":{"title":"\u010clanstvo - Quotenbulle","description":"Quotenbulle nudi 4 razli\u010dita \u010dlanstva. Sami odlu\u010dite koji model \u017eelite.","robots":{"index":"index","follow":"follow","max-snippet":"max-snippet:-1","max-image-preview":"max-image-preview:large","max-video-preview":"max-video-preview:-1"},"canonical":"https:\/\/www.quotenbulle.de\/hr\/membership\/","og_locale":"hr_HR","og_type":"article","og_title":"\u010clanstvo - Quotenbulle","og_description":"Quotenbulle nudi 4 razli\u010dita \u010dlanstva. Sami odlu\u010dite koji model \u017eelite.","og_url":"https:\/\/www.quotenbulle.de\/hr\/membership\/","og_site_name":"Quotenbulle","article_publisher":"https:\/\/www.facebook.com\/quotenbulle\/","article_modified_time":"2022-03-13T22:30:20+00:00","og_image":[{"url":"https:\/\/www.quotenbulle.de\/wp-content\/uploads\/logo_banner_450.png","width":1,"height":1,"type":"image\/png"}],"schema":{"@context":"https:\/\/schema.org","@graph":[{"@type":"WebPage","@id":"https:\/\/www.quotenbulle.de\/hr\/membership\/","url":"https:\/\/www.quotenbulle.de\/hr\/membership\/","name":"\u010clanstvo - Quotenbulle","isPartOf":{"@id":"https:\/\/www.quotenbulle.de\/hr\/#website"},"datePublished":"2021-05-13T12:32:18+00:00","dateModified":"2022-03-13T22:30:20+00:00","description":"Quotenbulle nudi 4 razli\u010dita \u010dlanstva. Sami odlu\u010dite koji model \u017eelite.","breadcrumb":{"@id":"https:\/\/www.quotenbulle.de\/hr\/membership\/#breadcrumb"},"inLanguage":"hr","potentialAction":[{"@type":"ReadAction","target":["https:\/\/www.quotenbulle.de\/hr\/membership\/"]}]},{"@type":"BreadcrumbList","@id":"https:\/\/www.quotenbulle.de\/hr\/membership\/#breadcrumb","itemListElement":[{"@type":"ListItem","position":1,"name":"Startseite","item":"https:\/\/www.quotenbulle.de\/hr\/"},{"@type":"ListItem","position":2,"name":"\u010clanstvo"}]},{"@type":"WebSite","@id":"https:\/\/www.quotenbulle.de\/hr\/#website","url":"https:\/\/www.quotenbulle.de\/hr\/","name":"Quotenbulle","description":"Dein Weg zum sicheren Wettgewinn","publisher":{"@id":"https:\/\/www.quotenbulle.de\/hr\/#organization"},"potentialAction":[{"@type":"SearchAction","target":{"@type":"EntryPoint","urlTemplate":"https:\/\/www.quotenbulle.de\/hr\/?s={search_term_string}"},"query-input":"required name=search_term_string"}],"inLanguage":"hr"},{"@type":"Organization","@id":"https:\/\/www.quotenbulle.de\/hr\/#organization","name":"Quotenbulle UG","url":"https:\/\/www.quotenbulle.de\/hr\/","logo":{"@type":"ImageObject","inLanguage":"hr","@id":"https:\/\/www.quotenbulle.de\/hr\/#\/schema\/logo\/image\/","url":"https:\/\/www.quotenbulle.de\/wp-content\/uploads\/logo_banner_450.png","contentUrl":"https:\/\/www.quotenbulle.de\/wp-content\/uploads\/logo_banner_450.png","width":1,"height":1,"caption":"Quotenbulle UG"},"image":{"@id":"https:\/\/www.quotenbulle.de\/hr\/#\/schema\/logo\/image\/"},"sameAs":["https:\/\/www.facebook.com\/quotenbulle\/","https:\/\/www.instagram.com\/quotenbulle\/","https:\/\/www.youtube.com\/channel\/UC9ZXt_Tcm7SdNbtkRGBWJ0A"]}]}},"_links":{"self":[{"href":"https:\/\/www.quotenbulle.de\/hr\/wp-json\/wp\/v2\/pages\/43632"}],"collection":[{"href":"https:\/\/www.quotenbulle.de\/hr\/wp-json\/wp\/v2\/pages"}],"about":[{"href":"https:\/\/www.quotenbulle.de\/hr\/wp-json\/wp\/v2\/types\/page"}],"author":[{"embeddable":true,"href":"https:\/\/www.quotenbulle.de\/hr\/wp-json\/wp\/v2\/users\/42"}],"replies":[{"embeddable":true,"href":"https:\/\/www.quotenbulle.de\/hr\/wp-json\/wp\/v2\/comments?post=43632"}],"version-history":[{"count":0,"href":"https:\/\/www.quotenbulle.de\/hr\/wp-json\/wp\/v2\/pages\/43632\/revisions"}],"wp:attachment":[{"href":"https:\/\/www.quotenbulle.de\/hr\/wp-json\/wp\/v2\/media?parent=43632"}],"curies":[{"name":"wp","href":"https:\/\/api.w.org\/{rel}","templated":true}]}}