{"id":43634,"date":"2021-05-14T13:24:57","date_gmt":"2021-05-14T11:24:57","guid":{"rendered":"https:\/\/www.quotenbulle.de\/tools\/"},"modified":"2022-03-13T23:36:47","modified_gmt":"2022-03-13T22:36:47","slug":"tools","status":"publish","type":"page","link":"https:\/\/www.quotenbulle.de\/hr\/tools\/","title":{"rendered":"Alati"},"content":{"rendered":"<div id=\"pl-43634\"  class=\"panel-layout\" ><div id=\"pg-43634-0\"  class=\"panel-grid panel-no-style\" ><div id=\"pgc-43634-0-0\"  class=\"panel-grid-cell\" ><div id=\"panel-43634-0-0-0\" class=\"widget_text so-panel widget widget_custom_html panel-first-child panel-last-child\" data-index=\"0\" ><div class=\"textwidget custom-html-widget\"><h3>Dopustite da radimo umjesto vas<\/h3>\n<p style=\"text-align: justify; margin-bottom: 0.5em\">\nRazumijevanje i \u017eelja za dvostrukim okladama je jedno, a provedba je ne\u0161to drugo. Matematika je slo\u017eenija nego \u0161to izgleda. Nije svaka oklada prikladna za ostvarivanje dobitka. Zbog toga smo razvili dva mo\u0107na alata koji vam poma\u017eu da do detalja isplanirate svoje oklade i odaberete dobitne. \n<\/p>\n<p style=\"text-align: justify; margin-bottom: 0.0em\">\nKao \u010dlan Quotenbulle-a imate puni pristup vodi\u010du koji vas vodi kroz sustav kla\u0111enja i neograni\u010deni pristup kalkulatoru. Me\u0111utim, pretra\u017eiva\u010d kvota dostupan je bez ograni\u010denja samo \u010dlanovima s pretplatom. Za besplatno pokretanje bonusa kao dio vodi\u010da, presudni dio pretra\u017eiva\u010da \u0161ansi je naravno aktiviran i za na\u0161e po\u010detnike. Tako mo\u017eete i testno koristiti i cijeniti \u010ditav opseg mo\u0107nih alata.\n<\/p>\n<\/div><\/div><\/div><div id=\"pgc-43634-0-1\"  class=\"panel-grid-cell\" ><div id=\"panel-43634-0-1-0\" class=\"so-panel widget widget_media_image panel-first-child panel-last-child\" data-index=\"1\" ><img loading=\"lazy\" decoding=\"async\" width=\"300\" height=\"300\" src=\"https:\/\/www.quotenbulle.de\/wp-content\/uploads\/qb\/sonstiges\/tools_1-300x300.jpg\" class=\"image wp-image-8588  attachment-medium size-medium\" alt=\"\" style=\"max-width: 100%; height: auto;\" srcset=\"https:\/\/www.quotenbulle.de\/wp-content\/uploads\/qb\/sonstiges\/tools_1-300x300.jpg 300w, https:\/\/www.quotenbulle.de\/wp-content\/uploads\/qb\/sonstiges\/tools_1-768x768.jpg 768w, https:\/\/www.quotenbulle.de\/wp-content\/uploads\/qb\/sonstiges\/tools_1.jpg 1920w\" sizes=\"(max-width: 300px) 100vw, 300px\" \/><\/div><\/div><\/div><div id=\"pg-43634-1\"  class=\"panel-grid panel-no-style\" ><div id=\"pgc-43634-1-0\"  class=\"panel-grid-cell\" ><div id=\"panel-43634-1-0-0\" class=\"so-panel widget widget_media_image panel-first-child panel-last-child\" data-index=\"2\" ><img loading=\"lazy\" decoding=\"async\" width=\"300\" height=\"300\" src=\"https:\/\/www.quotenbulle.de\/wp-content\/uploads\/qb\/sonstiges\/tools_2-300x300.jpg\" class=\"image wp-image-8589  attachment-medium size-medium\" alt=\"\" style=\"max-width: 100%; height: auto;\" srcset=\"https:\/\/www.quotenbulle.de\/wp-content\/uploads\/qb\/sonstiges\/tools_2-300x300.jpg 300w, https:\/\/www.quotenbulle.de\/wp-content\/uploads\/qb\/sonstiges\/tools_2-768x768.jpg 768w, https:\/\/www.quotenbulle.de\/wp-content\/uploads\/qb\/sonstiges\/tools_2.jpg 1920w\" sizes=\"(max-width: 300px) 100vw, 300px\" \/><\/div><\/div><div id=\"pgc-43634-1-1\"  class=\"panel-grid-cell\" ><div id=\"panel-43634-1-1-0\" class=\"widget_text so-panel widget widget_custom_html panel-first-child panel-last-child\" data-index=\"3\" ><div class=\"textwidget custom-html-widget\"><a style=\"display: block; color: #333; text-decoration: none !important\" href=\"\/hr\/tools\/oddsfinder\/\">\n<div class=\"paragraph_glow\">\n<h3>Pretra\u017eiva\u010d kvota<\/h3>\n<p style=\"text-align:justify; margin-bottom: 0.5em;\">\nNe mo\u017eete postavljati dvostruke oklade sa svim parovima u ponudi. U teoriji se mo\u017ee, ali to ne donosi dobit. Prvo i najva\u017enije je kladiti se za i protiv na istu utakmicu. Ali tako\u0111er, va\u017enu ulogu igra i odnos izme\u0111u koeficijenata na koje ste se kladili. Ako je razlika prevelika, poklanjate novac.\n\t<\/p>\n\t<p style=\"text-align:justify; margin-bottom: 0.0em;\">\nPronala\u017eenje prave utakmice s najboljim koeficijentima je umjetnost. Me\u0111utim, umjetnost koja oduzima puno vremena! Nitko ne \u017eeli usporediti stotine utakmica na razli\u010ditim platformama i izra\u010dunati koja igra donosi najbolju dobit. Sre\u0107om, pretra\u017eiva\u010d kvota radi ovaj dugotrajan posao umjesto vas. \n\t<\/p>\n<\/div><\/a><\/div><\/div><\/div><\/div><div id=\"pg-43634-2\"  class=\"panel-grid panel-no-style\" ><div id=\"pgc-43634-2-0\"  class=\"panel-grid-cell\" ><div id=\"panel-43634-2-0-0\" class=\"widget_text so-panel widget widget_custom_html panel-first-child panel-last-child\" data-index=\"4\" ><div class=\"textwidget custom-html-widget\"><a style=\"display: block; color: #333; text-decoration: none !important\" href=\"\/hr\/tools\/calculator\/ \">\n<div class=\"paragraph_glow\">\n<h3>Kalkulator<\/h3>\n<p style=\"text-align:justify; margin-bottom: 0.5em;\">\n\u010cim ste prona\u0161li pravu okladu, postavlja se pitanje: \u0161to dalje??Dvostruka oklada izgleda jednostavno, ali postaje prili\u010dno slo\u017eena kada morate uzeti u obzir razlike u kvotama, poreze, naknade i strategiju. Sve mi to radimo umjesto vas.\n\t<\/p>\n\t<p style=\"text-align:justify; margin-bottom: 0.0em;\">\nTome i slu\u017ei na\u0161 kalkulator. \n\t<\/p>\n<\/div><\/a><\/div><\/div><\/div><div id=\"pgc-43634-2-1\"  class=\"panel-grid-cell\" ><div id=\"panel-43634-2-1-0\" class=\"so-panel widget widget_media_image panel-first-child panel-last-child\" data-index=\"5\" ><img loading=\"lazy\" decoding=\"async\" width=\"300\" height=\"300\" src=\"https:\/\/www.quotenbulle.de\/wp-content\/uploads\/qb\/sonstiges\/tools_3-300x300.jpg\" class=\"image wp-image-8590  attachment-medium size-medium\" alt=\"\" style=\"max-width: 100%; height: auto;\" srcset=\"https:\/\/www.quotenbulle.de\/wp-content\/uploads\/qb\/sonstiges\/tools_3-300x300.jpg 300w, https:\/\/www.quotenbulle.de\/wp-content\/uploads\/qb\/sonstiges\/tools_3.jpg 640w\" sizes=\"(max-width: 300px) 100vw, 300px\" \/><\/div><\/div><\/div><div id=\"pg-43634-3\"  class=\"panel-grid panel-no-style\" ><div id=\"pgc-43634-3-0\"  class=\"panel-grid-cell\" ><div id=\"panel-43634-3-0-0\" class=\"so-panel widget widget_media_image panel-first-child panel-last-child\" data-index=\"6\" ><img loading=\"lazy\" decoding=\"async\" width=\"300\" height=\"300\" src=\"https:\/\/www.quotenbulle.de\/wp-content\/uploads\/qb\/sonstiges\/matrix-300x300.jpg\" class=\"image wp-image-25374  attachment-medium size-medium\" alt=\"\" style=\"max-width: 100%; height: auto;\" srcset=\"https:\/\/www.quotenbulle.de\/wp-content\/uploads\/qb\/sonstiges\/matrix-300x300.jpg 300w, https:\/\/www.quotenbulle.de\/wp-content\/uploads\/qb\/sonstiges\/matrix-768x768.jpg 768w, https:\/\/www.quotenbulle.de\/wp-content\/uploads\/qb\/sonstiges\/matrix.jpg 1280w\" sizes=\"(max-width: 300px) 100vw, 300px\" \/><\/div><\/div><div id=\"pgc-43634-3-1\"  class=\"panel-grid-cell\" ><div id=\"panel-43634-3-1-0\" class=\"widget_text so-panel widget widget_custom_html panel-first-child panel-last-child\" data-index=\"7\" ><div class=\"textwidget custom-html-widget\"><a style=\"display: block; color: #333; text-decoration: none !important\" href=\"https:\/\/www.quotenbulle.de\/hr\/tools\/configurator\/\">\n<div class=\"paragraph_glow\">\n<h3>Konfigurator bonusa<\/h3>\n<p style=\"text-align:justify; margin-bottom: 0.5em;\">\nPretra\u017eiva\u010d kvota ne mo\u017ee uvijek pru\u017eiti detaljan opis za svaki bonus. I tu dolazi na\u0161e rje\u0161enje \u2013 konfigurator bonusa!\n\t<\/p>\n\t<p style=\"text-align:justify; margin-bottom: 0.0em;\">\nUz pomo\u0107 konfiguratora mo\u017eete jednostavno, brzo i povoljno izra\u010dunati vrijednost bonusa. Jednostavno unesite podatke i pustite da vam konfigurator u kratkom vremenu poka\u017eu mogu li se i kako igrati bonusi. Ne gubi vrijeme! Neke su ponude dostupne samo u vrlo kratkom roku. \n\t<\/p>\n<\/div><\/a><\/div><\/div><\/div><\/div><div id=\"pg-43634-4\"  class=\"panel-grid panel-no-style\" ><div id=\"pgc-43634-4-0\"  class=\"panel-grid-cell\" ><div class=\"center_img_cell panel-cell-style panel-cell-style-for-43634-4-0\" ><div id=\"panel-43634-4-0-0\" class=\"widget_text so-panel widget widget_custom_html panel-first-child panel-last-child\" data-index=\"8\" ><div class=\"textwidget custom-html-widget\"><a style=\"display: block; color: #333; text-decoration: none !important\" href=\"\/hr\/tools\/top-bet-finder\/ \">\n<div class=\"paragraph_glow\">\n<h3>Najbolja oklada<\/h3>\n<p style=\"text-align:justify; margin-bottom: 0.5em;\">\nBonusi su glavna podloga za dvostruko kla\u0111enje. Iznova i iznova postoje stvarno nevjerojatni parovi koji obe\u0107avaju sigurnu pobjedu \u010dak i bez bonusa: takozvane sigurne oklade. Ovisno o kvotama, porezima i naknadama, lako se mo\u017ee ostvariti dobit od 2% do 4%. Ali sigurne oklade imaju smisla iz drugog razloga: unosne bonus ponude dolaze znatno \u010de\u0161\u0107e kada se klade bez bonus ponuda. Naravno, kladionice vole vidjeti kada se novac \"prokocka\". Ulo\u017eite nekoliko oklada bez bonusa i opet \u0107ete sletjeti na bonus radar!\n\t<\/p>\n\t<p style=\"text-align:justify; margin-bottom: 0.0em;\">\nI sad dolazimo do pretra\u017eiva\u010da kvota. Preko tog alata mo\u017eete vidjeti najbolje dostupne te\u010dajeve. Naime, ne donose sve oklade sigurnu zaradu, no s na\u0161im kalkulatorom mo\u017eete brzo provjeriti dobivate li ili gubite. \n\t<\/p>\n<\/div><\/a><\/div><\/div><\/div><\/div><div id=\"pgc-43634-4-1\"  class=\"panel-grid-cell\" ><div class=\"center_img_cell panel-cell-style panel-cell-style-for-43634-4-1\" ><div id=\"panel-43634-4-1-0\" class=\"so-panel widget widget_media_image panel-first-child panel-last-child\" data-index=\"9\" ><img loading=\"lazy\" decoding=\"async\" width=\"300\" height=\"300\" src=\"https:\/\/www.quotenbulle.de\/wp-content\/uploads\/qb\/sonstiges\/top_bets-300x300.jpg\" class=\"image wp-image-18008  attachment-medium size-medium\" alt=\"\" style=\"max-width: 100%; height: auto;\" srcset=\"https:\/\/www.quotenbulle.de\/wp-content\/uploads\/qb\/sonstiges\/top_bets-300x300.jpg 300w, https:\/\/www.quotenbulle.de\/wp-content\/uploads\/qb\/sonstiges\/top_bets-768x768.jpg 768w, https:\/\/www.quotenbulle.de\/wp-content\/uploads\/qb\/sonstiges\/top_bets.jpg 1920w\" sizes=\"(max-width: 300px) 100vw, 300px\" \/><\/div><\/div><\/div><\/div><\/div>","protected":false},"excerpt":{"rendered":"Dopustite da radimo umjesto vas Razumijevanje i \u017eelja za dvostrukim okladama je jedno, a provedba je ne\u0161to drugo. Matematika je slo\u017eenija nego \u0161to izgleda. Nije svaka oklada prikladna za ostvarivanje dobitka. Zbog toga smo razvili dva mo\u0107na alata koji vam poma\u017eu da do detalja isplanirate svoje oklade i odaberete dobitne. Kao \u010dlan Quotenbulle-a imate puni pristup vodi\u010du koji vas vodi kroz sustav kla\u0111enja i neograni\u010deni pristup kalkulatoru. Me\u0111utim, pretra\u017eiva\u010d kvota dostupan je bez ograni\u010denja samo \u010dlanovima s pretplatom. Za besplatno&hellip;","protected":false},"author":42,"featured_media":0,"parent":0,"menu_order":0,"comment_status":"closed","ping_status":"closed","template":"","meta":{"footnotes":""},"yoast_head":"<!-- This site is optimized with the Yoast SEO plugin v22.5 - https:\/\/yoast.com\/wordpress\/plugins\/seo\/ -->\n<title>Alati | Quotenbulle<\/title>\n<meta name=\"description\" content=\"Uz pomo\u0107 na\u0161ih alata uskla\u0111eno kla\u0111enje postaje dje\u010dja igra. Pretra\u017eiva\u010d kvota te\u010dajeva i kalkulator pru\u017eit \u0107e vam sve \u0161to je potrebno za 100% zaradu od bonusa od kladionica.\" \/>\n<meta name=\"robots\" content=\"index, follow, max-snippet:-1, max-image-preview:large, max-video-preview:-1\" \/>\n<link rel=\"canonical\" href=\"https:\/\/www.quotenbulle.de\/hr\/tools\/\" \/>\n<meta property=\"og:locale\" content=\"hr_HR\" \/>\n<meta property=\"og:type\" content=\"article\" \/>\n<meta property=\"og:title\" content=\"Alati | Quotenbulle\" \/>\n<meta property=\"og:description\" content=\"Uz pomo\u0107 na\u0161ih alata uskla\u0111eno kla\u0111enje postaje dje\u010dja igra. Pretra\u017eiva\u010d kvota te\u010dajeva i kalkulator pru\u017eit \u0107e vam sve \u0161to je potrebno za 100% zaradu od bonusa od kladionica.\" \/>\n<meta property=\"og:url\" content=\"https:\/\/www.quotenbulle.de\/hr\/tools\/\" \/>\n<meta property=\"og:site_name\" content=\"Quotenbulle\" \/>\n<meta property=\"article:publisher\" content=\"https:\/\/www.facebook.com\/quotenbulle\/\" \/>\n<meta property=\"article:modified_time\" content=\"2022-03-13T22:36:47+00:00\" \/>\n<meta property=\"og:image\" content=\"https:\/\/www.quotenbulle.de\/wp-content\/uploads\/logo_banner_450.png\" \/>\n\t<meta property=\"og:image:width\" content=\"1\" \/>\n\t<meta property=\"og:image:height\" content=\"1\" \/>\n\t<meta property=\"og:image:type\" content=\"image\/png\" \/>\n<script type=\"application\/ld+json\" class=\"yoast-schema-graph\">{\"@context\":\"https:\/\/schema.org\",\"@graph\":[{\"@type\":\"WebPage\",\"@id\":\"https:\/\/www.quotenbulle.de\/hr\/tools\/\",\"url\":\"https:\/\/www.quotenbulle.de\/hr\/tools\/\",\"name\":\"Alati | Quotenbulle\",\"isPartOf\":{\"@id\":\"https:\/\/www.quotenbulle.de\/hr\/#website\"},\"datePublished\":\"2021-05-14T11:24:57+00:00\",\"dateModified\":\"2022-03-13T22:36:47+00:00\",\"description\":\"Uz pomo\u0107 na\u0161ih alata uskla\u0111eno kla\u0111enje postaje dje\u010dja igra. Pretra\u017eiva\u010d kvota te\u010dajeva i kalkulator pru\u017eit \u0107e vam sve \u0161to je potrebno za 100% zaradu od bonusa od kladionica.\",\"breadcrumb\":{\"@id\":\"https:\/\/www.quotenbulle.de\/hr\/tools\/#breadcrumb\"},\"inLanguage\":\"hr\",\"potentialAction\":[{\"@type\":\"ReadAction\",\"target\":[\"https:\/\/www.quotenbulle.de\/hr\/tools\/\"]}]},{\"@type\":\"BreadcrumbList\",\"@id\":\"https:\/\/www.quotenbulle.de\/hr\/tools\/#breadcrumb\",\"itemListElement\":[{\"@type\":\"ListItem\",\"position\":1,\"name\":\"Startseite\",\"item\":\"https:\/\/www.quotenbulle.de\/hr\/\"},{\"@type\":\"ListItem\",\"position\":2,\"name\":\"Alati\"}]},{\"@type\":\"WebSite\",\"@id\":\"https:\/\/www.quotenbulle.de\/hr\/#website\",\"url\":\"https:\/\/www.quotenbulle.de\/hr\/\",\"name\":\"Quotenbulle\",\"description\":\"Dein Weg zum sicheren Wettgewinn\",\"publisher\":{\"@id\":\"https:\/\/www.quotenbulle.de\/hr\/#organization\"},\"potentialAction\":[{\"@type\":\"SearchAction\",\"target\":{\"@type\":\"EntryPoint\",\"urlTemplate\":\"https:\/\/www.quotenbulle.de\/hr\/?s={search_term_string}\"},\"query-input\":\"required name=search_term_string\"}],\"inLanguage\":\"hr\"},{\"@type\":\"Organization\",\"@id\":\"https:\/\/www.quotenbulle.de\/hr\/#organization\",\"name\":\"Quotenbulle UG\",\"url\":\"https:\/\/www.quotenbulle.de\/hr\/\",\"logo\":{\"@type\":\"ImageObject\",\"inLanguage\":\"hr\",\"@id\":\"https:\/\/www.quotenbulle.de\/hr\/#\/schema\/logo\/image\/\",\"url\":\"https:\/\/www.quotenbulle.de\/wp-content\/uploads\/logo_banner_450.png\",\"contentUrl\":\"https:\/\/www.quotenbulle.de\/wp-content\/uploads\/logo_banner_450.png\",\"width\":1,\"height\":1,\"caption\":\"Quotenbulle UG\"},\"image\":{\"@id\":\"https:\/\/www.quotenbulle.de\/hr\/#\/schema\/logo\/image\/\"},\"sameAs\":[\"https:\/\/www.facebook.com\/quotenbulle\/\",\"https:\/\/www.instagram.com\/quotenbulle\/\",\"https:\/\/www.youtube.com\/channel\/UC9ZXt_Tcm7SdNbtkRGBWJ0A\"]}]}<\/script>\n<!-- \/ Yoast SEO plugin. -->","yoast_head_json":{"title":"Alati | Quotenbulle","description":"Uz pomo\u0107 na\u0161ih alata uskla\u0111eno kla\u0111enje postaje dje\u010dja igra. Pretra\u017eiva\u010d kvota te\u010dajeva i kalkulator pru\u017eit \u0107e vam sve \u0161to je potrebno za 100% zaradu od bonusa od kladionica.","robots":{"index":"index","follow":"follow","max-snippet":"max-snippet:-1","max-image-preview":"max-image-preview:large","max-video-preview":"max-video-preview:-1"},"canonical":"https:\/\/www.quotenbulle.de\/hr\/tools\/","og_locale":"hr_HR","og_type":"article","og_title":"Alati | Quotenbulle","og_description":"Uz pomo\u0107 na\u0161ih alata uskla\u0111eno kla\u0111enje postaje dje\u010dja igra. Pretra\u017eiva\u010d kvota te\u010dajeva i kalkulator pru\u017eit \u0107e vam sve \u0161to je potrebno za 100% zaradu od bonusa od kladionica.","og_url":"https:\/\/www.quotenbulle.de\/hr\/tools\/","og_site_name":"Quotenbulle","article_publisher":"https:\/\/www.facebook.com\/quotenbulle\/","article_modified_time":"2022-03-13T22:36:47+00:00","og_image":[{"url":"https:\/\/www.quotenbulle.de\/wp-content\/uploads\/logo_banner_450.png","width":1,"height":1,"type":"image\/png"}],"schema":{"@context":"https:\/\/schema.org","@graph":[{"@type":"WebPage","@id":"https:\/\/www.quotenbulle.de\/hr\/tools\/","url":"https:\/\/www.quotenbulle.de\/hr\/tools\/","name":"Alati | Quotenbulle","isPartOf":{"@id":"https:\/\/www.quotenbulle.de\/hr\/#website"},"datePublished":"2021-05-14T11:24:57+00:00","dateModified":"2022-03-13T22:36:47+00:00","description":"Uz pomo\u0107 na\u0161ih alata uskla\u0111eno kla\u0111enje postaje dje\u010dja igra. Pretra\u017eiva\u010d kvota te\u010dajeva i kalkulator pru\u017eit \u0107e vam sve \u0161to je potrebno za 100% zaradu od bonusa od kladionica.","breadcrumb":{"@id":"https:\/\/www.quotenbulle.de\/hr\/tools\/#breadcrumb"},"inLanguage":"hr","potentialAction":[{"@type":"ReadAction","target":["https:\/\/www.quotenbulle.de\/hr\/tools\/"]}]},{"@type":"BreadcrumbList","@id":"https:\/\/www.quotenbulle.de\/hr\/tools\/#breadcrumb","itemListElement":[{"@type":"ListItem","position":1,"name":"Startseite","item":"https:\/\/www.quotenbulle.de\/hr\/"},{"@type":"ListItem","position":2,"name":"Alati"}]},{"@type":"WebSite","@id":"https:\/\/www.quotenbulle.de\/hr\/#website","url":"https:\/\/www.quotenbulle.de\/hr\/","name":"Quotenbulle","description":"Dein Weg zum sicheren Wettgewinn","publisher":{"@id":"https:\/\/www.quotenbulle.de\/hr\/#organization"},"potentialAction":[{"@type":"SearchAction","target":{"@type":"EntryPoint","urlTemplate":"https:\/\/www.quotenbulle.de\/hr\/?s={search_term_string}"},"query-input":"required name=search_term_string"}],"inLanguage":"hr"},{"@type":"Organization","@id":"https:\/\/www.quotenbulle.de\/hr\/#organization","name":"Quotenbulle UG","url":"https:\/\/www.quotenbulle.de\/hr\/","logo":{"@type":"ImageObject","inLanguage":"hr","@id":"https:\/\/www.quotenbulle.de\/hr\/#\/schema\/logo\/image\/","url":"https:\/\/www.quotenbulle.de\/wp-content\/uploads\/logo_banner_450.png","contentUrl":"https:\/\/www.quotenbulle.de\/wp-content\/uploads\/logo_banner_450.png","width":1,"height":1,"caption":"Quotenbulle UG"},"image":{"@id":"https:\/\/www.quotenbulle.de\/hr\/#\/schema\/logo\/image\/"},"sameAs":["https:\/\/www.facebook.com\/quotenbulle\/","https:\/\/www.instagram.com\/quotenbulle\/","https:\/\/www.youtube.com\/channel\/UC9ZXt_Tcm7SdNbtkRGBWJ0A"]}]}},"_links":{"self":[{"href":"https:\/\/www.quotenbulle.de\/hr\/wp-json\/wp\/v2\/pages\/43634"}],"collection":[{"href":"https:\/\/www.quotenbulle.de\/hr\/wp-json\/wp\/v2\/pages"}],"about":[{"href":"https:\/\/www.quotenbulle.de\/hr\/wp-json\/wp\/v2\/types\/page"}],"author":[{"embeddable":true,"href":"https:\/\/www.quotenbulle.de\/hr\/wp-json\/wp\/v2\/users\/42"}],"replies":[{"embeddable":true,"href":"https:\/\/www.quotenbulle.de\/hr\/wp-json\/wp\/v2\/comments?post=43634"}],"version-history":[{"count":0,"href":"https:\/\/www.quotenbulle.de\/hr\/wp-json\/wp\/v2\/pages\/43634\/revisions"}],"wp:attachment":[{"href":"https:\/\/www.quotenbulle.de\/hr\/wp-json\/wp\/v2\/media?parent=43634"}],"curies":[{"name":"wp","href":"https:\/\/api.w.org\/{rel}","templated":true}]}}