{"id":44122,"date":"2021-08-02T09:00:20","date_gmt":"2021-08-02T07:00:20","guid":{"rendered":"https:\/\/www.quotenbulle.de\/?page_id=44122"},"modified":"2022-03-08T10:32:46","modified_gmt":"2022-03-08T09:32:46","slug":"login","status":"publish","type":"page","link":"https:\/\/www.quotenbulle.de\/hr\/login\/","title":{"rendered":"Prijavi se"},"content":{"rendered":"<div id=\"pl-44122\"  class=\"panel-layout\" ><div id=\"pg-44122-0\"  class=\"panel-grid panel-no-style\" ><div id=\"pgc-44122-0-0\"  class=\"panel-grid-cell panel-grid-cell-empty\" ><\/div><div id=\"pgc-44122-0-1\"  class=\"panel-grid-cell panel-grid-cell-mobile-last\" ><form name=\"loginform\" id=\"loginform\" action=\"https:\/\/www.quotenbulle.de\/wp-login.php\" method=\"post\"><p class=\"login-username\">\n\t\t\t\t<label for=\"user_login\">Korisni\u010dko ime ili adresa e-po\u0161te<\/label>\n\t\t\t\t<input type=\"text\" name=\"log\" id=\"user_login\" autocomplete=\"username\" class=\"input\" value=\"\" size=\"20\" \/>\n\t\t\t<\/p><p class=\"login-password\">\n\t\t\t\t<label for=\"user_pass\">Lozinka<\/label>\n\t\t\t\t<input type=\"password\" name=\"pwd\" id=\"user_pass\" autocomplete=\"current-password\" spellcheck=\"false\" class=\"input\" value=\"\" size=\"20\" \/>\n\t\t\t<\/p><p class=\"login-remember\"><label><input name=\"rememberme\" type=\"checkbox\" id=\"rememberme\" value=\"forever\" \/> Zapamti me<\/label><\/p><p class=\"login-submit\">\n\t\t\t\t<input type=\"submit\" name=\"wp-submit\" id=\"wp-submit\" class=\"button button-primary\" value=\"Prijava\" \/>\n\t\t\t\t<input type=\"hidden\" name=\"redirect_to\" value=\"\/hr\/dashboard\/\" \/>\n\t\t\t<\/p><\/form><p style=\"color:#333; clear:both; margin-bottom: 0.5em\">Jo\u0161 nemate besplatan ra\u010dun? <a style=\"color:#333\" href=\"\/hr\/register\/\"><b>Registraj se<\/b><\/a><\/p>\n<p style=\"color:#333; clear:both\">Zaboravili ste lozinku? <a style=\"color:#333\" href=\"\/wp-login.php?action=lostpassword\"><b>Resetiranje lozinke<\/b><\/a><\/p>\n<div id=\"panel-44122-0-1-0\" class=\"so-panel widget widget_sow-editor panel-first-child panel-last-child\" data-index=\"0\" ><div\n\t\t\t\n\t\t\tclass=\"so-widget-sow-editor so-widget-sow-editor-base\"\n\t\t\t\n\t\t>\n<div class=\"siteorigin-widget-tinymce textwidget\">\n\t\n<\/div>\n<\/div><\/div><\/div><div id=\"pgc-44122-0-2\"  class=\"panel-grid-cell panel-grid-cell-empty\" ><\/div><\/div><\/div>","protected":false},"excerpt":{"rendered":"Korisni\u010dko ime ili adresa e-po\u0161te Lozinka Zapamti me Jo\u0161 nemate besplatan ra\u010dun? Registraj se Zaboravili ste lozinku? Resetiranje lozinke","protected":false},"author":42,"featured_media":0,"parent":0,"menu_order":0,"comment_status":"closed","ping_status":"closed","template":"","meta":{"footnotes":""},"yoast_head":"<!-- This site is optimized with the Yoast SEO plugin v22.5 - https:\/\/yoast.com\/wordpress\/plugins\/seo\/ -->\n<title>Prijavi se | Quotenbulle<\/title>\n<meta name=\"description\" content=\"Uskla\u0111ene oklade i bez rizika. Uskla\u0111eno kla\u0111enje u Njema\u010dkoj, Austriji i \u0160vicarskoj nije problem s vodi\u010dima, alatima i formulama Odds Bull -a.\" \/>\n<meta name=\"robots\" content=\"index, follow, max-snippet:-1, max-image-preview:large, max-video-preview:-1\" \/>\n<link rel=\"canonical\" href=\"https:\/\/www.quotenbulle.de\/hr\/login\/\" \/>\n<meta property=\"og:locale\" content=\"hr_HR\" \/>\n<meta property=\"og:type\" content=\"article\" \/>\n<meta property=\"og:title\" content=\"Prijavi se | Quotenbulle\" \/>\n<meta property=\"og:description\" content=\"Uskla\u0111ene oklade i bez rizika. Uskla\u0111eno kla\u0111enje u Njema\u010dkoj, Austriji i \u0160vicarskoj nije problem s vodi\u010dima, alatima i formulama Odds Bull -a.\" \/>\n<meta property=\"og:url\" content=\"https:\/\/www.quotenbulle.de\/hr\/login\/\" \/>\n<meta property=\"og:site_name\" content=\"Quotenbulle\" \/>\n<meta property=\"article:publisher\" content=\"https:\/\/www.facebook.com\/quotenbulle\/\" \/>\n<meta property=\"article:modified_time\" content=\"2022-03-08T09:32:46+00:00\" \/>\n<meta property=\"og:image\" content=\"https:\/\/www.quotenbulle.de\/wp-content\/uploads\/logo_banner_450.png\" \/>\n\t<meta property=\"og:image:width\" content=\"1\" \/>\n\t<meta property=\"og:image:height\" content=\"1\" \/>\n\t<meta property=\"og:image:type\" content=\"image\/png\" \/>\n<script type=\"application\/ld+json\" class=\"yoast-schema-graph\">{\"@context\":\"https:\/\/schema.org\",\"@graph\":[{\"@type\":\"WebPage\",\"@id\":\"https:\/\/www.quotenbulle.de\/hr\/login\/\",\"url\":\"https:\/\/www.quotenbulle.de\/hr\/login\/\",\"name\":\"Prijavi se | Quotenbulle\",\"isPartOf\":{\"@id\":\"https:\/\/www.quotenbulle.de\/hr\/#website\"},\"datePublished\":\"2021-08-02T07:00:20+00:00\",\"dateModified\":\"2022-03-08T09:32:46+00:00\",\"description\":\"Uskla\u0111ene oklade i bez rizika. Uskla\u0111eno kla\u0111enje u Njema\u010dkoj, Austriji i \u0160vicarskoj nije problem s vodi\u010dima, alatima i formulama Odds Bull -a.\",\"breadcrumb\":{\"@id\":\"https:\/\/www.quotenbulle.de\/hr\/login\/#breadcrumb\"},\"inLanguage\":\"hr\",\"potentialAction\":[{\"@type\":\"ReadAction\",\"target\":[\"https:\/\/www.quotenbulle.de\/hr\/login\/\"]}]},{\"@type\":\"BreadcrumbList\",\"@id\":\"https:\/\/www.quotenbulle.de\/hr\/login\/#breadcrumb\",\"itemListElement\":[{\"@type\":\"ListItem\",\"position\":1,\"name\":\"Startseite\",\"item\":\"https:\/\/www.quotenbulle.de\/hr\/\"},{\"@type\":\"ListItem\",\"position\":2,\"name\":\"Prijavi se\"}]},{\"@type\":\"WebSite\",\"@id\":\"https:\/\/www.quotenbulle.de\/hr\/#website\",\"url\":\"https:\/\/www.quotenbulle.de\/hr\/\",\"name\":\"Quotenbulle\",\"description\":\"Dein Weg zum sicheren Wettgewinn\",\"publisher\":{\"@id\":\"https:\/\/www.quotenbulle.de\/hr\/#organization\"},\"potentialAction\":[{\"@type\":\"SearchAction\",\"target\":{\"@type\":\"EntryPoint\",\"urlTemplate\":\"https:\/\/www.quotenbulle.de\/hr\/?s={search_term_string}\"},\"query-input\":\"required name=search_term_string\"}],\"inLanguage\":\"hr\"},{\"@type\":\"Organization\",\"@id\":\"https:\/\/www.quotenbulle.de\/hr\/#organization\",\"name\":\"Quotenbulle UG\",\"url\":\"https:\/\/www.quotenbulle.de\/hr\/\",\"logo\":{\"@type\":\"ImageObject\",\"inLanguage\":\"hr\",\"@id\":\"https:\/\/www.quotenbulle.de\/hr\/#\/schema\/logo\/image\/\",\"url\":\"https:\/\/www.quotenbulle.de\/wp-content\/uploads\/logo_banner_450.png\",\"contentUrl\":\"https:\/\/www.quotenbulle.de\/wp-content\/uploads\/logo_banner_450.png\",\"width\":1,\"height\":1,\"caption\":\"Quotenbulle UG\"},\"image\":{\"@id\":\"https:\/\/www.quotenbulle.de\/hr\/#\/schema\/logo\/image\/\"},\"sameAs\":[\"https:\/\/www.facebook.com\/quotenbulle\/\",\"https:\/\/www.instagram.com\/quotenbulle\/\",\"https:\/\/www.youtube.com\/channel\/UC9ZXt_Tcm7SdNbtkRGBWJ0A\"]}]}<\/script>\n<!-- \/ Yoast SEO plugin. -->","yoast_head_json":{"title":"Prijavi se | Quotenbulle","description":"Uskla\u0111ene oklade i bez rizika. Uskla\u0111eno kla\u0111enje u Njema\u010dkoj, Austriji i \u0160vicarskoj nije problem s vodi\u010dima, alatima i formulama Odds Bull -a.","robots":{"index":"index","follow":"follow","max-snippet":"max-snippet:-1","max-image-preview":"max-image-preview:large","max-video-preview":"max-video-preview:-1"},"canonical":"https:\/\/www.quotenbulle.de\/hr\/login\/","og_locale":"hr_HR","og_type":"article","og_title":"Prijavi se | Quotenbulle","og_description":"Uskla\u0111ene oklade i bez rizika. Uskla\u0111eno kla\u0111enje u Njema\u010dkoj, Austriji i \u0160vicarskoj nije problem s vodi\u010dima, alatima i formulama Odds Bull -a.","og_url":"https:\/\/www.quotenbulle.de\/hr\/login\/","og_site_name":"Quotenbulle","article_publisher":"https:\/\/www.facebook.com\/quotenbulle\/","article_modified_time":"2022-03-08T09:32:46+00:00","og_image":[{"url":"https:\/\/www.quotenbulle.de\/wp-content\/uploads\/logo_banner_450.png","width":1,"height":1,"type":"image\/png"}],"schema":{"@context":"https:\/\/schema.org","@graph":[{"@type":"WebPage","@id":"https:\/\/www.quotenbulle.de\/hr\/login\/","url":"https:\/\/www.quotenbulle.de\/hr\/login\/","name":"Prijavi se | Quotenbulle","isPartOf":{"@id":"https:\/\/www.quotenbulle.de\/hr\/#website"},"datePublished":"2021-08-02T07:00:20+00:00","dateModified":"2022-03-08T09:32:46+00:00","description":"Uskla\u0111ene oklade i bez rizika. Uskla\u0111eno kla\u0111enje u Njema\u010dkoj, Austriji i \u0160vicarskoj nije problem s vodi\u010dima, alatima i formulama Odds Bull -a.","breadcrumb":{"@id":"https:\/\/www.quotenbulle.de\/hr\/login\/#breadcrumb"},"inLanguage":"hr","potentialAction":[{"@type":"ReadAction","target":["https:\/\/www.quotenbulle.de\/hr\/login\/"]}]},{"@type":"BreadcrumbList","@id":"https:\/\/www.quotenbulle.de\/hr\/login\/#breadcrumb","itemListElement":[{"@type":"ListItem","position":1,"name":"Startseite","item":"https:\/\/www.quotenbulle.de\/hr\/"},{"@type":"ListItem","position":2,"name":"Prijavi se"}]},{"@type":"WebSite","@id":"https:\/\/www.quotenbulle.de\/hr\/#website","url":"https:\/\/www.quotenbulle.de\/hr\/","name":"Quotenbulle","description":"Dein Weg zum sicheren Wettgewinn","publisher":{"@id":"https:\/\/www.quotenbulle.de\/hr\/#organization"},"potentialAction":[{"@type":"SearchAction","target":{"@type":"EntryPoint","urlTemplate":"https:\/\/www.quotenbulle.de\/hr\/?s={search_term_string}"},"query-input":"required name=search_term_string"}],"inLanguage":"hr"},{"@type":"Organization","@id":"https:\/\/www.quotenbulle.de\/hr\/#organization","name":"Quotenbulle UG","url":"https:\/\/www.quotenbulle.de\/hr\/","logo":{"@type":"ImageObject","inLanguage":"hr","@id":"https:\/\/www.quotenbulle.de\/hr\/#\/schema\/logo\/image\/","url":"https:\/\/www.quotenbulle.de\/wp-content\/uploads\/logo_banner_450.png","contentUrl":"https:\/\/www.quotenbulle.de\/wp-content\/uploads\/logo_banner_450.png","width":1,"height":1,"caption":"Quotenbulle UG"},"image":{"@id":"https:\/\/www.quotenbulle.de\/hr\/#\/schema\/logo\/image\/"},"sameAs":["https:\/\/www.facebook.com\/quotenbulle\/","https:\/\/www.instagram.com\/quotenbulle\/","https:\/\/www.youtube.com\/channel\/UC9ZXt_Tcm7SdNbtkRGBWJ0A"]}]}},"_links":{"self":[{"href":"https:\/\/www.quotenbulle.de\/hr\/wp-json\/wp\/v2\/pages\/44122"}],"collection":[{"href":"https:\/\/www.quotenbulle.de\/hr\/wp-json\/wp\/v2\/pages"}],"about":[{"href":"https:\/\/www.quotenbulle.de\/hr\/wp-json\/wp\/v2\/types\/page"}],"author":[{"embeddable":true,"href":"https:\/\/www.quotenbulle.de\/hr\/wp-json\/wp\/v2\/users\/42"}],"replies":[{"embeddable":true,"href":"https:\/\/www.quotenbulle.de\/hr\/wp-json\/wp\/v2\/comments?post=44122"}],"version-history":[{"count":0,"href":"https:\/\/www.quotenbulle.de\/hr\/wp-json\/wp\/v2\/pages\/44122\/revisions"}],"wp:attachment":[{"href":"https:\/\/www.quotenbulle.de\/hr\/wp-json\/wp\/v2\/media?parent=44122"}],"curies":[{"name":"wp","href":"https:\/\/api.w.org\/{rel}","templated":true}]}}