{"id":44720,"date":"2021-08-11T15:37:03","date_gmt":"2021-08-11T13:37:03","guid":{"rendered":"https:\/\/www.quotenbulle.de\/?page_id=44720"},"modified":"2022-03-14T11:09:02","modified_gmt":"2022-03-14T10:09:02","slug":"impressum","status":"publish","type":"page","link":"https:\/\/www.quotenbulle.de\/hr\/impressum\/","title":{"rendered":"Impresum"},"content":{"rendered":"<div id=\"pl-44720\"  class=\"panel-layout\" ><div id=\"pg-44720-0\"  class=\"panel-grid panel-no-style\" ><div id=\"pgc-44720-0-0\"  class=\"panel-grid-cell panel-grid-cell-mobile-last\" ><div id=\"panel-44720-0-0-0\" class=\"so-panel widget widget_sow-editor panel-first-child panel-last-child\" data-index=\"0\" ><div\n\t\t\t\n\t\t\tclass=\"so-widget-sow-editor so-widget-sow-editor-base\"\n\t\t\t\n\t\t>\n<div class=\"siteorigin-widget-tinymce textwidget\">\n\t<h1 style=\"color: #333;\">Impresum<\/h1>\n<\/div>\n<\/div><\/div><\/div><div id=\"pgc-44720-0-1\"  class=\"panel-grid-cell panel-grid-cell-empty\" ><\/div><\/div><div id=\"pg-44720-1\"  class=\"panel-grid panel-no-style\" ><div id=\"pgc-44720-1-0\"  class=\"panel-grid-cell\" ><div id=\"panel-44720-1-0-0\" class=\"widget_text so-panel widget widget_custom_html panel-first-child panel-last-child\" data-index=\"1\" ><div class=\"textwidget custom-html-widget\"><h3>Unosi na koje se poziva \u00a7 5 TMG:<\/h3>\n<p style=\"margin-bottom: 0.8em;\">\nQuotenbulle UG (haftungsbeschr\u00e4nkt)<br\/>\nLena-Christ-Stra\u00dfe 2<br>\n82031 Gr\u00fcnwald\n<\/p>\n\n<br\/><h3>Predstavnici:<\/h3>\n<p style=\"margin-bottom: 0.8em;\">\nMichael Gutekunst (izvr\u0161ni direktor)<br>\nTorsten Hoss (izvr\u0161ni direktor)\n<\/p>\n\n<br\/><h3>Kontakt:<\/h3>\n<p style=\"margin-bottom: 0.8em;\">\n\tE-Mail: <a target=\"_blank\" href=\"mailto:info@quotenbulle.de\" style=\"color:#333\" rel=\"noopener\">info@quotenbulle.de<\/a><br>\n\tTelefon: <a target=\"_blank\" href=\"https:\/\/wa.me\/+4915236850374\" style=\"color:#333\" rel=\"noopener\">+49 152 36850374<\/a>\n<\/p><\/div><\/div><\/div><div id=\"pgc-44720-1-1\"  class=\"panel-grid-cell\" ><div id=\"panel-44720-1-1-0\" class=\"widget_text so-panel widget widget_custom_html panel-first-child panel-last-child\" data-index=\"2\" ><div class=\"textwidget custom-html-widget\"><h3>Upisani u registar:<\/h3>\n<p style=\"margin-bottom: 0.8em;\">\nRegistracijski sud: Okru\u017eni sud u M\u00fcnchenu<br\/>\nRegistarski broj: HRB 264113\n<\/p>\n<p style=\"margin-bottom: 0.8em;\">\nIdentifikacijski broj poreza na promet prema njema\u010dkom Zakonu o porezu na promet:\n<br\/>\nDE319311554\n<\/p>\n<p style=\"margin-bottom: 0.8em;\">\n\t\n\tEuropska komisija pru\u017ea platformu za online rje\u0161avanje sporova (OS): <a href=\"https:\/\/ec.europa.eu\/consumers\/odr\" target=\"_blank\" rel=\"noopener\">https:\/\/ec.europa.eu\/consumers\/odr<\/a><br>Na\u0161u e-mail adresu mo\u017eete prona\u0107i ovdje u impresumu. Nismo voljni ili obvezni sudjelovati u postupcima rje\u0161avanja sporova pred arbitra\u017enim odborom potro\u0161a\u010da.<\/p><\/div><\/div><\/div><\/div><div id=\"pg-44720-2\"  class=\"panel-grid panel-no-style\" ><div id=\"pgc-44720-2-0\"  class=\"panel-grid-cell\" ><div id=\"panel-44720-2-0-0\" class=\"widget_text so-panel widget widget_custom_html panel-first-child panel-last-child\" data-index=\"3\" ><div class=\"textwidget custom-html-widget\"><h3>Odgovornost za sadr\u017eaj<\/h3>\n\n<p style=\"margin-bottom: 0.8em;\">Kao davatelj usluga, odgovorni smo za vlastiti sadr\u017eaj na ovim stranicama u skladu s odjeljkom 7, stavkom 1 njema\u010dkog Zakona o telemedijima (TMG). Me\u0111utim, prema \u00a7\u00a7 8 do 10 TMG-a, mi kao davatelj usluga nismo du\u017eni nadzirati prenesene ili pohranjene informacije tre\u0107ih strana niti istra\u017eivati \u200b\u200bokolnosti koje ukazuju na nezakonite aktivnosti.\n<\/p>\n\n<p style=\"margin-bottom: 0.8em;\">Obveze uklanjanja ili blokiranja kori\u0161tenja informacija prema op\u0107im zakonima ostaju nepromijenjene. Me\u0111utim, odgovornost u tom pogledu je mogu\u0107a samo od trenutka kada je poznato saznanje o konkretnom kr\u0161enju zakona. \u010cim saznamo za bilo kakvo kr\u0161enje zakona, odmah \u0107emo ukloniti ovaj sadr\u017eaj.\n<\/p><\/div><\/div><\/div><div id=\"pgc-44720-2-1\"  class=\"panel-grid-cell\" ><div id=\"panel-44720-2-1-0\" class=\"widget_text so-panel widget widget_custom_html panel-first-child panel-last-child\" data-index=\"4\" ><div class=\"textwidget custom-html-widget\"><h3>Odgovornost za poveznice\n<\/h3>\n\n<p style=\"margin-bottom: 0.8em;\">Na\u0161a ponuda sadr\u017ei poveznice na vanjske web stranice tre\u0107ih strana na \u010diji sadr\u017eaj nemamo utjecaj. Stoga ne mo\u017eemo preuzeti nikakvu odgovornost za ovaj vanjski sadr\u017eaj. Doti\u010dni pru\u017eatelj ili operater stranica uvijek je odgovoran za sadr\u017eaj povezanih stranica. Povezane stranice provjerene su zbog mogu\u0107ih kr\u0161enja zakona u trenutku povezivanja. Ilegalni sadr\u017eaj nije bio prepoznatljiv u trenutku povezivanja.\n<\/p>\n\n<p style=\"margin-bottom: 0.8em;\">Me\u0111utim, trajna kontrola sadr\u017eaja povezanih stranica nije razumna bez konkretnih dokaza o kr\u0161enju prava. \u010cim saznamo za kr\u0161enje zakona, takve \u0107emo veze odmah ukloniti.\n<\/p><\/div><\/div><\/div><\/div><div id=\"pg-44720-3\"  class=\"panel-grid panel-no-style\" ><div id=\"pgc-44720-3-0\"  class=\"panel-grid-cell panel-grid-cell-mobile-last\" ><div id=\"panel-44720-3-0-0\" class=\"widget_text so-panel widget widget_custom_html panel-first-child panel-last-child\" data-index=\"5\" ><div class=\"textwidget custom-html-widget\"><h3>Autorsko pravo\n<\/h3>\n\n<p style=\"margin-bottom: 0.8em;\">Sadr\u017eaj i radovi na ovim stranicama koje su kreirali operateri stranice podlije\u017eu njema\u010dkom zakonu o autorskim pravima. Umno\u017eavanje, ure\u0111ivanje, distribucija i bilo koja vrsta iskori\u0161tavanja izvan granica autorskih prava zahtijevaju pisani pristanak doti\u010dnog autora ili kreatora. Preuzimanja i kopije ove stranice dopu\u0161teni su samo za privatnu, nekomercijalnu upotrebu.\n<\/p>\n\n<p style=\"margin-bottom: 0.8em;\">Ukoliko sadr\u017eaj na ovoj stranici nije kreirao operater, po\u0161tivaju se autorska prava tre\u0107ih osoba. Konkretno, sadr\u017eaji tre\u0107ih osoba su ozna\u010deni kao takvi. Ako ipak saznate za kr\u0161enje autorskih prava, molimo da nas o tome obavijestite. \u010cim saznamo za kr\u0161enje zakona, odmah \u0107emo ukloniti takav sadr\u017eaj.\n<\/p>\n\n<p style=\"margin-bottom: 0.8em;\">Quelle: <a href=\"https:\/\/www.e-recht24.de\"  style=\"color:#333\"><b>eRecht24<\/b><\/a><\/p><\/div><\/div><\/div><div id=\"pgc-44720-3-1\"  class=\"panel-grid-cell panel-grid-cell-empty\" ><\/div><\/div><\/div>","protected":false},"excerpt":{"rendered":"Impresum","protected":false},"author":42,"featured_media":0,"parent":0,"menu_order":0,"comment_status":"closed","ping_status":"closed","template":"","meta":{"footnotes":""},"yoast_head":"<!-- This site is optimized with the Yoast SEO plugin v22.5 - https:\/\/yoast.com\/wordpress\/plugins\/seo\/ -->\n<title>Impresum - Quotenbulle<\/title>\n<meta name=\"robots\" content=\"noindex, nofollow\" \/>\n<meta property=\"og:locale\" content=\"hr_HR\" \/>\n<meta property=\"og:type\" content=\"article\" \/>\n<meta property=\"og:title\" content=\"Impresum - Quotenbulle\" \/>\n<meta property=\"og:description\" content=\"Impresum\" \/>\n<meta property=\"og:url\" content=\"https:\/\/www.quotenbulle.de\/hr\/impressum\/\" \/>\n<meta property=\"og:site_name\" content=\"Quotenbulle\" \/>\n<meta property=\"article:publisher\" content=\"https:\/\/www.facebook.com\/quotenbulle\/\" \/>\n<meta property=\"article:modified_time\" content=\"2022-03-14T10:09:02+00:00\" \/>\n<meta property=\"og:image\" content=\"https:\/\/www.quotenbulle.de\/wp-content\/uploads\/logo_banner_450.png\" \/>\n\t<meta property=\"og:image:width\" content=\"1\" \/>\n\t<meta property=\"og:image:height\" content=\"1\" \/>\n\t<meta property=\"og:image:type\" content=\"image\/png\" \/>\n<script type=\"application\/ld+json\" class=\"yoast-schema-graph\">{\"@context\":\"https:\/\/schema.org\",\"@graph\":[{\"@type\":\"WebPage\",\"@id\":\"https:\/\/www.quotenbulle.de\/hr\/impressum\/\",\"url\":\"https:\/\/www.quotenbulle.de\/hr\/impressum\/\",\"name\":\"Impresum - Quotenbulle\",\"isPartOf\":{\"@id\":\"https:\/\/www.quotenbulle.de\/hr\/#website\"},\"datePublished\":\"2021-08-11T13:37:03+00:00\",\"dateModified\":\"2022-03-14T10:09:02+00:00\",\"breadcrumb\":{\"@id\":\"https:\/\/www.quotenbulle.de\/hr\/impressum\/#breadcrumb\"},\"inLanguage\":\"hr\",\"potentialAction\":[{\"@type\":\"ReadAction\",\"target\":[\"https:\/\/www.quotenbulle.de\/hr\/impressum\/\"]}]},{\"@type\":\"BreadcrumbList\",\"@id\":\"https:\/\/www.quotenbulle.de\/hr\/impressum\/#breadcrumb\",\"itemListElement\":[{\"@type\":\"ListItem\",\"position\":1,\"name\":\"Startseite\",\"item\":\"https:\/\/www.quotenbulle.de\/hr\/\"},{\"@type\":\"ListItem\",\"position\":2,\"name\":\"Impresum\"}]},{\"@type\":\"WebSite\",\"@id\":\"https:\/\/www.quotenbulle.de\/hr\/#website\",\"url\":\"https:\/\/www.quotenbulle.de\/hr\/\",\"name\":\"Quotenbulle\",\"description\":\"Dein Weg zum sicheren Wettgewinn\",\"publisher\":{\"@id\":\"https:\/\/www.quotenbulle.de\/hr\/#organization\"},\"potentialAction\":[{\"@type\":\"SearchAction\",\"target\":{\"@type\":\"EntryPoint\",\"urlTemplate\":\"https:\/\/www.quotenbulle.de\/hr\/?s={search_term_string}\"},\"query-input\":\"required name=search_term_string\"}],\"inLanguage\":\"hr\"},{\"@type\":\"Organization\",\"@id\":\"https:\/\/www.quotenbulle.de\/hr\/#organization\",\"name\":\"Quotenbulle UG\",\"url\":\"https:\/\/www.quotenbulle.de\/hr\/\",\"logo\":{\"@type\":\"ImageObject\",\"inLanguage\":\"hr\",\"@id\":\"https:\/\/www.quotenbulle.de\/hr\/#\/schema\/logo\/image\/\",\"url\":\"https:\/\/www.quotenbulle.de\/wp-content\/uploads\/logo_banner_450.png\",\"contentUrl\":\"https:\/\/www.quotenbulle.de\/wp-content\/uploads\/logo_banner_450.png\",\"width\":1,\"height\":1,\"caption\":\"Quotenbulle UG\"},\"image\":{\"@id\":\"https:\/\/www.quotenbulle.de\/hr\/#\/schema\/logo\/image\/\"},\"sameAs\":[\"https:\/\/www.facebook.com\/quotenbulle\/\",\"https:\/\/www.instagram.com\/quotenbulle\/\",\"https:\/\/www.youtube.com\/channel\/UC9ZXt_Tcm7SdNbtkRGBWJ0A\"]}]}<\/script>\n<!-- \/ Yoast SEO plugin. -->","yoast_head_json":{"title":"Impresum - Quotenbulle","robots":{"index":"noindex","follow":"nofollow"},"og_locale":"hr_HR","og_type":"article","og_title":"Impresum - Quotenbulle","og_description":"Impresum","og_url":"https:\/\/www.quotenbulle.de\/hr\/impressum\/","og_site_name":"Quotenbulle","article_publisher":"https:\/\/www.facebook.com\/quotenbulle\/","article_modified_time":"2022-03-14T10:09:02+00:00","og_image":[{"url":"https:\/\/www.quotenbulle.de\/wp-content\/uploads\/logo_banner_450.png","width":1,"height":1,"type":"image\/png"}],"schema":{"@context":"https:\/\/schema.org","@graph":[{"@type":"WebPage","@id":"https:\/\/www.quotenbulle.de\/hr\/impressum\/","url":"https:\/\/www.quotenbulle.de\/hr\/impressum\/","name":"Impresum - Quotenbulle","isPartOf":{"@id":"https:\/\/www.quotenbulle.de\/hr\/#website"},"datePublished":"2021-08-11T13:37:03+00:00","dateModified":"2022-03-14T10:09:02+00:00","breadcrumb":{"@id":"https:\/\/www.quotenbulle.de\/hr\/impressum\/#breadcrumb"},"inLanguage":"hr","potentialAction":[{"@type":"ReadAction","target":["https:\/\/www.quotenbulle.de\/hr\/impressum\/"]}]},{"@type":"BreadcrumbList","@id":"https:\/\/www.quotenbulle.de\/hr\/impressum\/#breadcrumb","itemListElement":[{"@type":"ListItem","position":1,"name":"Startseite","item":"https:\/\/www.quotenbulle.de\/hr\/"},{"@type":"ListItem","position":2,"name":"Impresum"}]},{"@type":"WebSite","@id":"https:\/\/www.quotenbulle.de\/hr\/#website","url":"https:\/\/www.quotenbulle.de\/hr\/","name":"Quotenbulle","description":"Dein Weg zum sicheren Wettgewinn","publisher":{"@id":"https:\/\/www.quotenbulle.de\/hr\/#organization"},"potentialAction":[{"@type":"SearchAction","target":{"@type":"EntryPoint","urlTemplate":"https:\/\/www.quotenbulle.de\/hr\/?s={search_term_string}"},"query-input":"required name=search_term_string"}],"inLanguage":"hr"},{"@type":"Organization","@id":"https:\/\/www.quotenbulle.de\/hr\/#organization","name":"Quotenbulle UG","url":"https:\/\/www.quotenbulle.de\/hr\/","logo":{"@type":"ImageObject","inLanguage":"hr","@id":"https:\/\/www.quotenbulle.de\/hr\/#\/schema\/logo\/image\/","url":"https:\/\/www.quotenbulle.de\/wp-content\/uploads\/logo_banner_450.png","contentUrl":"https:\/\/www.quotenbulle.de\/wp-content\/uploads\/logo_banner_450.png","width":1,"height":1,"caption":"Quotenbulle UG"},"image":{"@id":"https:\/\/www.quotenbulle.de\/hr\/#\/schema\/logo\/image\/"},"sameAs":["https:\/\/www.facebook.com\/quotenbulle\/","https:\/\/www.instagram.com\/quotenbulle\/","https:\/\/www.youtube.com\/channel\/UC9ZXt_Tcm7SdNbtkRGBWJ0A"]}]}},"_links":{"self":[{"href":"https:\/\/www.quotenbulle.de\/hr\/wp-json\/wp\/v2\/pages\/44720"}],"collection":[{"href":"https:\/\/www.quotenbulle.de\/hr\/wp-json\/wp\/v2\/pages"}],"about":[{"href":"https:\/\/www.quotenbulle.de\/hr\/wp-json\/wp\/v2\/types\/page"}],"author":[{"embeddable":true,"href":"https:\/\/www.quotenbulle.de\/hr\/wp-json\/wp\/v2\/users\/42"}],"replies":[{"embeddable":true,"href":"https:\/\/www.quotenbulle.de\/hr\/wp-json\/wp\/v2\/comments?post=44720"}],"version-history":[{"count":0,"href":"https:\/\/www.quotenbulle.de\/hr\/wp-json\/wp\/v2\/pages\/44720\/revisions"}],"wp:attachment":[{"href":"https:\/\/www.quotenbulle.de\/hr\/wp-json\/wp\/v2\/media?parent=44720"}],"curies":[{"name":"wp","href":"https:\/\/api.w.org\/{rel}","templated":true}]}}