{"id":44723,"date":"2021-08-11T15:37:52","date_gmt":"2021-08-11T13:37:52","guid":{"rendered":"https:\/\/www.quotenbulle.de\/?page_id=44723"},"modified":"2022-03-14T11:13:30","modified_gmt":"2022-03-14T10:13:30","slug":"ueber-uns","status":"publish","type":"page","link":"https:\/\/www.quotenbulle.de\/hr\/ueber-uns\/","title":{"rendered":"O nama"},"content":{"rendered":"<div id=\"pl-44723\"  class=\"panel-layout\" ><div id=\"pg-44723-0\"  class=\"panel-grid panel-no-style\" ><div id=\"pgc-44723-0-0\"  class=\"panel-grid-cell panel-grid-cell-mobile-last\" ><div id=\"panel-44723-0-0-0\" class=\"widget_text so-panel widget widget_custom_html panel-first-child panel-last-child\" data-index=\"0\" ><div class=\"textwidget custom-html-widget\"><h3>Quotenbulle tim\n<\/h3>\n<p style=\"margin-bottom: 0.0em; text-align: justify\">\nPozdrav! Ono \u0161to je u rujnu 2016. Nastalo kao ideja iz izgubljenog listi\u0107a je ono \u0161to danas s ponosom mo\u017eemo nazvati koeficijentom. U po\u010detku je zapo\u010deo s timom od dvoje, Quotenbulle tim sada ima osam ambicioznih zaposlenika. Kao stru\u010dnjak u svom podru\u010dju, svatko od nas radi sa stra\u0161\u0107u i stra\u0161\u0107u kako bismo svojim \u010dlanovima omogu\u0107ili sigurnu zaradu kroz koordinirane oklade.\n\n<\/p><\/div><\/div><\/div><div id=\"pgc-44723-0-1\"  class=\"panel-grid-cell panel-grid-cell-empty\" ><\/div><\/div><div id=\"pg-44723-1\"  class=\"panel-grid panel-no-style\" ><div id=\"pgc-44723-1-0\"  class=\"panel-grid-cell\" ><div id=\"panel-44723-1-0-0\" class=\"so-panel widget widget_media_image panel-first-child\" data-index=\"1\" ><img loading=\"lazy\" decoding=\"async\" width=\"1166\" height=\"1733\" src=\"https:\/\/www.quotenbulle.de\/wp-content\/uploads\/qb\/about us\/torsten.jpg\" class=\"image wp-image-24886  attachment-full size-full\" alt=\"\" style=\"max-width: 100%; height: auto;\" srcset=\"https:\/\/www.quotenbulle.de\/wp-content\/uploads\/qb\/about%20us\/torsten.jpg 1166w, https:\/\/www.quotenbulle.de\/wp-content\/uploads\/qb\/about%20us\/torsten-202x300.jpg 202w, https:\/\/www.quotenbulle.de\/wp-content\/uploads\/qb\/about%20us\/torsten-768x1141.jpg 768w\" sizes=\"(max-width: 1166px) 100vw, 1166px\" \/><\/div><div id=\"panel-44723-1-0-1\" class=\"widget_text so-panel widget widget_custom_html panel-last-child\" data-index=\"2\" ><div class=\"textwidget custom-html-widget\"><h3>Torsten<\/h3>\n<p style=\"margin-bottom: 0.5em; text-align: justify;\">\nOsniva\u010d i izvr\u0161ni direktor. Na temelju ambiciozne ideje, on i Michael su 2016. zapo\u010deli \"avanturisti\u010dki\" Quotenbulle.\n<\/p><\/div><\/div><\/div><div id=\"pgc-44723-1-1\"  class=\"panel-grid-cell\" ><div id=\"panel-44723-1-1-0\" class=\"so-panel widget widget_media_image panel-first-child\" data-index=\"3\" ><img loading=\"lazy\" decoding=\"async\" width=\"1162\" height=\"1732\" src=\"https:\/\/www.quotenbulle.de\/wp-content\/uploads\/qb\/about us\/Michael.JPG\" class=\"image wp-image-20482  attachment-full size-full\" alt=\"\" style=\"max-width: 100%; height: auto;\" \/><\/div><div id=\"panel-44723-1-1-1\" class=\"widget_text so-panel widget widget_custom_html panel-last-child\" data-index=\"4\" ><div class=\"textwidget custom-html-widget\"><h3>Michael<\/h3>\n<p style=\"margin-bottom: 0.5em; text-align: justify;\">\nOsniva\u010d i izvr\u0161ni direktor. Osnovao Quotenbulle zajedno s Torstenom 2016 godine.\n<\/p><\/div><\/div><\/div><div id=\"pgc-44723-1-2\"  class=\"panel-grid-cell\" ><div id=\"panel-44723-1-2-0\" class=\"so-panel widget widget_media_image panel-first-child\" data-index=\"5\" ><img loading=\"lazy\" decoding=\"async\" width=\"1172\" height=\"1733\" src=\"https:\/\/www.quotenbulle.de\/wp-content\/uploads\/qb\/about us\/Simon.JPG\" class=\"image wp-image-20483  attachment-full size-full\" alt=\"\" style=\"max-width: 100%; height: auto;\" \/><\/div><div id=\"panel-44723-1-2-1\" class=\"widget_text so-panel widget widget_custom_html panel-last-child\" data-index=\"6\" ><div class=\"textwidget custom-html-widget\"><h3>Simon<\/h3>\n<p style=\"margin-bottom: 0.5em; text-align: justify;\">\n\u010covjek s brojevima u Quota Bulle timu. Sve \u0161to ima veze s dragim financijama prije ili kasnije \u0107e pro\u0107i kroz njegove ruke.<\/p><\/div><\/div><\/div><\/div><div id=\"pg-44723-2\"  class=\"panel-grid panel-no-style\" ><div id=\"pgc-44723-2-0\"  class=\"panel-grid-cell\" ><div id=\"panel-44723-2-0-0\" class=\"so-panel widget widget_media_image panel-first-child\" data-index=\"7\" ><img loading=\"lazy\" decoding=\"async\" width=\"1172\" height=\"1733\" src=\"https:\/\/www.quotenbulle.de\/wp-content\/uploads\/qb\/about us\/Daniel.JPG\" class=\"image wp-image-20497  attachment-full size-full\" alt=\"\" style=\"max-width: 100%; height: auto;\" \/><\/div><div id=\"panel-44723-2-0-1\" class=\"widget_text so-panel widget widget_custom_html panel-last-child\" data-index=\"8\" ><div class=\"textwidget custom-html-widget\"><h3>Daniel<\/h3>\n<p style=\"margin-bottom: 0.5em; text-align: justify;\">\nNa\u0161 IT \u0161treber. Daniel alias \"Schnubbi\" osigurava da stranica radi glatko. Te\u010dno govori JavaScript, HTML, PHP i malo francuski.\n<\/p><\/div><\/div><\/div><div id=\"pgc-44723-2-1\"  class=\"panel-grid-cell\" ><div id=\"panel-44723-2-1-0\" class=\"so-panel widget widget_media_image panel-first-child\" data-index=\"9\" ><img loading=\"lazy\" decoding=\"async\" width=\"1172\" height=\"1733\" src=\"https:\/\/www.quotenbulle.de\/wp-content\/uploads\/qb\/about us\/kathi.JPG\" class=\"image wp-image-20484  attachment-full size-full\" alt=\"\" style=\"max-width: 100%; height: auto;\" \/><\/div><div id=\"panel-44723-2-1-1\" class=\"widget_text so-panel widget widget_custom_html panel-last-child\" data-index=\"10\" ><div class=\"textwidget custom-html-widget\"><h3>Kathi<\/h3>\n<p style=\"margin-bottom: 0.5em; text-align: justify;\">\nSkriptiranje i podr\u0161ka. Kathi pru\u017ea razumljive tekstove i detaljne opise. Osim toga, strastveno odgovara na zahtjeve za podr\u0161ku.\n<\/p><\/div><\/div><\/div><div id=\"pgc-44723-2-2\"  class=\"panel-grid-cell\" ><div id=\"panel-44723-2-2-0\" class=\"so-panel widget widget_media_image panel-first-child\" data-index=\"11\" ><img loading=\"lazy\" decoding=\"async\" width=\"1166\" height=\"1733\" src=\"https:\/\/www.quotenbulle.de\/wp-content\/uploads\/qb\/about us\/Marie.JPG\" class=\"image wp-image-20498  attachment-full size-full\" alt=\"\" style=\"max-width: 100%; height: auto;\" \/><\/div><div id=\"panel-44723-2-2-1\" class=\"widget_text so-panel widget widget_custom_html panel-last-child\" data-index=\"12\" ><div class=\"textwidget custom-html-widget\"><h3>Marie<\/h3>\n<p style=\"margin-bottom: 0.5em; text-align: justify;\">\n\u010cvrsto se dr\u017ei marketinga i dru\u0161tvenih medija. #sve oko kanala dru\u0161tvenih medija #instagram #facebook #hashtag\n<\/p><\/div><\/div><\/div><\/div><div id=\"pg-44723-3\"  class=\"panel-grid panel-no-style\" ><div id=\"pgc-44723-3-0\"  class=\"panel-grid-cell\" ><div id=\"panel-44723-3-0-0\" class=\"so-panel widget widget_media_image panel-first-child\" data-index=\"13\" ><img loading=\"lazy\" decoding=\"async\" width=\"1166\" height=\"1733\" src=\"https:\/\/www.quotenbulle.de\/wp-content\/uploads\/qb\/about us\/jan_markus.JPG\" class=\"image wp-image-24893  attachment-full size-full\" alt=\"\" style=\"max-width: 100%; height: auto;\" srcset=\"https:\/\/www.quotenbulle.de\/wp-content\/uploads\/qb\/about%20us\/jan_markus.JPG 1166w, https:\/\/www.quotenbulle.de\/wp-content\/uploads\/qb\/about%20us\/jan_markus-202x300.jpg 202w, https:\/\/www.quotenbulle.de\/wp-content\/uploads\/qb\/about%20us\/jan_markus-768x1141.jpg 768w\" sizes=\"(max-width: 1166px) 100vw, 1166px\" \/><\/div><div id=\"panel-44723-3-0-1\" class=\"widget_text so-panel widget widget_custom_html panel-last-child\" data-index=\"14\" ><div class=\"textwidget custom-html-widget\">\t<h3>Jan-Markus<\/h3>\n<p style=\"margin-bottom: 0.5em; text-align: justify;\">\nNe Jan, ne Markus, JAN-MARKUS. Pomalo od \"Katice za sve\".\n<\/p><\/div><\/div><\/div><div id=\"pgc-44723-3-1\"  class=\"panel-grid-cell panel-grid-cell-mobile-last\" ><div id=\"panel-44723-3-1-0\" class=\"so-panel widget widget_media_image panel-first-child\" data-index=\"15\" ><img loading=\"lazy\" decoding=\"async\" width=\"1172\" height=\"1733\" src=\"https:\/\/www.quotenbulle.de\/wp-content\/uploads\/qb\/about us\/Leo.JPG\" class=\"image wp-image-20485  attachment-full size-full\" alt=\"\" style=\"max-width: 100%; height: auto;\" \/><\/div><div id=\"panel-44723-3-1-1\" class=\"widget_text so-panel widget widget_custom_html panel-last-child\" data-index=\"16\" ><div class=\"textwidget custom-html-widget\">\t<h3>Leo<\/h3>\n<p style=\"margin-bottom: 0.5em; text-align: justify;\">\nZaposlenik mjeseca. Mo\u017ee \"sjesti\", \"dolje\" i trenutno radi na \"ulozi\".<\/p><\/div><\/div><\/div><div id=\"pgc-44723-3-2\"  class=\"panel-grid-cell panel-grid-cell-empty\" ><\/div><\/div><\/div>","protected":false},"excerpt":{"rendered":"Quotenbulle tim Pozdrav! Ono \u0161to je u rujnu 2016. Nastalo kao ideja iz izgubljenog listi\u0107a je ono \u0161to danas s ponosom mo\u017eemo nazvati koeficijentom. U po\u010detku je zapo\u010deo s timom od dvoje, Quotenbulle tim sada ima osam ambicioznih zaposlenika. Kao stru\u010dnjak u svom podru\u010dju, svatko od nas radi sa stra\u0161\u0107u i stra\u0161\u0107u kako bismo svojim \u010dlanovima omogu\u0107ili sigurnu zaradu kroz koordinirane oklade. Torsten Osniva\u010d i izvr\u0161ni direktor. Na temelju ambiciozne ideje, on i Michael su 2016. zapo\u010deli &#8220;avanturisti\u010dki&#8221; Quotenbulle. Michael&hellip;","protected":false},"author":42,"featured_media":0,"parent":0,"menu_order":0,"comment_status":"closed","ping_status":"closed","template":"","meta":{"footnotes":""},"yoast_head":"<!-- This site is optimized with the Yoast SEO plugin v22.5 - https:\/\/yoast.com\/wordpress\/plugins\/seo\/ -->\n<title>Quotenbulle - O nama<\/title>\n<meta name=\"robots\" content=\"index, follow, max-snippet:-1, max-image-preview:large, max-video-preview:-1\" \/>\n<link rel=\"canonical\" href=\"https:\/\/www.quotenbulle.de\/hr\/ueber-uns\/\" \/>\n<meta property=\"og:locale\" content=\"hr_HR\" \/>\n<meta property=\"og:type\" content=\"article\" \/>\n<meta property=\"og:title\" content=\"Quotenbulle - O nama\" \/>\n<meta property=\"og:description\" content=\"Quotenbulle tim Pozdrav! Ono \u0161to je u rujnu 2016. Nastalo kao ideja iz izgubljenog listi\u0107a je ono \u0161to danas s ponosom mo\u017eemo nazvati koeficijentom. U po\u010detku je zapo\u010deo s timom od dvoje, Quotenbulle tim sada ima osam ambicioznih zaposlenika. Kao stru\u010dnjak u svom podru\u010dju, svatko od nas radi sa stra\u0161\u0107u i stra\u0161\u0107u kako bismo svojim \u010dlanovima omogu\u0107ili sigurnu zaradu kroz koordinirane oklade. Torsten Osniva\u010d i izvr\u0161ni direktor. Na temelju ambiciozne ideje, on i Michael su 2016. zapo\u010deli &quot;avanturisti\u010dki&quot; Quotenbulle. Michael&hellip;\" \/>\n<meta property=\"og:url\" content=\"https:\/\/www.quotenbulle.de\/hr\/ueber-uns\/\" \/>\n<meta property=\"og:site_name\" content=\"Quotenbulle\" \/>\n<meta property=\"article:publisher\" content=\"https:\/\/www.facebook.com\/quotenbulle\/\" \/>\n<meta property=\"article:modified_time\" content=\"2022-03-14T10:13:30+00:00\" \/>\n<meta property=\"og:image\" content=\"https:\/\/www.quotenbulle.de\/wp-content\/uploads\/logo_banner_450.png\" \/>\n\t<meta property=\"og:image:width\" content=\"1\" \/>\n\t<meta property=\"og:image:height\" content=\"1\" \/>\n\t<meta property=\"og:image:type\" content=\"image\/png\" \/>\n<meta name=\"twitter:label1\" content=\"Procijenjeno vrijeme \u010ditanja\" \/>\n\t<meta name=\"twitter:data1\" content=\"1 minuta\" \/>\n<script type=\"application\/ld+json\" class=\"yoast-schema-graph\">{\"@context\":\"https:\/\/schema.org\",\"@graph\":[{\"@type\":\"WebPage\",\"@id\":\"https:\/\/www.quotenbulle.de\/hr\/ueber-uns\/\",\"url\":\"https:\/\/www.quotenbulle.de\/hr\/ueber-uns\/\",\"name\":\"Quotenbulle - O nama\",\"isPartOf\":{\"@id\":\"https:\/\/www.quotenbulle.de\/hr\/#website\"},\"datePublished\":\"2021-08-11T13:37:52+00:00\",\"dateModified\":\"2022-03-14T10:13:30+00:00\",\"breadcrumb\":{\"@id\":\"https:\/\/www.quotenbulle.de\/hr\/ueber-uns\/#breadcrumb\"},\"inLanguage\":\"hr\",\"potentialAction\":[{\"@type\":\"ReadAction\",\"target\":[\"https:\/\/www.quotenbulle.de\/hr\/ueber-uns\/\"]}]},{\"@type\":\"BreadcrumbList\",\"@id\":\"https:\/\/www.quotenbulle.de\/hr\/ueber-uns\/#breadcrumb\",\"itemListElement\":[{\"@type\":\"ListItem\",\"position\":1,\"name\":\"Startseite\",\"item\":\"https:\/\/www.quotenbulle.de\/hr\/\"},{\"@type\":\"ListItem\",\"position\":2,\"name\":\"O nama\"}]},{\"@type\":\"WebSite\",\"@id\":\"https:\/\/www.quotenbulle.de\/hr\/#website\",\"url\":\"https:\/\/www.quotenbulle.de\/hr\/\",\"name\":\"Quotenbulle\",\"description\":\"Dein Weg zum sicheren Wettgewinn\",\"publisher\":{\"@id\":\"https:\/\/www.quotenbulle.de\/hr\/#organization\"},\"potentialAction\":[{\"@type\":\"SearchAction\",\"target\":{\"@type\":\"EntryPoint\",\"urlTemplate\":\"https:\/\/www.quotenbulle.de\/hr\/?s={search_term_string}\"},\"query-input\":\"required name=search_term_string\"}],\"inLanguage\":\"hr\"},{\"@type\":\"Organization\",\"@id\":\"https:\/\/www.quotenbulle.de\/hr\/#organization\",\"name\":\"Quotenbulle UG\",\"url\":\"https:\/\/www.quotenbulle.de\/hr\/\",\"logo\":{\"@type\":\"ImageObject\",\"inLanguage\":\"hr\",\"@id\":\"https:\/\/www.quotenbulle.de\/hr\/#\/schema\/logo\/image\/\",\"url\":\"https:\/\/www.quotenbulle.de\/wp-content\/uploads\/logo_banner_450.png\",\"contentUrl\":\"https:\/\/www.quotenbulle.de\/wp-content\/uploads\/logo_banner_450.png\",\"width\":1,\"height\":1,\"caption\":\"Quotenbulle UG\"},\"image\":{\"@id\":\"https:\/\/www.quotenbulle.de\/hr\/#\/schema\/logo\/image\/\"},\"sameAs\":[\"https:\/\/www.facebook.com\/quotenbulle\/\",\"https:\/\/www.instagram.com\/quotenbulle\/\",\"https:\/\/www.youtube.com\/channel\/UC9ZXt_Tcm7SdNbtkRGBWJ0A\"]}]}<\/script>\n<!-- \/ Yoast SEO plugin. -->","yoast_head_json":{"title":"Quotenbulle - O nama","robots":{"index":"index","follow":"follow","max-snippet":"max-snippet:-1","max-image-preview":"max-image-preview:large","max-video-preview":"max-video-preview:-1"},"canonical":"https:\/\/www.quotenbulle.de\/hr\/ueber-uns\/","og_locale":"hr_HR","og_type":"article","og_title":"Quotenbulle - O nama","og_description":"Quotenbulle tim Pozdrav! Ono \u0161to je u rujnu 2016. Nastalo kao ideja iz izgubljenog listi\u0107a je ono \u0161to danas s ponosom mo\u017eemo nazvati koeficijentom. U po\u010detku je zapo\u010deo s timom od dvoje, Quotenbulle tim sada ima osam ambicioznih zaposlenika. Kao stru\u010dnjak u svom podru\u010dju, svatko od nas radi sa stra\u0161\u0107u i stra\u0161\u0107u kako bismo svojim \u010dlanovima omogu\u0107ili sigurnu zaradu kroz koordinirane oklade. Torsten Osniva\u010d i izvr\u0161ni direktor. Na temelju ambiciozne ideje, on i Michael su 2016. zapo\u010deli \"avanturisti\u010dki\" Quotenbulle. Michael&hellip;","og_url":"https:\/\/www.quotenbulle.de\/hr\/ueber-uns\/","og_site_name":"Quotenbulle","article_publisher":"https:\/\/www.facebook.com\/quotenbulle\/","article_modified_time":"2022-03-14T10:13:30+00:00","og_image":[{"url":"https:\/\/www.quotenbulle.de\/wp-content\/uploads\/logo_banner_450.png","width":1,"height":1,"type":"image\/png"}],"twitter_misc":{"Procijenjeno vrijeme \u010ditanja":"1 minuta"},"schema":{"@context":"https:\/\/schema.org","@graph":[{"@type":"WebPage","@id":"https:\/\/www.quotenbulle.de\/hr\/ueber-uns\/","url":"https:\/\/www.quotenbulle.de\/hr\/ueber-uns\/","name":"Quotenbulle - O nama","isPartOf":{"@id":"https:\/\/www.quotenbulle.de\/hr\/#website"},"datePublished":"2021-08-11T13:37:52+00:00","dateModified":"2022-03-14T10:13:30+00:00","breadcrumb":{"@id":"https:\/\/www.quotenbulle.de\/hr\/ueber-uns\/#breadcrumb"},"inLanguage":"hr","potentialAction":[{"@type":"ReadAction","target":["https:\/\/www.quotenbulle.de\/hr\/ueber-uns\/"]}]},{"@type":"BreadcrumbList","@id":"https:\/\/www.quotenbulle.de\/hr\/ueber-uns\/#breadcrumb","itemListElement":[{"@type":"ListItem","position":1,"name":"Startseite","item":"https:\/\/www.quotenbulle.de\/hr\/"},{"@type":"ListItem","position":2,"name":"O nama"}]},{"@type":"WebSite","@id":"https:\/\/www.quotenbulle.de\/hr\/#website","url":"https:\/\/www.quotenbulle.de\/hr\/","name":"Quotenbulle","description":"Dein Weg zum sicheren Wettgewinn","publisher":{"@id":"https:\/\/www.quotenbulle.de\/hr\/#organization"},"potentialAction":[{"@type":"SearchAction","target":{"@type":"EntryPoint","urlTemplate":"https:\/\/www.quotenbulle.de\/hr\/?s={search_term_string}"},"query-input":"required name=search_term_string"}],"inLanguage":"hr"},{"@type":"Organization","@id":"https:\/\/www.quotenbulle.de\/hr\/#organization","name":"Quotenbulle UG","url":"https:\/\/www.quotenbulle.de\/hr\/","logo":{"@type":"ImageObject","inLanguage":"hr","@id":"https:\/\/www.quotenbulle.de\/hr\/#\/schema\/logo\/image\/","url":"https:\/\/www.quotenbulle.de\/wp-content\/uploads\/logo_banner_450.png","contentUrl":"https:\/\/www.quotenbulle.de\/wp-content\/uploads\/logo_banner_450.png","width":1,"height":1,"caption":"Quotenbulle UG"},"image":{"@id":"https:\/\/www.quotenbulle.de\/hr\/#\/schema\/logo\/image\/"},"sameAs":["https:\/\/www.facebook.com\/quotenbulle\/","https:\/\/www.instagram.com\/quotenbulle\/","https:\/\/www.youtube.com\/channel\/UC9ZXt_Tcm7SdNbtkRGBWJ0A"]}]}},"_links":{"self":[{"href":"https:\/\/www.quotenbulle.de\/hr\/wp-json\/wp\/v2\/pages\/44723"}],"collection":[{"href":"https:\/\/www.quotenbulle.de\/hr\/wp-json\/wp\/v2\/pages"}],"about":[{"href":"https:\/\/www.quotenbulle.de\/hr\/wp-json\/wp\/v2\/types\/page"}],"author":[{"embeddable":true,"href":"https:\/\/www.quotenbulle.de\/hr\/wp-json\/wp\/v2\/users\/42"}],"replies":[{"embeddable":true,"href":"https:\/\/www.quotenbulle.de\/hr\/wp-json\/wp\/v2\/comments?post=44723"}],"version-history":[{"count":0,"href":"https:\/\/www.quotenbulle.de\/hr\/wp-json\/wp\/v2\/pages\/44723\/revisions"}],"wp:attachment":[{"href":"https:\/\/www.quotenbulle.de\/hr\/wp-json\/wp\/v2\/media?parent=44723"}],"curies":[{"name":"wp","href":"https:\/\/api.w.org\/{rel}","templated":true}]}}